{"id":20534,"date":"2025-08-12T12:09:09","date_gmt":"2025-08-12T10:09:09","guid":{"rendered":"https:\/\/thrillsyndicate.com\/shop\/zippey-floating-handlebar-for-zippey-clipnzip-trolleys\/"},"modified":"2025-08-24T16:02:46","modified_gmt":"2025-08-24T14:02:46","slug":"zippey-floating-handlebar-for-zippey-clipnzip-trolleys","status":"publish","type":"product","link":"https:\/\/thrillsyndicate.com\/de\/product\/zippey-floating-handlebar-for-zippey-clipnzip-trolleys\/","title":{"rendered":"Zippey Floating Handlebar f\u00fcr Zippey Clip&#8217;n&#8217;Zip Seilrollen"},"content":{"rendered":"<p>Erweitern Sie Ihren Abenteuerparcours mit dem Zippey Floating Handlebar, dem ultimativen Upgrade f\u00fcr kompatible Clip-and-Go Seilrollen. Dieser Lenker wurde speziell f\u00fcr die Anforderungen der professionellen Abenteuer- und Vergn\u00fcgungsindustrie entwickelt und sorgt f\u00fcr ein neues Benutzererlebnis, indem er \u00fcberlegene Stabilit\u00e4t, Kontrolle und Engagement bietet. Sein intelligentes Design konzentriert sich auf die Verbesserung der K\u00f6rperhaltung des Fahrers und die Vereinfachung von Landungen, was ihn zu einer unverzichtbaren Komponente f\u00fcr jede Seilbahn mit hohem Durchsatz macht.  <\/p>\n<h2>Un\u00fcbertroffene Benutzerfreundlichkeit und Sicherheit<\/h2>\n<p><b>Perfekte Ausrichtung des Fahrers<\/b> Der Zippey Floating Lenker ist so konstruiert, dass der Fahrer w\u00e4hrend der gesamten Fahrt nach vorne schaut. Dieses ergonomische Design erh\u00f6ht nicht nur den Nervenkitzel der Fahrt, indem es eine ungehinderte Sicht bietet, sondern verbessert auch die Sicherheit erheblich. Der Zippey Floating Handlebar verhindert das Drehen des Lenkers und sorgt daf\u00fcr, dass die Teilnehmer korrekt positioniert sind, um sanft und vorhersehbar auf der Landeplattform zu landen, wodurch das Risiko einer ung\u00fcnstigen oder unsicheren Landung verringert wird.  <\/p>\n<p><b>Steigern Sie das Selbstvertrauen und den Durchsatz des Fahrers<\/b> Ein selbstbewusster Fahrer ist ein gl\u00fccklicher Fahrer. Der intuitive Griff und das stabile Gef\u00fchl des Lenkers geben dem Fahrer ein besseres Gef\u00fchl der Kontrolle, wodurch er weniger Angst hat und mehr Spa\u00df hat. F\u00fcr die Betreiber bedeutet dies schnellere Zykluszeiten und einen h\u00f6heren Durchsatz. Wenn sich die Benutzer selbstsicher in den Landebereich begeben k\u00f6nnen, k\u00f6nnen die Mitarbeiter die Transfers effizienter durchf\u00fchren, so dass Ihre Linien in Bewegung bleiben und Ihre Kunden begeistert sind.   <\/p>\n<h2>Entwickelt f\u00fcr nahtlose Integration und Vielseitigkeit<\/h2>\n<p><b>M\u00fchelose Nachr\u00fcstung vor Ort<\/b> Ausfallzeiten sind kostspielig. Deshalb ist dieser Lenker f\u00fcr eine unglaublich einfache Installation vor Ort konzipiert. Mit Standardwerkzeugen kann Ihr Team Ihre gesamte Flotte kompatibler Seilrollen schnell und effizient nachr\u00fcsten. Dieses problemlose Upgrade bedeutet, dass Sie die Sicherheit und das Benutzererlebnis in Ihrem Betrieb ohne nennenswerte Unterbrechung Ihres Tagesgesch\u00e4fts verbessern k\u00f6nnen.  <\/p>\n<p><b>Vielseitiger zentraler Anschlusspunkt<\/b> Ein verf\u00fcgbares Modell verf\u00fcgt \u00fcber einen robusten zentralen Poller, der Ihre Einrichtung um eine entscheidende Ebene der Vielseitigkeit erweitert. Dieser integrierte Anschlusspunkt ist f\u00fcr die sichere Aufnahme eines <span class=\"math-inline\"><span class=\"katex\"><span class=\"katex-html\" aria-hidden=\"true\"><span class=\"base\"><span class=\"mord\">25<\/span><span class=\"mord text\"><span class=\"mord\"> mm<\/span><\/span><\/span><\/span><\/span><\/span> (<span class=\"math-inline\"><span class=\"katex\"><span class=\"katex-html\" aria-hidden=\"true\"><span class=\"base\"><span class=\"mord\">1<\/span><span class=\"mord text\"><span class=\"mord\">&#8222;<\/span><\/span><\/span><\/span><\/span><\/span>) Gurtband oder Verbindungsmittel sowie Standard-Karabinerverbindungen. Dies erm\u00f6glicht sekund\u00e4re oder prim\u00e4re Befestigungen und bietet dem Bediener flexible Befestigungsm\u00f6glichkeiten, um verschiedene Sicherheitsprotokolle und betriebliche Anforderungen zu erf\u00fcllen.  <\/p>\n<h2>Technische Daten<\/h2>\n<ul>\n<li><b>Gewicht<\/b>: <span class=\"math-inline\"><span class=\"katex\"><span class=\"katex-html\" aria-hidden=\"true\"><span class=\"base\"><span class=\"mord\">300<\/span><span class=\"mord text\"><span class=\"mord\"> g<\/span><\/span><\/span><\/span><\/span><\/span> (<span class=\"math-inline\"><span class=\"katex\"><span class=\"katex-html\" aria-hidden=\"true\"><span class=\"base\"><span class=\"mord\">10.6<\/span><span class=\"mord text\"><span class=\"mord\"> oz<\/span><\/span><\/span><\/span><\/span><\/span>)<\/li>\n<li><b>H\u00f6he<\/b>: <span class=\"math-inline\"><span class=\"katex\"><span class=\"katex-html\" aria-hidden=\"true\"><span class=\"base\"><span class=\"mord\">95<\/span><span class=\"mord text\"><span class=\"mord\"> mm<\/span><\/span><\/span><\/span><\/span><\/span> (<span class=\"math-inline\"><span class=\"katex\"><span class=\"katex-html\" aria-hidden=\"true\"><span class=\"base\"><span class=\"mord\">3.7<\/span><span class=\"mord text\"><span class=\"mord\">&#8222;<\/span><\/span><\/span><\/span><\/span><\/span>)<\/li>\n<li><b>Breite<\/b>: <span class=\"math-inline\"><span class=\"katex\"><span class=\"katex-html\" aria-hidden=\"true\"><span class=\"base\"><span class=\"mord\">147<\/span><span class=\"mord text\"><span class=\"mord\"> mm<\/span><\/span><\/span><\/span><\/span><\/span> (<span class=\"math-inline\"><span class=\"katex\"><span class=\"katex-html\" aria-hidden=\"true\"><span class=\"base\"><span class=\"mord\">5.8<\/span><span class=\"mord text\"><span class=\"mord\">&#8222;<\/span><\/span><\/span><\/span><\/span><\/span>)<\/li>\n<li><b>Verbindungspunkt:<\/b> Akzeptiert <span class=\"math-inline\"><span class=\"katex\"><span class=\"katex-html\" aria-hidden=\"true\"><span class=\"base\"><span class=\"mord\">25<\/span><span class=\"mord text\"><span class=\"mord\"> mm<\/span><\/span><\/span><\/span><\/span><\/span> (<span class=\"math-inline\"><span class=\"katex\"><span class=\"katex-html\" aria-hidden=\"true\"><span class=\"base\"><span class=\"mord\">1<\/span><span class=\"mord text\"><span class=\"mord\">&#8222;<\/span><\/span><\/span><\/span><\/span><\/span>) Gurt\/Seilverbindungsmittel oder Karabiner<\/li>\n<\/ul>\n","protected":false},"excerpt":{"rendered":"<p>Verbessern Sie Ihr Seilbahn-Erlebnis mit dem <strong>Zippey Floating Handlebar<\/strong>, der f\u00fcr eine einfache Nachr\u00fcstung und verbesserte Kontrolle des Fahrers entwickelt wurde. Dieses unverzichtbare Zubeh\u00f6rteil sorgt daf\u00fcr, dass der Benutzer eine nach vorne gerichtete Position einnimmt, um besser einsteigen und sicherer landen zu k\u00f6nnen. <\/p>\n","protected":false},"featured_media":20501,"template":"","meta":{"_coblocks_attr":"","_coblocks_dimensions":"","_coblocks_responsive_height":"","_coblocks_accordion_ie_support":"","wds_primary_product_brand":0,"wds_primary_product_cat":0},"product_brand":[679],"product_cat":[492],"product_tag":[1093,684],"class_list":{"0":"post-20534","1":"product","2":"type-product","3":"status-publish","4":"has-post-thumbnail","6":"product_brand-isc-de","7":"product_cat-zipline-trolleys-de","8":"product_tag-griffstange","9":"product_tag-zipline-trolley-de-2","11":"first","12":"instock","13":"taxable","14":"shipping-taxable","15":"purchasable","16":"product-type-simple"},"_links":{"self":[{"href":"https:\/\/thrillsyndicate.com\/de\/wp-json\/wp\/v2\/product\/20534","targetHints":{"allow":["GET"]}}],"collection":[{"href":"https:\/\/thrillsyndicate.com\/de\/wp-json\/wp\/v2\/product"}],"about":[{"href":"https:\/\/thrillsyndicate.com\/de\/wp-json\/wp\/v2\/types\/product"}],"wp:featuredmedia":[{"embeddable":true,"href":"https:\/\/thrillsyndicate.com\/de\/wp-json\/wp\/v2\/media\/20501"}],"wp:attachment":[{"href":"https:\/\/thrillsyndicate.com\/de\/wp-json\/wp\/v2\/media?parent=20534"}],"wp:term":[{"taxonomy":"product_brand","embeddable":true,"href":"https:\/\/thrillsyndicate.com\/de\/wp-json\/wp\/v2\/product_brand?post=20534"},{"taxonomy":"product_cat","embeddable":true,"href":"https:\/\/thrillsyndicate.com\/de\/wp-json\/wp\/v2\/product_cat?post=20534"},{"taxonomy":"product_tag","embeddable":true,"href":"https:\/\/thrillsyndicate.com\/de\/wp-json\/wp\/v2\/product_tag?post=20534"}],"curies":[{"name":"wp","href":"https:\/\/api.w.org\/{rel}","templated":true}]}}