{"id":20552,"date":"2024-04-12T15:46:27","date_gmt":"2024-04-12T13:46:27","guid":{"rendered":"https:\/\/thrillsyndicate.com\/shop\/screw-link-carabiner-10mm\/"},"modified":"2024-04-12T15:46:27","modified_gmt":"2024-04-12T13:46:27","slug":"screw-link-carabiner-10mm","status":"publish","type":"product","link":"https:\/\/thrillsyndicate.com\/de\/product\/screw-link-carabiner-10mm\/","title":{"rendered":"Quick Link Oval Karabiner 10mm"},"content":{"rendered":"<p data-sourcepos=\"17:1-17:461\">F\u00fcr professionelle Anwender in der Industrie, Rettungsteams und alle, die in kritischen Situationen Wert auf h\u00f6chste Sicherheit legen, ist dieses Oval Maillon Rapide \/ Quick Link<strong> (10mm<\/strong> ) die perfekte Wahl. Es ist aus hochfestem Stahl gefertigt und bietet eine un\u00fcbertroffene Haltbarkeit und eine Bruchfestigkeit von 55 kN auf der Hauptachse. Der sichere Schraubverschluss sorgt f\u00fcr eine zuverl\u00e4ssige Verriegelung, auch unter schweren Lasten, und macht ihn zu einer zuverl\u00e4ssigen L\u00f6sung f\u00fcr verschiedene Anwendungen.  <\/p>\n<h2 data-sourcepos=\"19:1-19:69\">Unerreichte St\u00e4rke, sichere Verbindungen:<\/h2>\n<ul data-sourcepos=\"21:1-24:0\">\n<li data-sourcepos=\"21:1-21:204\"><strong>Au\u00dfergew\u00f6hnliche St\u00e4rke und Langlebigkeit:<\/strong> Dieser aus hochwertigem Stahl gefertigte Schraubkarabiner verf\u00fcgt \u00fcber eine beeindruckende Bruchfestigkeit (55 kN) und ist damit ideal f\u00fcr den harten Einsatz und kritische Belastungen.<\/li>\n<li data-sourcepos=\"22:1-22:181\"><strong>Sicherer Schraubverschluss:<\/strong> Der Schraubverschluss bietet einen zuverl\u00e4ssigen Verriegelungsmechanismus, der ein versehentliches \u00d6ffnen verhindert und daf\u00fcr sorgt, dass die Verbindungen in kritischen Situationen sicher bleiben.<\/li>\n<li data-sourcepos=\"23:1-24:0\"><strong>Zertifiziert f\u00fcr Sicherheit:<\/strong> Dieser Karabiner ist nach EN 12275 und EN 362 zertifiziert, was die Einhaltung der h\u00f6chsten Sicherheitsstandards f\u00fcr den professionellen Einsatz in PSA-Systemen garantiert.<\/li>\n<\/ul>\n<h2 data-sourcepos=\"25:1-25:81\">Gebaut, um den h\u00e4rtesten Bedingungen standzuhalten:<\/h2>\n<ul data-sourcepos=\"27:1-30:0\">\n<li data-sourcepos=\"27:1-27:116\"><strong>Gro\u00dfe Tor\u00f6ffnung (Schraubgewinde):<\/strong> Erm\u00f6glicht den einfachen Anschluss von Seilen, Schlingen und Gurtb\u00e4ndern verschiedener Gr\u00f6\u00dfen.<\/li>\n<li data-sourcepos=\"28:1-28:115\"><strong>Zertifizierte Stahlkonstruktion:<\/strong> Sorgt f\u00fcr au\u00dfergew\u00f6hnliche Haltbarkeit und zuverl\u00e4ssige Leistung in rauen Umgebungen.<\/li>\n<li data-sourcepos=\"29:1-30:0\"><strong>Kompaktes und leichtes Design (137 g):<\/strong> Bietet au\u00dfergew\u00f6hnliche St\u00e4rke f\u00fcr anspruchsvolle Aufgaben und minimiert gleichzeitig das Gewicht f\u00fcr optimale Tragbarkeit.<\/li>\n<\/ul>\n<h2 data-sourcepos=\"31:1-31:97\">Stahl Maillon Rapide \/ Quick Link Karabiner &#8211; Technische Details (10mm):<\/h2>\n<ul data-sourcepos=\"33:1-43:23\">\n<li data-sourcepos=\"33:1-33:15\">Gewicht: 137 g<\/li>\n<li data-sourcepos=\"34:1-34:17\">Material: Stahl<\/li>\n<li data-sourcepos=\"35:1-35:16\">Verschluss: Schraube<\/li>\n<li data-sourcepos=\"36:1-36:23\">Karabiner Form: Oval<\/li>\n<li data-sourcepos=\"37:1-37:14\">Breite: 45 mm<\/li>\n<li data-sourcepos=\"38:1-38:15\">L\u00e4nge: 90 mm<\/li>\n<li data-sourcepos=\"39:1-39:25\">Fmax. Hauptachse: 55 kN<\/li>\n<li data-sourcepos=\"40:1-40:25\">Fmax. Nebenachse: 10 kN<\/li>\n<li data-sourcepos=\"41:1-41:19\">Fmax. offen: 35 kN<\/li>\n<li data-sourcepos=\"42:1-42:25\">Zertifizierung: EN 12275<\/li>\n<li data-sourcepos=\"43:1-43:23\">Zertifizierung: EN 362<\/li>\n<\/ul>\n<h3>\ud83d\udc49 Sie suchen einen bestimmten Edelrid-Artikel, der nicht im Shop gelistet ist? Wir vertreiben das komplette Portfolio f\u00fcr Abenteuer, Sport und Sicherheit. Bitte <strong><a href=\"https:\/\/thrillsyndicate.com\/de\/kontakt\/\">senden Sie<\/a><\/strong> uns eine E-Mail oder sehen Sie sich die vollst\u00e4ndige <strong><a href=\"https:\/\/thrillsyndicate.com\/de\/edelrid-sicherheit-preisliste-2024\/\">Sicherheitspreisliste hier<\/a><\/strong>. \ud83d\udc48<\/h3>\n","protected":false},"excerpt":{"rendered":"<p>Dieser Schnellverschlusskarabiner (10 mm) aus <strong>hochbelastbarem<\/strong> Stahl verf\u00fcgt \u00fcber eine <strong>au\u00dfergew\u00f6hnliche Festigkeit (55 kN)<\/strong> und einen <strong>sicheren Schraubverschluss<\/strong>. Er ist f\u00fcr die Sicherheit zertifiziert und eignet sich ideal f\u00fcr professionelle Anwendungen in PSA-Systemen, Rettungseins\u00e4tzen und anspruchsvollen Umgebungen, die maximale Sicherheit erfordern. <\/p>\n","protected":false},"featured_media":15091,"template":"","meta":{"_coblocks_attr":"","_coblocks_dimensions":"","_coblocks_responsive_height":"","_coblocks_accordion_ie_support":"","wds_primary_product_brand":0,"wds_primary_product_cat":0},"product_brand":[663],"product_cat":[893,894,546,498],"product_tag":[638,1055,1054,548,895],"class_list":{"0":"post-20552","1":"product","2":"type-product","3":"status-publish","4":"has-post-thumbnail","6":"product_brand-thrill-syndicate-de","7":"product_cat-karabiner","8":"product_cat-verbindungselemente","9":"product_cat-verbindungsmittel-lanyards-wirbel","10":"product_cat-zipstop-zubehor","11":"product_tag-karabiner","12":"product_tag-maillon-rapide-de","13":"product_tag-schnell-link","14":"product_tag-verbinden","15":"product_tag-verriegelbarer-karabinerhaken","17":"first","18":"instock","19":"taxable","20":"shipping-taxable","21":"purchasable","22":"product-type-simple"},"_links":{"self":[{"href":"https:\/\/thrillsyndicate.com\/de\/wp-json\/wp\/v2\/product\/20552","targetHints":{"allow":["GET"]}}],"collection":[{"href":"https:\/\/thrillsyndicate.com\/de\/wp-json\/wp\/v2\/product"}],"about":[{"href":"https:\/\/thrillsyndicate.com\/de\/wp-json\/wp\/v2\/types\/product"}],"wp:featuredmedia":[{"embeddable":true,"href":"https:\/\/thrillsyndicate.com\/de\/wp-json\/wp\/v2\/media\/15091"}],"wp:attachment":[{"href":"https:\/\/thrillsyndicate.com\/de\/wp-json\/wp\/v2\/media?parent=20552"}],"wp:term":[{"taxonomy":"product_brand","embeddable":true,"href":"https:\/\/thrillsyndicate.com\/de\/wp-json\/wp\/v2\/product_brand?post=20552"},{"taxonomy":"product_cat","embeddable":true,"href":"https:\/\/thrillsyndicate.com\/de\/wp-json\/wp\/v2\/product_cat?post=20552"},{"taxonomy":"product_tag","embeddable":true,"href":"https:\/\/thrillsyndicate.com\/de\/wp-json\/wp\/v2\/product_tag?post=20552"}],"curies":[{"name":"wp","href":"https:\/\/api.w.org\/{rel}","templated":true}]}}