{"id":20564,"date":"2024-11-07T13:01:39","date_gmt":"2024-11-07T12:01:39","guid":{"rendered":"https:\/\/thrillsyndicate.com\/shop\/quick-link-pear-shape-carabiner-12mm\/"},"modified":"2024-11-07T13:01:39","modified_gmt":"2024-11-07T12:01:39","slug":"quick-link-pear-shape-carabiner-12mm","status":"publish","type":"product","link":"https:\/\/thrillsyndicate.com\/de\/product\/quick-link-pear-shape-carabiner-12mm\/","title":{"rendered":"Quick Link Birnenf\u00f6rmiger Karabiner 12mm"},"content":{"rendered":"<p>Der Maillon Rapide \/ Quick Link birnenf\u00f6rmige Karabiner 12mm ist ein Muss f\u00fcr Profis in der Abenteuer-, Outdoor- und Vergn\u00fcgungsbranche, die Wert auf sichere, hochfeste Verbindungen legen. Dieser Karabiner aus verzinktem Stahl in Birnenform bietet eine reibungslose, zuverl\u00e4ssige Verbindung, die sich ideal f\u00fcr die Verbindung von Sicherheitskomponenten eignet. Mit der PSA-Zertifizierung und einem Schraubverschluss bietet er eine hervorragende Sicherheit f\u00fcr Absturzsicherungen und seilunterst\u00fctzte Zugangssysteme, so dass Sie sich in hochbelasteten Umgebungen keine Sorgen machen m\u00fcssen.  <\/p>\n<hr>\n<h2>Wichtige Vorteile<\/h2>\n<h3>Hochfester Stahl f\u00fcr verl\u00e4ssliche Leistung<\/h3>\n<p>Der Quick Link Pear Shape Karabiner 12mm ist aus verzinktem Stahl gefertigt und bietet un\u00fcbertroffene St\u00e4rke und Haltbarkeit. Mit einer Mindestbruchkraft von 44kN ist er f\u00fcr anspruchsvolle Anwendungen geeignet, bei denen Sicherheit an erster Stelle steht. Dieser Karabiner h\u00e4lt schweren Lasten und rauen Bedingungen stand und sorgt f\u00fcr best\u00e4ndige Leistung, wenn es darauf ankommt.  <\/p>\n<h3>Zuverl\u00e4ssiger Verriegelungsmechanismus mit Schraubverschluss<\/h3>\n<p>Der sichere Schraubverschluss bietet einen zus\u00e4tzlichen Schutz und macht diesen Karabiner ideal f\u00fcr Situationen, in denen es zu Querbelastungen kommen kann. Im Gegensatz zu Standardkarabinern verhindert der Schraubverschluss ein versehentliches \u00d6ffnen und sorgt daf\u00fcr, dass jede Verbindung stabil und sicher bleibt. Dies macht ihn zu einer unverzichtbaren Wahl f\u00fcr Profis, die kompromisslose Sicherheit ben\u00f6tigen.  <\/p>\n<h3>PSA zertifiziert f\u00fcr Sicherheit und R\u00fcckverfolgbarkeit<\/h3>\n<p>Dieser Maillon Rapide \/ Quick Link Sch\u00e4kel ist nach den Normen EN 362 und EN 12275 f\u00fcr PSA zertifiziert und damit eine zuverl\u00e4ssige Wahl f\u00fcr Sicherheitsanwendungen. Jeder Karabiner ist mit einer eindeutigen, lasergravierten Identifikationsnummer auf der Verriegelungsmutter versehen, die eine R\u00fcckverfolgbarkeit und eine einfache Bestandsverwaltung f\u00fcr die Einhaltung der Sicherheitsausr\u00fcstung erm\u00f6glicht. <\/p>\n<hr>\n<h2>Produktspezifikationen und Vorteile<\/h2>\n<h3>Birnenform f\u00fcr reibungslose Multikomponenten-Verbindung<\/h3>\n<p>Die Birnenform des Karabiners erm\u00f6glicht es, mehrere Teile nahtlos miteinander zu verbinden und unterst\u00fctzt so reibungslose Verbindungen in komplexen Aufbauten. Dieses Designmerkmal ist besonders n\u00fctzlich f\u00fcr Anwendungen, bei denen eine sichere Verbindung zwischen mehreren Komponenten erforderlich ist, und erm\u00f6glicht eine vielseitige Verwendung. <\/p>\n<h3>Optimierte Tor\u00f6ffnung f\u00fcr vielseitige Anwendungen<\/h3>\n<p>Mit einer \u00d6ffnung von 23,5 mm bietet der Quick Link Karabiner Platz f\u00fcr eine Vielzahl von Komponenten und ist damit f\u00fcr den Einsatz in verschiedenen Umgebungen bestens geeignet. Diese gro\u00dfz\u00fcgige Schnapper\u00f6ffnung unterst\u00fctzt eine effiziente Einrichtung und sorgt gleichzeitig f\u00fcr sichere, zuverl\u00e4ssige Verbindungen zwischen verschiedenen Ausr\u00fcstungstypen. <\/p>\n<h3>Lasergravierte Nummer zur individuellen Identifizierung<\/h3>\n<p>Jeder Karabiner ist mit einer eindeutigen, werkseitig angebrachten Identifikationsnummer versehen, die Benutzern hilft, die Ausr\u00fcstung zur Einhaltung von Sicherheitsvorschriften zu verfolgen. Diese eindeutige Kennzeichnung ist von unsch\u00e4tzbarem Wert f\u00fcr Anwender, die eine R\u00fcckverfolgbarkeit und eine pr\u00e4zise Nachverfolgung der Sicherheitsausr\u00fcstung in professionellen Umgebungen ben\u00f6tigen. <\/p>\n<hr>\n<h2>Vollst\u00e4ndige Produktspezifikationen<\/h2>\n<ul>\n<li><strong>Material:<\/strong> Verzinkter Stahl<\/li>\n<li><strong>Gewicht:<\/strong> 0,321 kg<\/li>\n<li><strong>Gr\u00f6\u00dfe:<\/strong> Stange mit 12 mm Durchmesser, 144 mm Gesamtl\u00e4nge<\/li>\n<li><strong>Akkreditierung:<\/strong> EN 362, EN 12275<\/li>\n<li><strong>Kapazit\u00e4t:<\/strong> 880 kg<\/li>\n<li><strong>Tor\u00f6ffnung:<\/strong> 23,5 mm<\/li>\n<li><strong>Form:<\/strong> Birne<\/li>\n<li><strong>Verschlusstyp:<\/strong> Schraubverschluss<\/li>\n<li><strong>Mindest-Bruchfestigkeit:<\/strong> 44kN<\/li>\n<\/ul>\n","protected":false},"excerpt":{"rendered":"<p>Der Quick Link Pear Shape Karabiner 12mm bietet eine hochfeste Leistung mit einem langlebigen Stahldesign, ideal f\u00fcr Verbindungen in Absturzsicherungs- und Seilzugangssystemen. Ein sicherer Schraubverschluss und die PSA-Zertifizierung machen ihn zu einer zuverl\u00e4ssigen Wahl f\u00fcr Outdoor-Profis. <\/p>\n","protected":false},"featured_media":17646,"template":"","meta":{"_coblocks_attr":"","_coblocks_dimensions":"","_coblocks_responsive_height":"","_coblocks_accordion_ie_support":"","wds_primary_product_brand":0,"wds_primary_product_cat":0},"product_brand":[663],"product_cat":[893,545,894],"product_tag":[638,1055,1054,548,895],"class_list":{"0":"post-20564","1":"product","2":"type-product","3":"status-publish","4":"has-post-thumbnail","6":"product_brand-thrill-syndicate-de","7":"product_cat-karabiner","8":"product_cat-saferoller-kontinuierliches-sicherungssystem","9":"product_cat-verbindungselemente","10":"product_tag-karabiner","11":"product_tag-maillon-rapide-de","12":"product_tag-schnell-link","13":"product_tag-verbinden","14":"product_tag-verriegelbarer-karabinerhaken","16":"first","17":"instock","18":"taxable","19":"shipping-taxable","20":"purchasable","21":"product-type-simple"},"_links":{"self":[{"href":"https:\/\/thrillsyndicate.com\/de\/wp-json\/wp\/v2\/product\/20564","targetHints":{"allow":["GET"]}}],"collection":[{"href":"https:\/\/thrillsyndicate.com\/de\/wp-json\/wp\/v2\/product"}],"about":[{"href":"https:\/\/thrillsyndicate.com\/de\/wp-json\/wp\/v2\/types\/product"}],"wp:featuredmedia":[{"embeddable":true,"href":"https:\/\/thrillsyndicate.com\/de\/wp-json\/wp\/v2\/media\/17646"}],"wp:attachment":[{"href":"https:\/\/thrillsyndicate.com\/de\/wp-json\/wp\/v2\/media?parent=20564"}],"wp:term":[{"taxonomy":"product_brand","embeddable":true,"href":"https:\/\/thrillsyndicate.com\/de\/wp-json\/wp\/v2\/product_brand?post=20564"},{"taxonomy":"product_cat","embeddable":true,"href":"https:\/\/thrillsyndicate.com\/de\/wp-json\/wp\/v2\/product_cat?post=20564"},{"taxonomy":"product_tag","embeddable":true,"href":"https:\/\/thrillsyndicate.com\/de\/wp-json\/wp\/v2\/product_tag?post=20564"}],"curies":[{"name":"wp","href":"https:\/\/api.w.org\/{rel}","templated":true}]}}