{"id":20801,"date":"2025-06-16T11:59:29","date_gmt":"2025-06-16T09:59:29","guid":{"rendered":"https:\/\/thrillsyndicate.com\/shop\/zip-line-simulation-pre-design-analyze-optimize\/"},"modified":"2025-09-16T10:23:34","modified_gmt":"2025-09-16T08:23:34","slug":"zip-line-simulation-vor-entwurf-analysieren-optimieren","status":"publish","type":"product","link":"https:\/\/thrillsyndicate.com\/de\/product\/zip-line-simulation-vor-entwurf-analysieren-optimieren\/","title":{"rendered":"Seilbahn-Durchf\u00fchrbarkeitsstudie: Vorentwurf, Analyse &amp; Optimierung"},"content":{"rendered":"<p>Bevor Sie in Stahl und Beton investieren, investieren Sie in Vertrauen. Eine gro\u00dfartige Idee f\u00fcr eine Seilbahn ist der Anfang, aber erst die Daten machen aus dieser Idee eine erfolgreiche, umsatzbringende Attraktion. Unsere <b>Machbarkeitsstudie f\u00fcr Seilbahnen<\/b> ist der entscheidende erste Schritt bei der <b>Planung des Baus Ihrer Seilbahn<\/b>. Sie bietet eine umfassende technische und sicherheitstechnische Analyse, die die L\u00fccke zwischen Konzept und Bau schlie\u00dft und sicherstellt, dass Ihr Projekt vom ersten Tag an erfolgreich ist.  <\/p>\n<h2>Vollst\u00e4ndige Ergebnisse der Studie<\/h2>\n<ul>\n<li><b>Analyse des Profils der Seilbahn:<\/b> Eine vollst\u00e4ndige Kartierung des Korridors der Zipline, einschlie\u00dflich der horizontalen Entfernung, des H\u00f6henunterschieds und des durchschnittlichen Gef\u00e4lles, um das Potenzial der von Ihnen gew\u00e4hlten Strecke zu ermitteln.<\/li>\n<li><b>Simulation von Geschwindigkeit und Flugbahn:<\/b> Vorausschauende Analyse der Fahrergeschwindigkeiten f\u00fcr eine ganze Reihe von Gewichtsklassen (z.B. 40 kg bis 110 kg), um ein aufregendes und sicheres Erlebnis f\u00fcr alle G\u00e4ste zu gew\u00e4hrleisten.<\/li>\n<li><b>Sch\u00e4tzungen f\u00fcr Kabeldurchhang und -spannung:<\/b> Wichtige Berechnungen f\u00fcr belastete und unbelastete Seilbahnprofile, um die Bodenfreiheit zu gew\u00e4hrleisten und die <b>technische Analyse der Seilrutschen<\/b> f\u00fcr Verankerungsstrukturen zu erstellen.<\/li>\n<li><b>Umfassender Durchf\u00fchrbarkeitsbericht:<\/b> Ein abschlie\u00dfender, klarer Bericht, der alle Ergebnisse zusammenfasst, potenzielle rote Fahnen hervorhebt und eine professionelle Empfehlung zur <b>Durchf\u00fchrbarkeit<\/b> Ihres <b>Seilbahnprojekts<\/b> enth\u00e4lt.<\/li>\n<\/ul>\n<h2>Minimieren Sie das Risiko Ihrer Investition, maximieren Sie Ihren ROI<\/h2>\n<p>Bei der Entwicklung von Attraktionen sind die teuersten Probleme diejenigen, die w\u00e4hrend des Baus entdeckt werden. Unsere <b>Machbarkeitsstudie f\u00fcr Seilbahnen<\/b> ist die beste Versicherungspolice f\u00fcr Ihr Projekt. Durch die Identifizierung potenzieller Konstruktionsfehler, die Berechnung pr\u00e4ziser Kr\u00e4fte und die digitale Validierung des Fahrerlebnisses eliminieren Sie das Risiko von kostspieligen Nacharbeiten, Verz\u00f6gerungen und Budget\u00fcberschreitungen. Diese kleine Vorab-Investition liefert die harten Daten, die Sie ben\u00f6tigen, um Budgets genau zu prognostizieren, die Auswahl der Ausr\u00fcstung zu optimieren und das Vertrauen der Investoren zu gewinnen, so dass jeder ausgegebene Dollar ein sinnvoller Dollar ist.   <\/p>\n<h2>Entwickeln Sie das perfekte Fahrerlebnis<\/h2>\n<p>Der Erfolg einer Seilbahn h\u00e4ngt davon ab, dass sie durchgehend spannend und sicher ist. Unsere fortschrittliche <b>Simulation des Seilbahndesigns<\/b> erm\u00f6glicht es Ihnen, das perfekte Erlebnis zu entwerfen, bevor der erste Spatenstich erfolgt. Wir modellieren, wie sich verschiedene Fahrergewichte, Wetterbedingungen und Seilrollen-Typen auf Ihrem einzigartigen Terrain verhalten werden. Diese <b>technische Bewertung der Zipline<\/b> liefert pr\u00e4zise Daten zu den Ankunftsgeschwindigkeiten, die f\u00fcr die Entwicklung eines Bremssystems entscheidend sind, das sowohl sicher als auch komfortabel f\u00fcr jeden einzelnen Fahrgast ist.   <\/p>\n<h2>H\u00e4ufig gestellte Fragen<\/h2>\n<p><b>Was brauchen Sie von uns, um die Studie zu beginnen?<\/b><\/p>\n<p>Alles, was wir ben\u00f6tigen, sind die geografischen Koordinaten (Breitengrad\/L\u00e4ngengrad) f\u00fcr die von Ihnen vorgeschlagenen Start- und Landepunkte. Den Rest erledigen wir mit fortschrittlicher Simulationssoftware. <\/p>\n<p><b>Wie lange dauert die Machbarkeitsstudie?<\/b><\/p>\n<p>Das Verfahren ist schnell und effizient. Sie erhalten Ihren vollst\u00e4ndigen, detaillierten Bericht und Ihre Empfehlungen in der Regel innerhalb weniger Arbeitstage. <\/p>\n<p><b>Handelt es sich bei dieser Studie um einen vollst\u00e4ndigen Konstruktions- und Bauplan?<\/b><\/p>\n<p>Nein. Dies ist die wesentliche erste Phase der Due Diligence. Der Bericht best\u00e4tigt die Durchf\u00fchrbarkeit des Projekts und liefert die Kerndaten, die Ihre Ingenieure ben\u00f6tigen, um mit der detaillierten Planung und den Baupl\u00e4nen fortzufahren.  <\/p>\n<p><b>Kann dieser Bericht mir helfen, die Finanzierung meines Projekts zu sichern?<\/b><\/p>\n<p>Auf jeden Fall. Ein positiver Machbarkeitsbericht ist ein m\u00e4chtiges Instrument f\u00fcr potenzielle Investoren, denn er zeigt, dass Ihr Projekt auf einer soliden technischen Analyse und einem verantwortungsvollen Risikomanagement beruht. <\/p>\n<p><b>Was geschieht, wenn die Studie ein gro\u00dfes Problem aufdeckt?<\/b><\/p>\n<p>Das ist das ideale Ergebnis dieser Phase. Wenn Sie einen Fehler &#8211; wie z.B. eine unzureichende Neigung oder eine zu hohe Ankunftsgeschwindigkeit &#8211; auf dem Papier erkennen, k\u00f6nnen Sie schnell und kostenlos Anpassungen an Turmh\u00f6hen oder -standorten vornehmen, bevor Sie sich zu einer teuren Konstruktion verpflichten. <\/p>\n<p>Senden Sie uns <a href=\"mailto:sales@thrillsyndicate.com?subject=Zipline%20design%20inquiry\">eine E-Mail<\/a> mit Ihren Anforderungen.<\/p>\n","protected":false},"excerpt":{"rendered":"<p class=\"ai-optimize-50 ai-optimize-introduction\">Verwandeln Sie Ihre Vision in eine profitable Realit\u00e4t mit unserer professionellen <b>Machbarkeitsstudie f\u00fcr Seilbahnen<\/b>. Dieser unverzichtbare Service bietet Ihnen die datengest\u00fctzte Analyse, die Sie ben\u00f6tigen, um die technische Machbarkeit Ihres Projekts zu \u00fcberpr\u00fcfen, bevor Sie eine gr\u00f6\u00dfere Investition t\u00e4tigen. <\/p>\n","protected":false},"featured_media":2928,"template":"","meta":{"_coblocks_attr":"","_coblocks_dimensions":"","_coblocks_responsive_height":"","_coblocks_accordion_ie_support":"","wds_primary_product_brand":0,"wds_primary_product_cat":0},"product_brand":[663],"product_cat":[657],"product_tag":[1102,436,1103,1104],"class_list":{"0":"post-20801","1":"product","2":"type-product","3":"status-publish","4":"has-post-thumbnail","6":"product_brand-thrill-syndicate-de","7":"product_cat-dienstleistungen-design-technik","8":"product_tag-entwurf","9":"product_tag-seilrutsche","10":"product_tag-technik","11":"product_tag-vorentwurf","13":"first","14":"instock","15":"virtual","16":"taxable","17":"purchasable","18":"product-type-simple"},"_links":{"self":[{"href":"https:\/\/thrillsyndicate.com\/de\/wp-json\/wp\/v2\/product\/20801","targetHints":{"allow":["GET"]}}],"collection":[{"href":"https:\/\/thrillsyndicate.com\/de\/wp-json\/wp\/v2\/product"}],"about":[{"href":"https:\/\/thrillsyndicate.com\/de\/wp-json\/wp\/v2\/types\/product"}],"wp:featuredmedia":[{"embeddable":true,"href":"https:\/\/thrillsyndicate.com\/de\/wp-json\/wp\/v2\/media\/2928"}],"wp:attachment":[{"href":"https:\/\/thrillsyndicate.com\/de\/wp-json\/wp\/v2\/media?parent=20801"}],"wp:term":[{"taxonomy":"product_brand","embeddable":true,"href":"https:\/\/thrillsyndicate.com\/de\/wp-json\/wp\/v2\/product_brand?post=20801"},{"taxonomy":"product_cat","embeddable":true,"href":"https:\/\/thrillsyndicate.com\/de\/wp-json\/wp\/v2\/product_cat?post=20801"},{"taxonomy":"product_tag","embeddable":true,"href":"https:\/\/thrillsyndicate.com\/de\/wp-json\/wp\/v2\/product_tag?post=20801"}],"curies":[{"name":"wp","href":"https:\/\/api.w.org\/{rel}","templated":true}]}}