{"id":5173,"date":"2022-01-28T12:49:24","date_gmt":"2022-01-28T11:49:24","guid":{"rendered":"https:\/\/thrillsyndicate.com\/shop\/edelrid-smart-belay-x-magnetischer-verriegelungsmechanismus\/"},"modified":"2026-03-30T12:57:34","modified_gmt":"2026-03-30T10:57:34","slug":"edelrid-smart-belay-x","status":"publish","type":"product","link":"https:\/\/thrillsyndicate.com\/de\/product\/edelrid-smart-belay-x\/","title":{"rendered":"Edelrid Smart Belay X | Intelligentes Smart Belay System"},"content":{"rendered":"<p>Nutze die <a href=\"https:\/\/thrillsyndicate.com\/de\/maximiere-deine-park-profite-mit-dem-smart-belay-x-trade-in-programm\/\">Smart Belay X Inzahlungnahme<\/a> bis zum 30. M\u00e4rz 2026 und tausche jedes veraltete Sicherungssystem gegen einen satten <b data-path-to-node=\"1,1,0\" data-index-in-node=\"116\">Rabatt von 100 Euro auf jedes neue Ger\u00e4t<\/b>.<\/p>\n<h2>Mengenpreise f\u00fcr Bestellungen von 25, 50, 100 oder 200 Einheiten verf\u00fcgbar<\/h2>\n<p>F\u00fcr die Betreiber von Abenteuerparks liegt der Engpass oft bei den Sicherheitseinweisungen und den Seilbahntransfers. Das <b>Edelrid Smart Belay X<\/b> l\u00f6st dieses Problem, indem es die Technologie der kommunizierenden Karabiner mit einem neuen <b>magnetischen Sicherheitsverschluss<\/b> verbindet. Anders als herk\u00f6mmliche Systeme gibt das Smart Belay X den Verschluss nur frei, wenn es das Stahlseil erkennt, und verhindert so ein versehentliches Ausklinken. Mit den eingebauten Stahlrollen erm\u00f6glicht dieses <b>intelligente Sicherungssystem<\/b> einen nahtlosen \u00dcbergang von Kletterelementen zu Seilbahnen, ohne dass die Ausr\u00fcstung gewechselt werden muss, was die Wartezeiten erheblich verk\u00fcrzt und die Rentabilit\u00e4t des Betriebs erh\u00f6ht.   <\/p>\n<h2 data-path-to-node=\"8\">Ideale Anwendungen<\/h2>\n<ul data-path-to-node=\"9\">\n<li>\n<p data-path-to-node=\"9,0,0\"><b>High-Throughput Adventure Parks:<\/b> Verringert die Reibung der Fahrer und die Handhabung der G\u00e4nge.<\/p>\n<\/li>\n<li>\n<p data-path-to-node=\"9,1,0\"><b>Seilbahn-Schwerlastkurse:<\/b> Dank der integrierten Seilrollen sind keine separaten Seilrollen mehr n\u00f6tig.<\/p>\n<\/li>\n<li>\n<p data-path-to-node=\"9,2,0\"><b>Bildung &amp; Teambuilding:<\/b> Die &#8222;Pilot Bar&#8220; bietet intuitive Handhabung und Strangulationsschutz f\u00fcr unerfahrene Kletterer.<\/p>\n<\/li>\n<li>\n<p data-path-to-node=\"9,3,0\"><b>Nachr\u00fcstungsprojekte:<\/b> Kompatibel mit bestehenden 10 mm &#8211; 13 mm (0,39 &#8211; 0,51 in) Kabelleitungen ohne \u00c4nderungen der Infrastruktur.<\/p>\n<\/li>\n<\/ul>\n<h2 data-path-to-node=\"10\">Technische Daten<\/h2>\n<ul data-path-to-node=\"11\">\n<li>\n<p data-path-to-node=\"11,0,0\"><b>Zertifizierungen:<\/b> EN 17109 (Klasse D), EN 15567 (kompatibel).<\/p>\n<\/li>\n<li>\n<p data-path-to-node=\"11,1,0\"><b>Kabelkompatibilit\u00e4t:<\/b> 10 mm &#8211; 13 mm (0.39 &#8211; 0.51 in) Stahlkabel.<\/p>\n<\/li>\n<li>\n<p data-path-to-node=\"11,2,0\"><b>Gewicht:<\/b> 1400 g (3.09 lbs).<\/p>\n<\/li>\n<li>\n<p data-path-to-node=\"11,3,0\"><b>L\u00e4nge des Verbindungsmittels:<\/b> 85 cm (33.5 in).<\/p>\n<\/li>\n<li>\n<p data-path-to-node=\"11,4,0\"><b>Sicherheitsmechanismen:<\/b> Kommunizierende Karabiner mit magnetischem Sicherheitsverschluss (\u00f6ffnet sich nur bei Kabelkontakt).<\/p>\n<\/li>\n<li>\n<p data-path-to-node=\"11,5,0\"><b>Tracking:<\/b> Integrierter RFID-Transponder f\u00fcr effizientes PSA-Management.<\/p>\n<\/li>\n<li>\n<p data-path-to-node=\"11,6,0\"><b>Seilrolle System:<\/b> Integrierte Stahlrollen in der Karabinerwirbels\u00e4ule.<\/p>\n<\/li>\n<\/ul>\n<p><img loading=\"lazy\" decoding=\"async\" class=\"aligncenter wp-image-66 size-full\" src=\"https:\/\/thrillsyndicate.com\/wp-content\/uploads\/2022\/01\/SmartBelayX_banner_1200.jpg\" alt=\"EN 17109 Klasse D zertifiziert. Das Edelrid Smart Belay X ist f\u00fcr 10-13 mm lange Seile geeignet und verf\u00fcgt \u00fcber RFID-Tracking. R\u00fcste deine Ausr\u00fcstung noch heute auf.\" width=\"1200\" height=\"417\" srcset=\"https:\/\/thrillsyndicate.com\/wp-content\/uploads\/2022\/01\/SmartBelayX_banner_1200.jpg 1200w, https:\/\/thrillsyndicate.com\/wp-content\/uploads\/2022\/01\/SmartBelayX_banner_1200-458x159.jpg 458w, https:\/\/thrillsyndicate.com\/wp-content\/uploads\/2022\/01\/SmartBelayX_banner_1200-300x104.jpg 300w, https:\/\/thrillsyndicate.com\/wp-content\/uploads\/2022\/01\/SmartBelayX_banner_1200-1024x356.jpg 1024w, https:\/\/thrillsyndicate.com\/wp-content\/uploads\/2022\/01\/SmartBelayX_banner_1200-768x267.jpg 768w, https:\/\/thrillsyndicate.com\/wp-content\/uploads\/2022\/01\/SmartBelayX_banner_1200-100x35.jpg 100w\" sizes=\"auto, (max-width: 1200px) 100vw, 1200px\" \/><\/p>\n<table>\n<tbody>\n<tr>\nIntuitive Bedienung, auch f\u00fcr Kinder Pilot Bar hilft, Strangulation zu verhindern<br \/>\n<\/tr>\n<tr>\nErm\u00f6glicht \u00dcberholman\u00f6ver und flexible Bewegung der Besucher auf den Parcours-Elementen Pilot Bar kann an schwierigen Streckenabschnitten festgehalten werden<br \/>\n<\/tr>\n<tr>\n<td><strong>Schnelle und einfache Evakuierung dank des \u00d6ffners<\/strong><\/td>\n<td><strong>Pilot Bar hilft bei der Richtungskontrolle auf der Seilbahn (die H\u00e4nde ber\u00fchren nicht das Stahlseil<br \/>\n)<\/strong><\/td>\n<\/tr>\n<tr>\n<td><strong>Dank des Karabiners der Smart Belay Seilrolle musst du bei Seilrutschen nicht auf eine doppelte Seilrolle umsteigen.<\/strong><\/td>\n<td><strong> Universell verwendbar f\u00fcr alle Kurselemente und mit allen Ger\u00e4ten<\/strong><\/td>\n<\/tr>\n<\/tbody>\n<\/table>\n<figure id=\"attachment_897\" aria-describedby=\"caption-attachment-897\" style=\"width: 980px\" class=\"wp-caption aligncenter\"><img loading=\"lazy\" decoding=\"async\" class=\"wp-image-897 size-large\" src=\"https:\/\/thrillsyndicate.com\/wp-content\/uploads\/2022\/01\/ED_Microsites_SmartBelayX_banner-gerade1EN-1024x355.jpg\" alt=\"Das Edelrid Smart Belay X kombiniert magnetische Sicherheit mit integrierten Seilrollen f\u00fcr nahtloses Klettern. Das ultimative intelligente Sicherungssystem f\u00fcr Betreiber. Jetzt kaufen.\" width=\"980\" height=\"340\" srcset=\"https:\/\/thrillsyndicate.com\/wp-content\/uploads\/2022\/01\/ED_Microsites_SmartBelayX_banner-gerade1EN-1024x355.jpg 1024w, https:\/\/thrillsyndicate.com\/wp-content\/uploads\/2022\/01\/ED_Microsites_SmartBelayX_banner-gerade1EN-458x159.jpg 458w, https:\/\/thrillsyndicate.com\/wp-content\/uploads\/2022\/01\/ED_Microsites_SmartBelayX_banner-gerade1EN-300x104.jpg 300w, https:\/\/thrillsyndicate.com\/wp-content\/uploads\/2022\/01\/ED_Microsites_SmartBelayX_banner-gerade1EN-768x266.jpg 768w, https:\/\/thrillsyndicate.com\/wp-content\/uploads\/2022\/01\/ED_Microsites_SmartBelayX_banner-gerade1EN-1536x533.jpg 1536w, https:\/\/thrillsyndicate.com\/wp-content\/uploads\/2022\/01\/ED_Microsites_SmartBelayX_banner-gerade1EN-100x35.jpg 100w, https:\/\/thrillsyndicate.com\/wp-content\/uploads\/2022\/01\/ED_Microsites_SmartBelayX_banner-gerade1EN.jpg 1903w\" sizes=\"auto, (max-width: 980px) 100vw, 980px\" \/><figcaption id=\"caption-attachment-897\" class=\"wp-caption-text\">Eine neue Funktion ist der magnetische Verriegelungsmechanismus &#8211; der \u00d6ffnungsmechanismus des Smart Belay wird nur durch einen integrierten Magneten nach Kontakt mit dem Stahlseil freigegeben.<\/figcaption><\/figure>\n<h2 data-path-to-node=\"12\">Betriebliche Effizienz &amp; Technik<\/h2>\n<p data-path-to-node=\"13\">Das <b>Smart Belay X<\/b> wurde entwickelt, um den ROI durch Geschwindigkeit und Sicherheit zu steigern. Das <b>kommunizierende Karabinersystem<\/b> verhindert mechanisch, dass beide Clips gleichzeitig ge\u00f6ffnet werden. Diese Redundanz wird durch die magnetische Verriegelung verst\u00e4rkt, die eine zus\u00e4tzliche sensorische \u00dcberpr\u00fcfung erm\u00f6glicht und sicherstellt, dass der Verschluss <i>nur<\/i> ge\u00f6ffnet werden kann, wenn er aktiv gegen die Rettungsleine gedr\u00fcckt wird.  <\/p>\n<ul data-path-to-node=\"14\">\n<li>\n<p data-path-to-node=\"14,0,0\"><b>Erh\u00f6hter Durchsatz:<\/b> Die integrierten Seilrollen erm\u00f6glichen es den Fahrern, frei auf der Seilbahn zu rollen. Dadurch entf\u00e4llt der Schritt des Umsteigens mit zwei Seilrollen, was 30-60 Sekunden pro Seilbahn einspart und das Eingreifen des Lehrers reduziert. <\/p>\n<\/li>\n<li>\n<p data-path-to-node=\"14,1,0\"><b>RFID-Management:<\/b> Eingebaute UHF-RFID-Chips erm\u00f6glichen ein schnelles Scannen des Ausr\u00fcstungsstatus und der Nutzungszyklen, was den t\u00e4glichen Kontrollprozess rationalisiert.<\/p>\n<\/li>\n<\/ul>\n<h2>Wartung &amp; Lebenszyklus<\/h2>\n<p data-path-to-node=\"16\">Das Smart Belay X ist f\u00fcr den harten kommerziellen Einsatz gebaut und verf\u00fcgt \u00fcber ein <b>modulares Design<\/b>. Im Gegensatz zu genieteten Systemen, die bei Verschlei\u00df komplett ausgetauscht werden m\u00fcssen, lassen sich wichtige Komponenten wie die Lotsenstange, die Verbindungsmittel und der Falld\u00e4mpfer vor Ort austauschen. <\/p>\n<ul data-path-to-node=\"17\">\n<li>\n<p data-path-to-node=\"17,0,0\"><b>Langlebigkeit:<\/b> Stahlrollen verringern den Verschlei\u00df des Karabiners beim Ziplining.<\/p>\n<\/li>\n<li>\n<p data-path-to-node=\"17,1,0\"><b>Wartungsfreundlichkeit:<\/b> Die modulare Bauweise erm\u00f6glicht kosteneffiziente Reparaturen und eine l\u00e4ngere Lebensdauer des Produkts.<\/p>\n<\/li>\n<li>\n<p data-path-to-node=\"17,2,0\"><b>Inspektion:<\/b> Das Personal kann selbstst\u00e4ndig Funktionskontrollen durchf\u00fchren; vollst\u00e4ndige j\u00e4hrliche Inspektionen k\u00f6nnen von geschulten Servicepartnern durchgef\u00fchrt werden.<\/p>\n<\/li>\n<\/ul>\n<h2 data-path-to-node=\"18\">Experten-FAQ<\/h2>\n<p data-path-to-node=\"19\"><b>F: Mit welchem Seildurchmesser ist das Smart Belay X kompatibel?<\/b>  A: Es ist f\u00fcr Stahlseile zwischen 10 mm und 13 mm (0,39 &#8211; 0,51 Zoll) zugelassen.<\/p>\n<p data-path-to-node=\"20\"><b>F: Ben\u00f6tigt dieses System eine separate Seilrolle f\u00fcr die Seilrutschen?<\/b>  A: Nein. Die Karabiner verf\u00fcgen \u00fcber integrierte Seilrollen aus Stahl, so dass sie als Seilrolle fungieren k\u00f6nnen, was den Ablauf der Kurse erheblich beschleunigt. <\/p>\n<p data-path-to-node=\"21\"><b>F: Wie funktioniert die magnetische Verriegelungsfunktion?<\/b>  A: Der Tormechanismus enth\u00e4lt einen Sensor, der die magnetische Signatur des Stahlseils erkennt. Das Tor l\u00e4sst sich nur entriegeln, wenn es in direktem Kontakt mit dem Stahlseil steht, um ein &#8222;Einklemmen&#8220; zu verhindern. <\/p>\n<p data-path-to-node=\"22\"><b>F: Ist das Smart Belay X mit der EN 17109 kompatibel?<\/b>  A: Ja, es ist vollst\u00e4ndig nach EN 17109 Klasse D zertifiziert, der Norm f\u00fcr kontinuierliche Sicherungssysteme (bei korrekter Anwendung) und kommunizierende Sicherungssysteme.<\/p>\n<p><iframe loading=\"lazy\" title=\"EDELRID Smart Belay X\" width=\"980\" height=\"551\" src=\"https:\/\/www.youtube.com\/embed\/POXGpObYqCk?feature=oembed\" frameborder=\"0\" allow=\"accelerometer; autoplay; clipboard-write; encrypted-media; gyroscope; picture-in-picture\" allowfullscreen><\/iframe><\/p>\n<h3 class=\"western\">\ud83d\udc49 Sie suchen einen bestimmten Edelrid-Artikel, der nicht im Shop gelistet ist? Wir vertreiben das komplette Portfolio f\u00fcr Abenteuer, Sport und Sicherheit. Bitte <strong><a href=\"https:\/\/thrillsyndicate.com\/de\/kontakt\/\">senden Sie<\/a><\/strong> uns eine E-Mail oder sehen Sie sich die vollst\u00e4ndige <strong><a href=\"https:\/\/thrillsyndicate.com\/edelrid-safety-price-list-2025\/\">Sicherheitspreisliste hier<\/a><\/strong>. \ud83d\udc48<\/h3>\n","protected":false},"excerpt":{"rendered":"<p>Das Edelrid Smart Belay X ist das branchenf\u00fchrende, kommunizierende, intelligente Sicherungssystem, das entwickelt wurde, um den Durchsatz und die Sicherheit in stark frequentierten Abenteuerparks zu maximieren. Die magnetische Verriegelungstechnologie und die integrierten Seilrollen machen separate Seilrollen \u00fcberfl\u00fcssig und sorgen f\u00fcr 100%ige Sicherheit. <\/p>\n","protected":false},"featured_media":2346,"template":"","meta":{"_coblocks_attr":"","_coblocks_dimensions":"","_coblocks_responsive_height":"","_coblocks_accordion_ie_support":"","wds_primary_product_brand":0,"wds_primary_product_cat":0},"product_brand":[659],"product_cat":[422,651],"product_tag":[424,427,425,426],"class_list":{"0":"post-5173","1":"product","2":"type-product","3":"status-publish","4":"has-post-thumbnail","6":"product_brand-edelrid-de","7":"product_cat-edelrid-smart-belay-kontinuierliche-selbstsicherung","8":"product_cat-seilgarten-sicherungssysteme","9":"product_tag-edelrid-smart-belay-de","10":"product_tag-hochseilgarten","11":"product_tag-sicherungssysteme","12":"product_tag-intelligentes-sichern-x","14":"first","15":"instock","16":"taxable","17":"shipping-taxable","18":"purchasable","19":"product-type-variable","20":"has-default-attributes"},"_links":{"self":[{"href":"https:\/\/thrillsyndicate.com\/de\/wp-json\/wp\/v2\/product\/5173","targetHints":{"allow":["GET"]}}],"collection":[{"href":"https:\/\/thrillsyndicate.com\/de\/wp-json\/wp\/v2\/product"}],"about":[{"href":"https:\/\/thrillsyndicate.com\/de\/wp-json\/wp\/v2\/types\/product"}],"wp:featuredmedia":[{"embeddable":true,"href":"https:\/\/thrillsyndicate.com\/de\/wp-json\/wp\/v2\/media\/2346"}],"wp:attachment":[{"href":"https:\/\/thrillsyndicate.com\/de\/wp-json\/wp\/v2\/media?parent=5173"}],"wp:term":[{"taxonomy":"product_brand","embeddable":true,"href":"https:\/\/thrillsyndicate.com\/de\/wp-json\/wp\/v2\/product_brand?post=5173"},{"taxonomy":"product_cat","embeddable":true,"href":"https:\/\/thrillsyndicate.com\/de\/wp-json\/wp\/v2\/product_cat?post=5173"},{"taxonomy":"product_tag","embeddable":true,"href":"https:\/\/thrillsyndicate.com\/de\/wp-json\/wp\/v2\/product_tag?post=5173"}],"curies":[{"name":"wp","href":"https:\/\/api.w.org\/{rel}","templated":true}]}}