{"id":5232,"date":"2022-02-25T14:54:32","date_gmt":"2022-02-25T13:54:32","guid":{"rendered":"https:\/\/thrillsyndicate.com\/shop\/zipstop-zipline-bremse-0-36-km-h\/"},"modified":"2025-08-25T13:04:58","modified_gmt":"2025-08-25T11:04:58","slug":"zipstop-zip-line-bremse","status":"publish","type":"product","link":"https:\/\/thrillsyndicate.com\/de\/product\/zipstop-zip-line-bremse\/","title":{"rendered":"zipSTOP Zipline-Bremse | 0 &#8211; 36 km\/h"},"content":{"rendered":"<p><b>Bitte beachten Sie<\/b>, dass der Preis f\u00fcr die <b>zipSTOP Seilbahn-Bremse<\/b> ab dem <b>1. Oktober 2025<\/b> aufgrund der aktuellen weltweiten Zollproblematik <b>steigen<\/b> wird. Um den aktuellen Preis zu erhalten, muss Ihre Bestellung vor dem 1. Oktober 2025 aufgegeben werden und bis zum 30. November 2025 geliefert werden. <\/p>\n<p>Das zipSTOP-Bremsger\u00e4t wird das Challenge-Parcours-Gesch\u00e4ft zum Besseren ver\u00e4ndern. Der zipSTOP verwendet eine selbstregulierende magnetische Bremstechnologie, um Zipline-Fahrer sicher und sanft anzuhalten. Der zipSTOP erf\u00fcllt eine wichtige Anforderung f\u00fcr Zipline-Betreiber, indem er es den Fahrern erm\u00f6glicht, bei hohen Geschwindigkeiten sicher zu bremsen.<\/p>\n<p>zipSTOP-Basiseinheit 6 bis 36 km\/h (4 bis 22 mph) Zipwire-Bremse: Das zipSTOP verwendet ein selbstregulierendes magnetisches Bremssystem, um Seilrutschteilnehmer sicher und bequem zu bremsen.<\/p>\n<p>Die beste Bremse f\u00fcr Ihre Seilrutsche, die zipSTOP Zip Line Brake, verwendet <a href=\"https:\/\/thrillsyndicate.com\/de\/die-wissenschaft-der-wirbelstrom-magnetischen-bremse\/\">selbstregulierende Wirbelstrom-Magnetbremstechnologie,<\/a> um Seilrutschenfahrer sanft, bequem und gleichm\u00e4\u00dfig zu bremsen.<\/p>\n<p><strong>Die Montage beinhaltet:<\/strong><\/p>\n<ul>\n<li>zipSTOP Zip Line Bremsger\u00e4t<\/li>\n<li>Bremswagen (je nach Auswahl)<\/li>\n<li>Halterung und Hardware<\/li>\n<\/ul>\n<p><strong>Hauptvorteile von zipSTOP:<\/strong><\/p>\n<ul>\n<li>Die Wirbelstrom-Bremstechnologie passt sich automatisch an, um eine sanfte Verz\u00f6gerung des Fahrers zu gew\u00e4hrleisten.<\/li>\n<li>Erm\u00f6glicht eine Vielzahl von Fahrergewichten und -geschwindigkeiten.<\/li>\n<li>Wird nach jedem Fahrer automatisch zur\u00fcckgesetzt, wodurch menschliche Fehler minimiert werden.<\/li>\n<li>Hilft, das Risiko zu mindern, indem menschliche Fehler vom Fahrer oder den F\u00fchrern entfernt werden.<\/li>\n<li>Niedrige Betriebskosten, einschlie\u00dflich einer j\u00e4hrlichen Rezertifizierung f\u00fcr 399 USD und dem Austausch von Verschlei\u00dfteilen.<\/li>\n<li>H\u00e4lt Au\u00dfenumgebungen stand und arbeitet unter allen Bedingungen konstant.<\/li>\n<\/ul>\n<h2>SPEZIFIKATIONEN<\/h2>\n<div class=\"hrt-specs\">\n<ul>\n<li>Nennarbeitskapazit\u00e4t: 15 bis 150 kg (33 bis 330 lbs)<\/li>\n<li>Ger\u00e4tegewicht: 23,5 kg (52 lbs)<\/li>\n<li>Modellnummer: ZS125-08<\/li>\n<li>1 Jahr Garantie<\/li>\n<li>Nennarbeitsgeschwindigkeit:\n<ul>\n<li>0 bis 36 km\/h (4 bis 22 mph) unter Verwendung einer direkten 1:1-Last<\/li>\n<li>0 bis 60 km\/h (6 bis 37 mph) unter Verwendung einer 2:1 Untersetzungslinie*<\/li>\n<\/ul>\n<\/li>\n<li><a href=\"https:\/\/f.hubspotusercontent20.net\/hubfs\/5957371\/Website%20Docs\/manuals\/zipstop\/EN-zipstop-installation-manual-V2.pdf\" target=\"_blank\" rel=\"noopener\"> zipSTOP Installationshandbuch (April 2021)<\/a><\/li>\n<li><a href=\"https:\/\/f.hubspotusercontent20.net\/hubfs\/5957371\/Website%20Docs\/manuals\/zipstop\/EN_zipSTOP-Operations-Manual.pdf\" target=\"_blank\" rel=\"noopener\"><i class=\"icon-line-download\"><\/i> zipSTOP Betriebs- und Wartungshandbuch (April 2021)<\/a><\/li>\n<\/ul>\n<p>*H\u00f6here Nennarbeitsgeschwindigkeiten erfordern, dass das zipSTOP-Ger\u00e4t in Verbindung mit einer Untersetzungsleitungsbaugruppe verwendet wird. Die angegebenen Spezifikationen sind nur g\u00fcltig, wenn sie als Teil dieses Systems installiert werden.<\/p>\n<h3>LEINENSPEZIFIKATIONEN:<\/h3>\n<ul>\n<li>Maximale Leitungsverl\u00e4ngerung: 12,5 m<\/li>\n<\/ul>\n<h2 class=\"product-title ecomproduct__product-title\">Zipstop Jahresdienst<\/h2>\n<p>Um die Garantie deiner zipSTOP Zip Line Brake aufrechtzuerhalten und die Einhaltung der Sicherheitsstandards zu gew\u00e4hrleisten, m\u00fcssen alle Ger\u00e4te einer j\u00e4hrlichen Wartung unterzogen werden. Die Wartung ist ein j\u00e4hrlicher Prozess, um sicherzustellen, dass dein zipSTOP ordnungsgem\u00e4\u00df funktioniert und verschlissene Teile, wie das Gurtband, ersetzt werden. Die rechtzeitige Wartung deines zipSTOPs tr\u00e4gt dazu bei, die Garantie zu erhalten und die Leistung zu maximieren. Au\u00dferdem ist eine j\u00e4hrliche Wartung vorgeschrieben, um die Einhaltung von Sicherheitsstandards wie CE und ANSI zu gew\u00e4hrleisten. Die j\u00e4hrliche Servicegeb\u00fchr f\u00fcr zipSTOP betr\u00e4gt 450,00 \u20ac.<\/p>\n<h2>So w\u00e4hlst du das richtige zipSTOP-Ger\u00e4t f\u00fcr dein Seilbahn aus<\/h2>\n<p>W\u00e4hle ein Ger\u00e4temodell\/eine Untersetzung, dessen\/deren maximale Ger\u00e4tegeschwindigkeit unter allen Bedingungen h\u00f6her ist als die maximale Ankunftsgeschwindigkeit. Die maximale Ger\u00e4tegeschwindigkeit muss ausreichend h\u00f6her sein als die maximale Ankunftsgeschwindigkeit, um Schwankungen und andere Faktoren zu ber\u00fccksichtigen.<\/p>\n<ul>\n<li>Maximale Ankunftsgeschwindigkeit &lt; 36 kph [22 mph] -&gt; <a href=\"https:\/\/thrillsyndicate.com\/de\/shop\/zipstop-zip-line-bremse\/\">zipSTOP<\/a> 1:1<\/li>\n<li>Maximale Ankunftsgeschwindigkeit &lt; 60 kph [37 mph] -&gt; <a href=\"https:\/\/thrillsyndicate.com\/de\/shop\/zipstop-ir-zip-line-bremse\/\">zipSTOP IR<\/a>, <a href=\"https:\/\/thrillsyndicate.com\/de\/shop\/zipstop-zip-line-bremse\/\">zipSTOP<\/a> 2:1<\/li>\n<li>Maximale Ankunftsgeschwindigkeit &lt; 72 kph [45 mph] -&gt; <a href=\"https:\/\/thrillsyndicate.com\/de\/shop\/zipstop-speed-zip-line-bremse\/\">zipSTOP SPEED<\/a> 2:1<\/li>\n<\/ul>\n<p><img loading=\"lazy\" decoding=\"async\" class=\"alignnone wp-image-162 size-full\" src=\"https:\/\/thrillsyndicate.com\/wp-content\/uploads\/2022\/02\/zipSTOP-SelectionGuide_9.24.18.jpg\" alt=\"\" width=\"800\" height=\"1038\" srcset=\"https:\/\/thrillsyndicate.com\/wp-content\/uploads\/2022\/02\/zipSTOP-SelectionGuide_9.24.18.jpg 800w, https:\/\/thrillsyndicate.com\/wp-content\/uploads\/2022\/02\/zipSTOP-SelectionGuide_9.24.18-458x594.jpg 458w, https:\/\/thrillsyndicate.com\/wp-content\/uploads\/2022\/02\/zipSTOP-SelectionGuide_9.24.18-231x300.jpg 231w, https:\/\/thrillsyndicate.com\/wp-content\/uploads\/2022\/02\/zipSTOP-SelectionGuide_9.24.18-789x1024.jpg 789w, https:\/\/thrillsyndicate.com\/wp-content\/uploads\/2022\/02\/zipSTOP-SelectionGuide_9.24.18-768x996.jpg 768w, https:\/\/thrillsyndicate.com\/wp-content\/uploads\/2022\/02\/zipSTOP-SelectionGuide_9.24.18-100x130.jpg 100w\" sizes=\"auto, (max-width: 800px) 100vw, 800px\" \/><\/p>\n<h2>Experteninformationen zur Zipline-Technologie<\/h2>\n<p>M\u00f6chten Sie mehr \u00fcber Zipline-Technologie und Expertenmeinungen lesen?<\/p>\n<ul>\n<li><a href=\"https:\/\/thrillsyndicate.com\/de\/zip-line-design-components-for-a-complete-system\/\">Zip Line Design: Komponenten f\u00fcr ein komplettes System<\/a><\/li>\n<li><a href=\"https:\/\/thrillsyndicate.com\/de\/die-zipline-fehler-die-du-nicht-wissen-willst\/\">9 Zipline-Fehler, von denen Sie nicht wissen, dass Sie sie machen<\/a><\/li>\n<li><a href=\"https:\/\/thrillsyndicate.com\/de\/vor-und-nachteile-verschiedener-reissverschlussbremsen\/\">Vor- und Nachteile verschiedener Zip-Line-Bremsen<\/a><\/li>\n<li><a href=\"https:\/\/thrillsyndicate.com\/de\/expert-tips-for-zip-line-brake-installations\/\">Expertentipps f\u00fcr die Installation von Zip-Line-Bremsen<\/a><\/li>\n<li><a href=\"https:\/\/thrillsyndicate.com\/blog\/white-paper-on-zipline-emergency-arrest-devices-ead\/\">Whitepaper zu Zipline Emergency Arrest Devices (EAD)<\/a><\/li>\n<li><a href=\"https:\/\/thrillsyndicate.com\/blog\/does-your-zip-line-need-an-emergency-arrest-device\/\">Ben\u00f6tigt Ihre Seilrutsche eine Notfangvorrichtung?<\/a><\/li>\n<li><a href=\"https:\/\/thrillsyndicate.com\/the-magnetic-self-braking-zipline-pulley\/\">MAG Brake Trolley, die magnetische selbstbremsende Zipline-Rolle<\/a><\/li>\n<li><a href=\"https:\/\/thrillsyndicate.com\/blog\/the-science-of-eddy-current-magnetic-braking\/\">Die Wissenschaft der Wirbelstrom-Magnetbremsung<\/a><\/li>\n<li><a href=\"https:\/\/thrillsyndicate.com\/blog\/all-about-bearings-why-zip-line-trolley-bearings-matter\/\">Warum Zip Line Trolley-Lager so wichtig sind<\/a><\/li>\n<li><a href=\"https:\/\/thrillsyndicate.com\/de\/whitepaper-zipline-braking-dynamics\/\">Whitepaper: Zipline-Bremsdynamik<\/a><\/li>\n<li><a href=\"https:\/\/thrillsyndicate.com\/blog\/zip-line-installation-give-them-the-best-ride\/\">Zip-Line-Installation: Geben Sie ihnen die beste Fahrt<\/a><\/li>\n<\/ul>\n<\/div>\n","protected":false},"excerpt":{"rendered":"<p>Die zipSTOP Advanced Zip Line Brake nutzt die selbstregulierende Wirbelstromtechnologie f\u00fcr optimales Bremsen. Er eignet sich f\u00fcr unterschiedliche Fahrergewichte und Geschwindigkeiten, stellt sich nach jeder Fahrt automatisch zur\u00fcck und bietet niedrige Betriebskosten.<\/p>\n","protected":false},"featured_media":3234,"template":"","meta":{"_coblocks_attr":"","_coblocks_dimensions":"","_coblocks_responsive_height":"","_coblocks_accordion_ie_support":"","wds_primary_product_brand":0,"wds_primary_product_cat":0},"product_brand":[666],"product_cat":[432],"product_tag":[436,435,434],"class_list":{"0":"post-5232","1":"product","2":"type-product","3":"status-publish","4":"has-post-thumbnail","6":"product_brand-head-rush-technologies-de","7":"product_cat-zipwire-bremssysteme","8":"product_tag-seilrutsche","9":"product_tag-zipline-bremse","10":"product_tag-zipstop-de","12":"first","13":"instock","14":"sale","15":"taxable","16":"shipping-taxable","17":"purchasable","18":"product-type-variable"},"_links":{"self":[{"href":"https:\/\/thrillsyndicate.com\/de\/wp-json\/wp\/v2\/product\/5232","targetHints":{"allow":["GET"]}}],"collection":[{"href":"https:\/\/thrillsyndicate.com\/de\/wp-json\/wp\/v2\/product"}],"about":[{"href":"https:\/\/thrillsyndicate.com\/de\/wp-json\/wp\/v2\/types\/product"}],"wp:featuredmedia":[{"embeddable":true,"href":"https:\/\/thrillsyndicate.com\/de\/wp-json\/wp\/v2\/media\/3234"}],"wp:attachment":[{"href":"https:\/\/thrillsyndicate.com\/de\/wp-json\/wp\/v2\/media?parent=5232"}],"wp:term":[{"taxonomy":"product_brand","embeddable":true,"href":"https:\/\/thrillsyndicate.com\/de\/wp-json\/wp\/v2\/product_brand?post=5232"},{"taxonomy":"product_cat","embeddable":true,"href":"https:\/\/thrillsyndicate.com\/de\/wp-json\/wp\/v2\/product_cat?post=5232"},{"taxonomy":"product_tag","embeddable":true,"href":"https:\/\/thrillsyndicate.com\/de\/wp-json\/wp\/v2\/product_tag?post=5232"}],"curies":[{"name":"wp","href":"https:\/\/api.w.org\/{rel}","templated":true}]}}