{"id":5330,"date":"2022-02-19T15:53:40","date_gmt":"2022-02-19T14:53:40","guid":{"rendered":"https:\/\/thrillsyndicate.com\/shop\/trublue-iq-selbstsicherung-45-20-meter\/"},"modified":"2025-11-03T13:38:31","modified_gmt":"2025-11-03T12:38:31","slug":"trublue-iq-auto-belay","status":"publish","type":"product","link":"https:\/\/thrillsyndicate.com\/de\/product\/trublue-iq-auto-belay\/","title":{"rendered":"TRUBLUE iQ Selbstsicherungsger\u00e4t | 4,5 &#8211; 20 Meter"},"content":{"rendered":"<p><strong>Inzahlungnahme jeder Selbstsicherung! &#8211;  <\/strong>Wir haben eine <a href=\"https:\/\/thrillsyndicate.com\/de\/trublue-iq-selbstsicherung-trade-in-programm\/\"><strong>Inzahlungnahme-Aktion<\/strong><\/a> f\u00fcr die TRUBLUE iQ Selbstsicherung: Tauschen Sie Ihr altes Modell<strong>(egal welcher Marke<\/strong>!) gegen das neue TRUBLUE iQ und erhalten Sie eine <b><a href=\"https:\/\/thrillsyndicate.com\/de\/trublue-iq-selbstsicherung-trade-in-programm\/\">Inzahlungnahme-Aktion im Wert von 450 \u20ac<\/a>!<\/b><\/p>\n<p>Das TRUBLUE iQ Selbstsicherungsger\u00e4t ist die n\u00e4chste Generation von Selbstsicherungf\u00fcr Kletterw\u00e4nde in der Halle und im Freien. Tausende von TRUBLUEwurden f\u00fcr die Kletterindustrie entwickelt und sind weltweit in Kletterhallen, Hochseilgarten, Familienunterhaltungszentren und mehr im Einsatz.<\/p>\n<p>Das selbstregulierende Magnetbremssystem von TRUBLUE ist das Ergebnis jahrelanger Forschung, Entwicklung und Tests. Unser Selbstsicherungsger\u00e4t ist f\u00fcr Kletterer konzipiert und auf Sicherheit ausgelegt. TRUBLUE Selbstsicherungsger\u00e4te erf\u00fcllen die strengsten Sicherheitsstandards, einschlie\u00dflich umfangreicher Tests durch eine der weltweit f\u00fchrenden Zertifizierungsstellen, die T\u00dcV\/S\u00dcD Service GmbH.<\/p>\n<p><strong>Das TRUBLUE iQ ist in zwei Gurtbandl\u00e4ngen erh\u00e4ltlich:<\/strong><\/p>\n<ul>\n<li>12,5 Meter (41 ft)<\/li>\n<li>20 Meter (65 ft)<\/li>\n<\/ul>\n<p><strong>TRUBLUE iQ Gurtband-Verbinder:<\/strong><\/p>\n<table class=\"has-fixed-layout\" style=\"width: 100%; height: 359.751px;\">\n<tbody>\n<tr style=\"height: 151.797px;\">\n<td style=\"width: 33.2821%; height: 151.797px;\"><img loading=\"lazy\" decoding=\"async\" class=\"wp-image-17116 aligncenter\" style=\"display: block; margin-left: auto; margin-right: auto;\" src=\"https:\/\/thrillsyndicate.com\/wp-content\/uploads\/2024\/10\/Steel_Carabiner.png\" alt=\"Karabiner aus Stahl: Unser Standardverbinder. Strapazierf\u00e4hig und langlebig mit dreifachem Selbstverriegelungsschutz. Empfohlene Verwendung: Kletterhallen und Freizeitzentren\" width=\"150\" height=\"150\" srcset=\"https:\/\/thrillsyndicate.com\/wp-content\/uploads\/2024\/10\/Steel_Carabiner.png 250w, https:\/\/thrillsyndicate.com\/wp-content\/uploads\/2024\/10\/Steel_Carabiner-100x100.png 100w, https:\/\/thrillsyndicate.com\/wp-content\/uploads\/2024\/10\/Steel_Carabiner-150x150.png 150w\" sizes=\"auto, (max-width: 150px) 100vw, 150px\" \/><\/td>\n<td class=\"has-text-align-center\" style=\"text-align: center; width: 32.9746%; height: 151.797px;\" data-align=\"center\"><img loading=\"lazy\" decoding=\"async\" class=\"wp-image-17112 aligncenter\" src=\"https:\/\/thrillsyndicate.com\/wp-content\/uploads\/2024\/10\/Aluminum_Carabiner.png\" alt=\"Karabiner aus Aluminium: Leichter als Stahl und ideal f\u00fcr den Einsatz im Freien und in korrosiven Umgebungen. Empfohlene Verwendung: Kletterhallen, Freizeitzentren und Camps\" width=\"150\" height=\"150\" srcset=\"https:\/\/thrillsyndicate.com\/wp-content\/uploads\/2024\/10\/Aluminum_Carabiner.png 250w, https:\/\/thrillsyndicate.com\/wp-content\/uploads\/2024\/10\/Aluminum_Carabiner-100x100.png 100w, https:\/\/thrillsyndicate.com\/wp-content\/uploads\/2024\/10\/Aluminum_Carabiner-150x150.png 150w\" sizes=\"auto, (max-width: 150px) 100vw, 150px\" \/><\/td>\n<td class=\"has-text-align-center\" style=\"text-align: center; width: 33.7433%; height: 151.797px;\" data-align=\"center\"><img loading=\"lazy\" decoding=\"async\" class=\"wp-image-17108 aligncenter\" src=\"https:\/\/thrillsyndicate.com\/wp-content\/uploads\/2024\/10\/Swivel.png\" alt=\"Adventure Swivel: Eine vielseitige L\u00f6sung f\u00fcr Einrichtungen, die sekund\u00e4re Anschl\u00fcsse und einzigartige Operationen ben\u00f6tigen. Empfohlene Verwendung: Abenteuer-Parks\" width=\"150\" height=\"150\" srcset=\"https:\/\/thrillsyndicate.com\/wp-content\/uploads\/2024\/10\/Swivel.png 250w, https:\/\/thrillsyndicate.com\/wp-content\/uploads\/2024\/10\/Swivel-100x100.png 100w, https:\/\/thrillsyndicate.com\/wp-content\/uploads\/2024\/10\/Swivel-150x150.png 150w\" sizes=\"auto, (max-width: 150px) 100vw, 150px\" \/><\/td>\n<\/tr>\n<tr style=\"height: 20.7969px;\">\n<td style=\"text-align: center; width: 33.2821%; height: 20.7969px;\"><strong>Karabiner aus Stahl<\/strong><\/td>\n<td class=\"has-text-align-center\" style=\"text-align: center; width: 32.9746%; height: 20.7969px;\" data-align=\"center\"><strong>Karabiner aus Aluminium<\/strong><\/td>\n<td class=\"has-text-align-center\" style=\"text-align: center; width: 33.7433%; height: 20.7969px;\" data-align=\"center\"><strong>Abenteuer Swivel<\/strong><\/td>\n<\/tr>\n<tr style=\"height: 124.766px;\">\n<td style=\"text-align: center; width: 33.2821%; height: 124.766px;\">Unser Standardanschluss.<br \/>\nStrapazierf\u00e4hig und langlebig mit dreifachem Schutz durch automatische Verriegelung. <\/td>\n<td class=\"has-text-align-center\" style=\"text-align: center; width: 32.9746%; height: 124.766px;\" data-align=\"center\">Leichter als Stahl und ideal f\u00fcr den Au\u00dfeneinsatz und korrosive Umgebungen.<\/td>\n<td class=\"has-text-align-center\" style=\"text-align: center; width: 33.7433%; height: 124.766px;\" data-align=\"center\">Eine vielseitige L\u00f6sung f\u00fcr Einrichtungen, die sekund\u00e4re Anschl\u00fcsse und einzigartige Operationen ben\u00f6tigen.<\/td>\n<\/tr>\n<tr style=\"height: 20.7969px;\">\n<td style=\"text-align: center; width: 33.2821%; height: 20.7969px;\"><strong>Empfohlene Verwendung:<\/strong><\/td>\n<td class=\"has-text-align-center\" style=\"text-align: center; width: 32.9746%; height: 20.7969px;\" data-align=\"center\"><strong>Empfohlene Verwendung:<\/strong><\/td>\n<td class=\"has-text-align-center\" style=\"text-align: center; width: 33.7433%; height: 20.7969px;\" data-align=\"center\"><strong>Empfohlene Verwendung:<\/strong><\/td>\n<\/tr>\n<tr style=\"height: 41.5938px;\">\n<td style=\"text-align: center; width: 33.2821%; height: 41.5938px;\">Kletterhallen und Freizeitzentren<\/td>\n<td class=\"has-text-align-center\" style=\"text-align: center; width: 32.9746%; height: 41.5938px;\" data-align=\"center\">Kletterhallen, Freizeitzentren und Camps<\/td>\n<td class=\"has-text-align-center\" style=\"text-align: center; width: 33.7433%; height: 41.5938px;\" data-align=\"center\">Abenteuer-Parks<\/td>\n<\/tr>\n<\/tbody>\n<\/table>\n<table class=\"has-fixed-layout\" style=\"width: 66.4363%; height: 359.751px;\">\n<tbody>\n<tr style=\"height: 151.797px;\">\n<td class=\"has-text-align-center\" style=\"text-align: center; width: 49.9104%; height: 151.797px;\" data-align=\"center\"><img loading=\"lazy\" decoding=\"async\" class=\"wp-image-17104 aligncenter\" src=\"https:\/\/thrillsyndicate.com\/wp-content\/uploads\/2024\/10\/Open_Loop.png\" alt=\"Offene Schlaufe Voller Befestigungspunkt f\u00fcr zugelassene Anti-Release-Konnektoren. Empfohlene Verwendung: Fun Climbs und FECs\" width=\"150\" height=\"150\" srcset=\"https:\/\/thrillsyndicate.com\/wp-content\/uploads\/2024\/10\/Open_Loop.png 250w, https:\/\/thrillsyndicate.com\/wp-content\/uploads\/2024\/10\/Open_Loop-100x100.png 100w, https:\/\/thrillsyndicate.com\/wp-content\/uploads\/2024\/10\/Open_Loop-150x150.png 150w\" sizes=\"auto, (max-width: 150px) 100vw, 150px\" \/><\/td>\n<td style=\"text-align: center; width: 50.0914%; height: 151.797px;\"><img decoding=\"async\" class=\"wp-image-17104 aligncenter\" src=\"https:\/\/thrillsyndicate.com\/wp-content\/uploads\/2022\/02\/tru-clip-02-ws.jpg\" width=\"150\"><\/td>\n<\/tr>\n<tr style=\"height: 20.7969px;\">\n<td class=\"has-text-align-center\" style=\"text-align: center; width: 49.9104%; height: 20.7969px;\" data-align=\"center\"><strong>Offene Schleife<\/strong><\/td>\n<td style=\"text-align: center; width: 50.0914%; height: 20.7969px;\"><strong>TRU-CLIP Connector<\/strong><\/td>\n<\/tr>\n<tr style=\"height: 124.766px;\">\n<td class=\"has-text-align-center\" style=\"text-align: center; width: 49.9104%; height: 124.766px;\" data-align=\"center\">Voller Befestigungspunkt f\u00fcr die Aufnahme von zugelassenen Anti-Release-Verbindungen.<\/td>\n<td style=\"text-align: center; width: 50.0914%; height: 124.766px;\">Durch die Verwendung einer sequentiellen Verbindung wird die M\u00f6glichkeit einer falschen Befestigung ausgeschlossen.<\/td>\n<\/tr>\n<tr style=\"height: 20.7969px;\">\n<td class=\"has-text-align-center\" style=\"text-align: center; width: 49.9104%; height: 20.7969px;\" data-align=\"center\"><strong>Empfohlene Verwendung:<\/strong><\/td>\n<td style=\"text-align: center; width: 50.0914%; height: 20.7969px;\"><strong>Empfohlene Verwendung:<\/strong><\/td>\n<\/tr>\n<tr style=\"height: 41.5938px;\">\n<td class=\"has-text-align-center\" style=\"text-align: center; width: 49.9104%; height: 41.5938px;\" data-align=\"center\">Spa\u00dfklettereien und FECs<\/td>\n<td style=\"text-align: center; width: 50.0914%; height: 41.5938px;\">Kletterhallen, Spa\u00dfklettereien und FECs<\/td>\n<\/tr>\n<\/tbody>\n<\/table>\n<p><strong>Hinweis:<\/strong> Wenn Sie den <strong><a href=\"https:\/\/thrillsyndicate.com\/shop\/tru-clip-connector\/\">TRU-CLIP Connector<\/a><\/strong> als Ihren bevorzugten Gurtbandanschluss w\u00e4hlen, ben\u00f6tigen Sie m\u00f6glicherweise zus\u00e4tzliche <a href=\"https:\/\/thrillsyndicate.com\/shop\/tru-clip-key-links\/\">Key Links<\/a> f\u00fcr einen optimalen Betrieb.<\/p>\n<p><strong>Fortgeschrittene Technologie<\/strong><\/p>\n<ul>\n<li>Sanfter Abstieg: Das selbstregulierende Bremssystem hat eine minimale Variation der Abstiegsgeschwindigkeit \u00fcber den Gewichtsbereich des Benutzers.<\/li>\n<li>Zuverl\u00e4ssigkeit ohne Opferverschlei\u00dfteile: Ber\u00fchrungslose Magnettechnologie.<\/li>\n<li>Entwickelt f\u00fcr den Innen- oder Au\u00dfenbereich.<\/li>\n<li>Minimaler Wartungsaufwand und niedrige Betriebskosten.<\/li>\n<li>Erh\u00e4ltlich mit vier Gurtbandverbindungstypen, um den Anforderungen Ihrer Einrichtung gerecht zu werden.<\/li>\n<\/ul>\n<p><strong>Sicherheit<\/strong><\/p>\n<ul>\n<li>Erf\u00fcllt internationale Sicherheitsstandards: TRUBLUE wurde f\u00fcr Kletterer entwickelt und ist auf Sicherheit ausgelegt. Wir haben TRUBLUE so entwickelt, dass es die internationalen Sicherheitsstandards f\u00fcr Absturzsicherungen erf\u00fcllt.<\/li>\n<li>Umfassende Sicherheitstests: Seit \u00fcber vier Jahren wird die Selbstsicherung von einem auf Produkttests spezialisierten und nach ISO 17025 akkreditierten Unternehmen umfangreichen Sicherheitstests unterzogen.<\/li>\n<\/ul>\n<p><iframe loading=\"lazy\" title=\"TRUBLUE iQ Auto Belay Series - Next Generation Auto Belay\" width=\"980\" height=\"551\" src=\"https:\/\/www.youtube.com\/embed\/pTpy-9rKWwE?feature=oembed\" frameborder=\"0\" allow=\"accelerometer; autoplay; clipboard-write; encrypted-media; gyroscope; picture-in-picture; web-share\" referrerpolicy=\"strict-origin-when-cross-origin\" allowfullscreen><\/iframe><\/p>\n<h2>SPEZIFIKATIONEN<\/h2>\n<p>Mit den gleichen Magnetbremsen, die Bergsteiger lieben und denen sie vertrauen, jetzt haltbarer und leichter als je zuvor!<\/p>\n<ul class=\"hrt-specs\">\n<li><strong>Ma\u00dfe:<\/strong>\n<ul>\n<li>iQ: 370 x 280 x 198 mm (14,5 x 11 x 7,7 Zoll)<\/li>\n<li>iQ+: 370 x 280 x 254 mm (14,5 x 11 x 10 Zoll)<\/li>\n<\/ul>\n<\/li>\n<li><strong>Gewicht:<\/strong>\n<ul>\n<li>iQ LT: 15,9 kg<\/li>\n<li>iQ XL: 19 kg<\/li>\n<li>iQ+ LT: 19 kg<\/li>\n<li>iQ+ XL: 22,1 kg<\/li>\n<\/ul>\n<\/li>\n<li>Gewichtsbereich Kletterer <strong>:<\/strong> 10-140 kg (22-309 lbs)<\/li>\n<li><strong>Maximale Landegeschwindigkeit:<\/strong> 2,0 m\/s (6,5 ft\/s)<\/li>\n<li><strong>Maximale Montageh\u00f6he:<\/strong>\n<ul>\n<li>L\u00e4nge: 12,5 m (41 Fu\u00df)<\/li>\n<li>XL: 20 m (65,6 Fu\u00df)<\/li>\n<\/ul>\n<\/li>\n<li><strong>Minimale Montageh\u00f6he:<\/strong>\n<ul>\n<li>L\u00e4nge: 4,5 m (14,8 Fu\u00df)<\/li>\n<li>XL: 12 m (39,4 Fu\u00df)<\/li>\n<\/ul>\n<\/li>\n<li>Temperaturbereich:\n<ul>\n<li>Betrieb: -4 \u00b0C bis 60 \u00b0C (25 \u00b0F bis 140 \u00b0F)<\/li>\n<li>Betrieb (trocken): -10 \u00b0C bis 60 \u00b0C (14 \u00b0F bis 140 \u00b0F)<\/li>\n<\/ul>\n<\/li>\n<\/ul>\n<h2 class=\"product-title ecomproduct__product-title\">Trublue iQ J\u00e4hrlicher Service<\/h2>\n<p>Um Ihre TRUBLUE iQ-Garantie aufrechtzuerhalten und die Einhaltung der Sicherheitsstandards zu gew\u00e4hrleisten, m\u00fcssen alle Ger\u00e4te einer <a href=\"https:\/\/thrillsyndicate.com\/shop\/trublue-iq-auto-belay-annual-service\/\">j\u00e4hrlichen Wartung<\/a> unterzogen werden. Die Wartung ist ein j\u00e4hrlicher Prozess, um sicherzustellen, dass dein TRUBLUE iQ ordnungsgem\u00e4\u00df funktioniert und verschlissene Teile, wie z. B. das Gurtband, ersetzt werden. Die rechtzeitige Wartung deines TRUBLUE iQ tr\u00e4gt dazu bei, die Garantie zu erhalten und die Leistung zu maximieren. Au\u00dferdem ist eine j\u00e4hrliche Wartung vorgeschrieben, um die Einhaltung von Sicherheitsstandards wie CE und ANSI zu gew\u00e4hrleisten. Die j\u00e4hrliche Servicegeb\u00fchr f\u00fcr Trublue iQ betr\u00e4gt \u20ac239,00.<\/p>\n<h2>SICHERHEITSSTANDARDS<\/h2>\n<p>T\u00e4gliche Kletterhallen, Camps, Abenteuerparks und mehr haben die Wahl, wenn sie ein automatisches Sicherungsger\u00e4t f\u00fcr ihr Gesch\u00e4ft ausw\u00e4hlen. Da Leben buchst\u00e4blich auf dem Spiel stehen, nehmen wir Sicherheit ernst und denken, dass Sie das auch tun sollten. Als Weltmarktf\u00fchrer in der Herstellung von Selbstsicherungsger\u00e4ten haben wir die gro\u00dfe Verantwortung, die F\u00fchrung bei Vorschriften und Sicherheitsanforderungen zu \u00fcbernehmen. Jeder TRUBLUE wird nach den strengsten Sicherheitsstandards getestet, darunter:<\/p>\n<ul>\n<li><strong>AS\/NZS 1891:<\/strong> Industrielle Absturzsicherungssysteme und -ger\u00e4te \u2013 Teil 3: Absturzsicherungsger\u00e4te<\/li>\n<li><strong>CSA Z259.2.3-99:<\/strong> Abstiegskontrollger\u00e4te<\/li>\n<li><strong>EN 341: 2011 Klasse 1A:<\/strong> Pers\u00f6nliche Schutzausr\u00fcstung gegen Absturz \u2013 Abseilger\u00e4te\n<ul>\n<li><strong>RFU PPE-R\/11.128:2019:<\/strong> Empfohlen zur Verwendung f\u00fcr Abstiegskontrollger\u00e4te in Kletterhallen, Seilg\u00e4rten. 10x Klasse A.<\/li>\n<\/ul>\n<\/li>\n<li><strong>ANSI\/ASSE Z359.4:<\/strong> Sicherheitsanforderungen f\u00fcr unterst\u00fctzte Rettungs- und Selbstrettungssysteme, Subsysteme und Komponenten<\/li>\n<li><strong>EN 360:2002:<\/strong> Pers\u00f6nliche Schutzausr\u00fcstung gegen Absturz \u2013 H\u00f6hensicherungsger\u00e4te. Abschnitt 4.5: Maximalkraft&lt; 6 kN f\u00fcr 150 kg Kapazit\u00e4t<\/li>\n<li><a href=\"https:\/\/thrillsyndicate.com\/wp-content\/uploads\/2022\/02\/P5A-089530-0011-Rev.-00.pdf\">TRUBLUE iQ &#8211; CE-Zertifikat<\/a><\/li>\n<li><a href=\"https:\/\/f.hubspotusercontent20.net\/hubfs\/5957371\/Website%20Docs\/manuals\/trublue%20iQ%20series\/EN%20-%20TBiQ%20-%20Operations%20Manual%20-%20LT%2c%20XL_WEB%202022-02-21.pdf\" target=\"_blank\" rel=\"noopener\">TRUBLUE iQ Handbuch<\/a><\/li>\n<\/ul>\n<p><img loading=\"lazy\" decoding=\"async\" class=\"alignnone wp-image-151 size-full\" src=\"https:\/\/thrillsyndicate.com\/wp-content\/uploads\/2022\/02\/TRUBLUE_Selection-Guide-rev_1-0.jpg\" alt=\"\" width=\"826\" height=\"1334\" srcset=\"https:\/\/thrillsyndicate.com\/wp-content\/uploads\/2022\/02\/TRUBLUE_Selection-Guide-rev_1-0.jpg 826w, https:\/\/thrillsyndicate.com\/wp-content\/uploads\/2022\/02\/TRUBLUE_Selection-Guide-rev_1-0-458x740.jpg 458w, https:\/\/thrillsyndicate.com\/wp-content\/uploads\/2022\/02\/TRUBLUE_Selection-Guide-rev_1-0-186x300.jpg 186w, https:\/\/thrillsyndicate.com\/wp-content\/uploads\/2022\/02\/TRUBLUE_Selection-Guide-rev_1-0-634x1024.jpg 634w, https:\/\/thrillsyndicate.com\/wp-content\/uploads\/2022\/02\/TRUBLUE_Selection-Guide-rev_1-0-768x1240.jpg 768w, https:\/\/thrillsyndicate.com\/wp-content\/uploads\/2022\/02\/TRUBLUE_Selection-Guide-rev_1-0-100x162.jpg 100w\" sizes=\"auto, (max-width: 826px) 100vw, 826px\" \/><\/p>\n","protected":false},"excerpt":{"rendered":"<p>Das weltweit bew\u00e4hrte TRUBLUE iQ Next-Gen Auto Belay bietet ein selbstregulierendes Magnetbremssystem, das auf Sicherheit und Zuverl\u00e4ssigkeit ausgelegt ist. Upgrade-f\u00e4hig, das ist die Zukunft der Kletterinnovation.<\/p>\n","protected":false},"featured_media":3852,"template":"","meta":{"_coblocks_attr":"","_coblocks_dimensions":"","_coblocks_responsive_height":"","_coblocks_accordion_ie_support":"","wds_primary_product_brand":0,"wds_primary_product_cat":0},"product_brand":[72],"product_cat":[23],"product_tag":[466],"class_list":{"0":"post-5330","1":"product","2":"type-product","3":"status-publish","4":"has-post-thumbnail","6":"product_brand-head-rush-technologies","7":"product_cat-vertical-auto-belay-systems","8":"product_tag-trublue-de","10":"first","11":"instock","12":"sale","13":"featured","14":"taxable","15":"shipping-taxable","16":"purchasable","17":"product-type-variable","18":"has-default-attributes"},"_links":{"self":[{"href":"https:\/\/thrillsyndicate.com\/de\/wp-json\/wp\/v2\/product\/5330","targetHints":{"allow":["GET"]}}],"collection":[{"href":"https:\/\/thrillsyndicate.com\/de\/wp-json\/wp\/v2\/product"}],"about":[{"href":"https:\/\/thrillsyndicate.com\/de\/wp-json\/wp\/v2\/types\/product"}],"wp:featuredmedia":[{"embeddable":true,"href":"https:\/\/thrillsyndicate.com\/de\/wp-json\/wp\/v2\/media\/3852"}],"wp:attachment":[{"href":"https:\/\/thrillsyndicate.com\/de\/wp-json\/wp\/v2\/media?parent=5330"}],"wp:term":[{"taxonomy":"product_brand","embeddable":true,"href":"https:\/\/thrillsyndicate.com\/de\/wp-json\/wp\/v2\/product_brand?post=5330"},{"taxonomy":"product_cat","embeddable":true,"href":"https:\/\/thrillsyndicate.com\/de\/wp-json\/wp\/v2\/product_cat?post=5330"},{"taxonomy":"product_tag","embeddable":true,"href":"https:\/\/thrillsyndicate.com\/de\/wp-json\/wp\/v2\/product_tag?post=5330"}],"curies":[{"name":"wp","href":"https:\/\/api.w.org\/{rel}","templated":true}]}}