{"id":5368,"date":"2022-02-25T15:49:45","date_gmt":"2022-02-25T14:49:45","guid":{"rendered":"https:\/\/thrillsyndicate.com\/shop\/trublue-speed-selbstsicherung-75-16-meter\/"},"modified":"2025-11-03T13:37:43","modified_gmt":"2025-11-03T12:37:43","slug":"trublue-speed-auto-belay","status":"publish","type":"product","link":"https:\/\/thrillsyndicate.com\/de\/product\/trublue-speed-auto-belay\/","title":{"rendered":"TRUBLUE SPEED Selbstsicherung | 7,5 &#8211; 16 Meter"},"content":{"rendered":"<p><strong>Hinweis<\/strong>: Bitte <strong>fordern Sie immer einen Kostenvoranschlag an<\/strong>, da die Preise aufgrund von schwankenden USD\/EUR-Wechselkursen und geltenden Z\u00f6llen variieren k\u00f6nnen.<\/p>\n<p>Das TRUBLUE SPEED Selbstsicherungsger\u00e4t basiert auf unserem TRUBLUE, dem am weitesten verbreiteten und bew\u00e4hrtesten Selbstsicherungsger\u00e4t der Welt. Die Einzugsgeschwindigkeit ist schnell genug, um selbst die weltbesten Speedkletterer zu \u00fcberholen, und unsere magnetische Bremse sorgt f\u00fcr den vertrauten, sanften Abstieg eines TRUBLUE.<\/p>\n<p>Das selbstregulierende magnetische Bremssystem von TRUBLUE ist das Ergebnis jahrelanger Forschung, Entwicklung und Tests. Unser Selbstsicherungsger\u00e4t ist f\u00fcr Kletterer konzipiert und auf Sicherheit ausgelegt. TRUBLUE-Selbstsicherungsger\u00e4te sind so konstruiert, dass sie die strengsten Sicherheitsstandards erf\u00fcllen, einschlie\u00dflich umfassender Tests durch eine der f\u00fchrenden Zertifizierungsstellen der Welt, die T\u00dcV\/S\u00dcD Product Service GmbH.<\/p>\n<p><strong>Der TRUBLUE SPEED ist in zwei Gurtbandl\u00e4ngen erh\u00e4ltlich:<\/strong><\/p>\n<ul>\n<li>12,5 Meter (41 Fu\u00df)<\/li>\n<li>16 Meter (52,8 Fu\u00df)<\/li>\n<\/ul>\n<p><strong>TRUBLUE SPEED Gurtband-Verbinder:<\/strong><\/p>\n<table class=\"has-fixed-layout\" style=\"width: 100%; height: 359.751px;\">\n<tbody>\n<tr style=\"height: 151.797px;\">\n<td style=\"width: 33.2821%; height: 151.797px;\"><img loading=\"lazy\" decoding=\"async\" class=\"wp-image-17116 aligncenter\" style=\"display: block; margin-left: auto; margin-right: auto;\" src=\"https:\/\/thrillsyndicate.com\/wp-content\/uploads\/2024\/10\/Steel_Carabiner.png\" alt=\"Karabiner aus Stahl: Unser Standardverbinder. Strapazierf\u00e4hig und langlebig mit dreifachem Selbstverriegelungsschutz. Empfohlene Verwendung: Kletterhallen und Freizeitzentren\" width=\"150\" height=\"150\" srcset=\"https:\/\/thrillsyndicate.com\/wp-content\/uploads\/2024\/10\/Steel_Carabiner.png 250w, https:\/\/thrillsyndicate.com\/wp-content\/uploads\/2024\/10\/Steel_Carabiner-100x100.png 100w, https:\/\/thrillsyndicate.com\/wp-content\/uploads\/2024\/10\/Steel_Carabiner-150x150.png 150w\" sizes=\"auto, (max-width: 150px) 100vw, 150px\" \/><\/td>\n<td class=\"has-text-align-center\" style=\"text-align: center; width: 32.9746%; height: 151.797px;\" data-align=\"center\"><img loading=\"lazy\" decoding=\"async\" class=\"wp-image-17112 aligncenter\" src=\"https:\/\/thrillsyndicate.com\/wp-content\/uploads\/2024\/10\/Aluminum_Carabiner.png\" alt=\"Karabiner aus Aluminium: Leichter als Stahl und ideal f\u00fcr den Einsatz im Freien und in korrosiven Umgebungen. Empfohlene Verwendung: Kletterhallen, Freizeitzentren und Camps\" width=\"150\" height=\"150\" srcset=\"https:\/\/thrillsyndicate.com\/wp-content\/uploads\/2024\/10\/Aluminum_Carabiner.png 250w, https:\/\/thrillsyndicate.com\/wp-content\/uploads\/2024\/10\/Aluminum_Carabiner-100x100.png 100w, https:\/\/thrillsyndicate.com\/wp-content\/uploads\/2024\/10\/Aluminum_Carabiner-150x150.png 150w\" sizes=\"auto, (max-width: 150px) 100vw, 150px\" \/><\/td>\n<td class=\"has-text-align-center\" style=\"text-align: center; width: 33.7433%; height: 151.797px;\" data-align=\"center\"><img loading=\"lazy\" decoding=\"async\" class=\"wp-image-17108 aligncenter\" src=\"https:\/\/thrillsyndicate.com\/wp-content\/uploads\/2024\/10\/Swivel.png\" alt=\"Adventure Swivel: Eine vielseitige L\u00f6sung f\u00fcr Einrichtungen, die sekund\u00e4re Anschl\u00fcsse und einzigartige Operationen ben\u00f6tigen. Empfohlene Verwendung: Abenteuer-Parks\" width=\"150\" height=\"150\" srcset=\"https:\/\/thrillsyndicate.com\/wp-content\/uploads\/2024\/10\/Swivel.png 250w, https:\/\/thrillsyndicate.com\/wp-content\/uploads\/2024\/10\/Swivel-100x100.png 100w, https:\/\/thrillsyndicate.com\/wp-content\/uploads\/2024\/10\/Swivel-150x150.png 150w\" sizes=\"auto, (max-width: 150px) 100vw, 150px\" \/><\/td>\n<\/tr>\n<tr style=\"height: 20.7969px;\">\n<td style=\"text-align: center; width: 33.2821%; height: 20.7969px;\"><strong>Karabiner aus Stahl<\/strong><\/td>\n<td class=\"has-text-align-center\" style=\"text-align: center; width: 32.9746%; height: 20.7969px;\" data-align=\"center\"><strong>Karabiner aus Aluminium<\/strong><\/td>\n<td class=\"has-text-align-center\" style=\"text-align: center; width: 33.7433%; height: 20.7969px;\" data-align=\"center\"><strong>Abenteuer Swivel<\/strong><\/td>\n<\/tr>\n<tr style=\"height: 124.766px;\">\n<td style=\"text-align: center; width: 33.2821%; height: 124.766px;\">Unser Standardanschluss.<br \/>\nStrapazierf\u00e4hig und langlebig mit dreifachem Schutz durch automatische Verriegelung. <\/td>\n<td class=\"has-text-align-center\" style=\"text-align: center; width: 32.9746%; height: 124.766px;\" data-align=\"center\">Leichter als Stahl und ideal f\u00fcr den Au\u00dfeneinsatz und korrosive Umgebungen.<\/td>\n<td class=\"has-text-align-center\" style=\"text-align: center; width: 33.7433%; height: 124.766px;\" data-align=\"center\">Eine vielseitige L\u00f6sung f\u00fcr Einrichtungen, die sekund\u00e4re Anschl\u00fcsse und einzigartige Operationen ben\u00f6tigen.<\/td>\n<\/tr>\n<tr style=\"height: 20.7969px;\">\n<td style=\"text-align: center; width: 33.2821%; height: 20.7969px;\"><strong>Empfohlene Verwendung:<\/strong><\/td>\n<td class=\"has-text-align-center\" style=\"text-align: center; width: 32.9746%; height: 20.7969px;\" data-align=\"center\"><strong>Empfohlene Verwendung:<\/strong><\/td>\n<td class=\"has-text-align-center\" style=\"text-align: center; width: 33.7433%; height: 20.7969px;\" data-align=\"center\"><strong>Empfohlene Verwendung:<\/strong><\/td>\n<\/tr>\n<tr style=\"height: 41.5938px;\">\n<td style=\"text-align: center; width: 33.2821%; height: 41.5938px;\">Kletterhallen und Freizeitzentren<\/td>\n<td class=\"has-text-align-center\" style=\"text-align: center; width: 32.9746%; height: 41.5938px;\" data-align=\"center\">Kletterhallen, Freizeitzentren und Camps<\/td>\n<td class=\"has-text-align-center\" style=\"text-align: center; width: 33.7433%; height: 41.5938px;\" data-align=\"center\">Abenteuer-Parks<\/td>\n<\/tr>\n<\/tbody>\n<\/table>\n<table class=\"has-fixed-layout\" style=\"width: 66.4363%; height: 359.751px;\">\n<tbody>\n<tr style=\"height: 151.797px;\">\n<td class=\"has-text-align-center\" style=\"text-align: center; width: 49.9104%; height: 151.797px;\" data-align=\"center\"><img loading=\"lazy\" decoding=\"async\" class=\"wp-image-17104 aligncenter\" src=\"https:\/\/thrillsyndicate.com\/wp-content\/uploads\/2024\/10\/Open_Loop.png\" alt=\"Offene Schlaufe Voller Befestigungspunkt f\u00fcr zugelassene Anti-Release-Konnektoren. Empfohlene Verwendung: Fun Climbs und FECs\" width=\"150\" height=\"150\" srcset=\"https:\/\/thrillsyndicate.com\/wp-content\/uploads\/2024\/10\/Open_Loop.png 250w, https:\/\/thrillsyndicate.com\/wp-content\/uploads\/2024\/10\/Open_Loop-100x100.png 100w, https:\/\/thrillsyndicate.com\/wp-content\/uploads\/2024\/10\/Open_Loop-150x150.png 150w\" sizes=\"auto, (max-width: 150px) 100vw, 150px\" \/><\/td>\n<td style=\"text-align: center; width: 50.0914%; height: 151.797px;\"><img decoding=\"async\" class=\"wp-image-17104 aligncenter\" src=\"https:\/\/thrillsyndicate.com\/wp-content\/uploads\/2022\/02\/tru-clip-02-ws.jpg\" width=\"150\"><\/td>\n<\/tr>\n<tr style=\"height: 20.7969px;\">\n<td class=\"has-text-align-center\" style=\"text-align: center; width: 49.9104%; height: 20.7969px;\" data-align=\"center\"><strong>Offene Schleife<\/strong><\/td>\n<td style=\"text-align: center; width: 50.0914%; height: 20.7969px;\"><strong>TRU-CLIP Connector<\/strong><\/td>\n<\/tr>\n<tr style=\"height: 124.766px;\">\n<td class=\"has-text-align-center\" style=\"text-align: center; width: 49.9104%; height: 124.766px;\" data-align=\"center\">Voller Befestigungspunkt f\u00fcr die Aufnahme von zugelassenen Anti-Release-Verbindungen.<\/td>\n<td style=\"text-align: center; width: 50.0914%; height: 124.766px;\">Durch die Verwendung einer sequentiellen Verbindung wird die M\u00f6glichkeit einer falschen Befestigung ausgeschlossen.<\/td>\n<\/tr>\n<tr style=\"height: 20.7969px;\">\n<td class=\"has-text-align-center\" style=\"text-align: center; width: 49.9104%; height: 20.7969px;\" data-align=\"center\"><strong>Empfohlene Verwendung:<\/strong><\/td>\n<td style=\"text-align: center; width: 50.0914%; height: 20.7969px;\"><strong>Empfohlene Verwendung:<\/strong><\/td>\n<\/tr>\n<tr style=\"height: 41.5938px;\">\n<td class=\"has-text-align-center\" style=\"text-align: center; width: 49.9104%; height: 41.5938px;\" data-align=\"center\">Spa\u00dfklettereien und FECs<\/td>\n<td style=\"text-align: center; width: 50.0914%; height: 41.5938px;\">Kletterhallen, Spa\u00dfklettereien und FECs<\/td>\n<\/tr>\n<\/tbody>\n<\/table>\n<p><strong>Hinweis:<\/strong> Wenn Sie den <strong><a href=\"https:\/\/thrillsyndicate.com\/shop\/tru-clip-connector\/\">TRU-CLIP Connector<\/a><\/strong> als Ihren bevorzugten Gurtbandanschluss w\u00e4hlen, ben\u00f6tigen Sie m\u00f6glicherweise zus\u00e4tzliche <a href=\"https:\/\/thrillsyndicate.com\/shop\/tru-clip-key-links\/\">Key Links<\/a> f\u00fcr einen optimalen Betrieb.<\/p>\n<p><strong>Leistungen<\/strong><\/p>\n<ul>\n<li>Dieselbe magnetische Bremse: Es ist die gleiche patentierte <a href=\"https:\/\/thrillsyndicate.com\/blog\/the-science-of-eddy-current-magnetic-braking\/\">magnetische Wirbelstrombremse<\/a>, die Kletterer wegen des sanften Abstiegs sch\u00e4tzen.<\/li>\n<li>Gleiche Zuverl\u00e4ssigkeit und geringer Wartungsaufwand: Wirbelstrom-Magnetbremsen sind reibungsfrei und haben keine Opferverschlei\u00dfteile im Bremssystem, sodass unsere Ger\u00e4te \u00e4u\u00dferst zuverl\u00e4ssig und wartungsarm sind<\/li>\n<li>R\u00fcckzugsgeschwindigkeit: Das TRUBLUE SPEED-Selbstsicherungsger\u00e4t zieht sich in 2,7 Sekunden f\u00fcr eine 10-Meter-Wand und 3,5 Sekunden f\u00fcr eine 15-Meter-Wand ein, was die IFSC-Standards \u00fcbertrifft und schnell genug f\u00fcr aktuelle und zuk\u00fcnftige Weltrekorde ist<\/li>\n<li>Zugkraft: Gem\u00e4\u00df den IFSC-Standards \u00fcbt das TRUBLUE Speed-Selbstsicherungsger\u00e4t eine minimale Kraft auf einen Kletterer aus, sodass die Ergebnisse ganz Ihnen geh\u00f6ren<\/li>\n<\/ul>\n<p><iframe loading=\"lazy\" title=\"TRUBLUE SPEED Auto Belay\" width=\"980\" height=\"551\" src=\"https:\/\/www.youtube.com\/embed\/pJBvGkoWopg?feature=oembed\" frameborder=\"0\" allow=\"accelerometer; autoplay; clipboard-write; encrypted-media; gyroscope; picture-in-picture; web-share\" referrerpolicy=\"strict-origin-when-cross-origin\" allowfullscreen><\/iframe><\/p>\n<h2>SPEZIFIKATIONEN<\/h2>\n<ul class=\"hrt-specs\">\n<li>Nennk\u00f6rpergewicht: 10 bis 136 kg (22 bis 300 lbs)<\/li>\n<li>Ger\u00e4tegewicht: 18,5 kg (41 lbs)<\/li>\n<li>Maximale Montageh\u00f6he: 16 m (52,8 Fu\u00df)<\/li>\n<li>Minimale Montageh\u00f6he: 7,5 m (24,6 Fu\u00df)<\/li>\n<li>Maximale Sinkgeschwindigkeit: 2,0 m\/s (6,6 ft\/s)<\/li>\n<li>Temperaturbereich:\n<ul>\n<li>Betrieb: -4 \u00b0C bis 60 \u00b0C (25 \u00b0F bis 140 \u00b0F)<\/li>\n<li>Betrieb (trocken): -10 \u00b0C bis 60 \u00b0C (14 \u00b0F bis 140 \u00b0F)<\/li>\n<\/ul>\n<\/li>\n<\/ul>\n<h2 class=\"product-title ecomproduct__product-title\">Trublue SPEED Jahresdienst<\/h2>\n<p>Um die Garantie deines TRUBLUE SPEED Auto Belay zu erhalten und die Einhaltung der Sicherheitsstandards zu gew\u00e4hrleisten, m\u00fcssen alle Ger\u00e4te j\u00e4hrlich gewartet werden. Die Wartung ist ein j\u00e4hrlicher Prozess, mit dem sichergestellt wird, dass dein TRUBLUE SPEED ordnungsgem\u00e4\u00df funktioniert und verschlissene Teile, wie das Gurtband, ersetzt werden. Die rechtzeitige Wartung deines TRUBLUE SPEED tr\u00e4gt dazu bei, die Garantie zu erhalten und die Leistung zu maximieren. Au\u00dferdem ist eine j\u00e4hrliche Wartung vorgeschrieben, um die Einhaltung von Sicherheitsstandards wie CE und ANSI zu gew\u00e4hrleisten. Trublue SPEED J\u00e4hrlicher Service \u20ac239,00.<\/p>\n<h2>SICHERHEITSSTANDARDS<\/h2>\n<p>Die Selbstsicherungsger\u00e4te TRUBLUE, TRUBLUE XL und TRUBLUE SPEED entsprechen der Verordnung (EU) 2016\/425 und den folgenden geltenden Sicherheitsvorschriften:<\/p>\n<ul>\n<li><strong>AS\/NZS 1891:<\/strong> Industrielle Absturzsicherungssysteme und -ger\u00e4te \u2013 Teil 3: Absturzsicherungsger\u00e4te<\/li>\n<li><strong>CSA Z259.2.3-99:<\/strong> Abstiegskontrollger\u00e4te<\/li>\n<li><strong>EN 341: 2011 Klasse 1A:<\/strong> Pers\u00f6nliche Schutzausr\u00fcstung gegen Absturz \u2013 Abseilger\u00e4te<\/li>\n<li><strong>ANSI\/ASSE Z359.4:<\/strong> Sicherheitsanforderungen f\u00fcr unterst\u00fctzte Rettungs- und Selbstrettungssysteme, Subsysteme und Komponenten<\/li>\n<li><strong>EN 360:2002:<\/strong> Pers\u00f6nliche Schutzausr\u00fcstung gegen Absturz \u2013 H\u00f6hensicherungsger\u00e4te\n<ul>\n<li>Abschnitt 4.5: Maximalkraft&lt; 6 kN f\u00fcr 150 kg Kapazit\u00e4t<\/li>\n<\/ul>\n<\/li>\n<li><a href=\"https:\/\/cdn2.hubspot.net\/hubfs\/5957371\/magento-manuals\/trublue\/EN_trublue-speed-operation-manual.pdf\" target=\"_blank\" rel=\"noopener\">TRUBLUE SPEED Handbuch<\/a><\/li>\n<\/ul>\n<p><img loading=\"lazy\" decoding=\"async\" class=\"alignnone wp-image-151 size-full\" src=\"https:\/\/thrillsyndicate.com\/wp-content\/uploads\/2022\/02\/TRUBLUE_Selection-Guide-rev_1-0.jpg\" alt=\"\" width=\"826\" height=\"1334\" srcset=\"https:\/\/thrillsyndicate.com\/wp-content\/uploads\/2022\/02\/TRUBLUE_Selection-Guide-rev_1-0.jpg 826w, https:\/\/thrillsyndicate.com\/wp-content\/uploads\/2022\/02\/TRUBLUE_Selection-Guide-rev_1-0-458x740.jpg 458w, https:\/\/thrillsyndicate.com\/wp-content\/uploads\/2022\/02\/TRUBLUE_Selection-Guide-rev_1-0-186x300.jpg 186w, https:\/\/thrillsyndicate.com\/wp-content\/uploads\/2022\/02\/TRUBLUE_Selection-Guide-rev_1-0-634x1024.jpg 634w, https:\/\/thrillsyndicate.com\/wp-content\/uploads\/2022\/02\/TRUBLUE_Selection-Guide-rev_1-0-768x1240.jpg 768w, https:\/\/thrillsyndicate.com\/wp-content\/uploads\/2022\/02\/TRUBLUE_Selection-Guide-rev_1-0-100x162.jpg 100w\" sizes=\"auto, (max-width: 826px) 100vw, 826px\" \/><\/p>\n","protected":false},"excerpt":{"rendered":"<p>Das TruBlue Speed Auto Belay wurde f\u00fcr Spitzenkletterer entwickelt und bietet die schnellste R\u00fcckzugsgeschwindigkeit und magnetische Wirbelstrombremse. Entdecke das zuverl\u00e4ssigste Sicherungsger\u00e4t der Welt.<\/p>\n","protected":false},"featured_media":3216,"template":"","meta":{"_coblocks_attr":"","_coblocks_dimensions":"","_coblocks_responsive_height":"","_coblocks_accordion_ie_support":"","wds_primary_product_brand":0,"wds_primary_product_cat":0},"product_brand":[72],"product_cat":[23],"product_tag":[466],"class_list":{"0":"post-5368","1":"product","2":"type-product","3":"status-publish","4":"has-post-thumbnail","6":"product_brand-head-rush-technologies","7":"product_cat-vertical-auto-belay-systems","8":"product_tag-trublue-de","10":"first","11":"instock","12":"sale","13":"taxable","14":"shipping-taxable","15":"purchasable","16":"product-type-variable","17":"has-default-attributes"},"_links":{"self":[{"href":"https:\/\/thrillsyndicate.com\/de\/wp-json\/wp\/v2\/product\/5368","targetHints":{"allow":["GET"]}}],"collection":[{"href":"https:\/\/thrillsyndicate.com\/de\/wp-json\/wp\/v2\/product"}],"about":[{"href":"https:\/\/thrillsyndicate.com\/de\/wp-json\/wp\/v2\/types\/product"}],"wp:featuredmedia":[{"embeddable":true,"href":"https:\/\/thrillsyndicate.com\/de\/wp-json\/wp\/v2\/media\/3216"}],"wp:attachment":[{"href":"https:\/\/thrillsyndicate.com\/de\/wp-json\/wp\/v2\/media?parent=5368"}],"wp:term":[{"taxonomy":"product_brand","embeddable":true,"href":"https:\/\/thrillsyndicate.com\/de\/wp-json\/wp\/v2\/product_brand?post=5368"},{"taxonomy":"product_cat","embeddable":true,"href":"https:\/\/thrillsyndicate.com\/de\/wp-json\/wp\/v2\/product_cat?post=5368"},{"taxonomy":"product_tag","embeddable":true,"href":"https:\/\/thrillsyndicate.com\/de\/wp-json\/wp\/v2\/product_tag?post=5368"}],"curies":[{"name":"wp","href":"https:\/\/api.w.org\/{rel}","templated":true}]}}