{"id":5369,"date":"2022-02-25T17:11:53","date_gmt":"2022-02-25T16:11:53","guid":{"rendered":"https:\/\/thrillsyndicate.com\/shop\/zipback-zipline-rueckzugsvorrichtung\/"},"modified":"2025-08-25T13:05:04","modified_gmt":"2025-08-25T11:05:04","slug":"zipback-zipline-rueckzugsvorrichtung","status":"publish","type":"product","link":"https:\/\/thrillsyndicate.com\/de\/product\/zipback-zipline-rueckzugsvorrichtung\/","title":{"rendered":"zipBACK Zipline-R\u00fcckzugsvorrichtung"},"content":{"rendered":"<div class=\"hrt-product-description\">\n<p><strong>Bitte beachten Sie<\/strong>, dass sich der Preis f\u00fcr das <b>zipBACK Seilbahn-R\u00fcckholsystem<\/b> ab dem <b>1. Oktober 2025<\/b> aufgrund von Zollproblemen <b>erh\u00f6ht<\/b>. Um den aktuellen Preis zu erhalten, muss Ihre Bestellung vor dem 1. Oktober 2025 aufgegeben werden und bis zum 30. November 2025 geliefert werden. <\/p>\n<p>Erh\u00f6hen Sie den Durchsatz und die Zuverl\u00e4ssigkeit Ihres Mini-Rei\u00dfverschlusses mit dem zipBACK Retraction Device. Das zipBACK ist eine einfache, zuverl\u00e4ssige und kosteng\u00fcnstige L\u00f6sung f\u00fcr die Bergung von Mini-Zipline-Trolleys. Kompatibel mit Seilrutschen mit einer L\u00e4nge von bis zu 40 m (130 Fu\u00df) mit einem einfachen externen 2:1-Umleitungssystem, das vom Endbenutzer bereitgestellt und installiert wird. Darf nur in Anlagen verwendet werden, die nicht der Lebensrettung dienen, um Seilrollen zu bergen.<\/p>\n<p>Der zipBACK Auto Retract-Mechanismus bringt den Rollenwagen schnell wieder auf die Oberseite des Seilzugs zur\u00fcck. Sobald die Fahrer ausgehakt sind, bringt das Auto-Retract-System den Trolley in nur wenigen Sekunden zur\u00fcck an die Spitze der Linie, bereit f\u00fcr den n\u00e4chsten Fahrer. Dies hilft, einen hohen Durchsatz aufrechtzuerhalten und stellt sicher, dass der Betrieb f\u00fcr das Personal so reibungslos und einfach wie m\u00f6glich ist. Es m\u00fcssen keine Winden bet\u00e4tigt werden, es m\u00fcssen keine Seilrollen entfernt werden und man muss sich nicht um Absenkvorrichtungen k\u00fcmmern, die den Durchsatz verlangsamen.<\/p>\n<p><iframe loading=\"lazy\" title=\"The zipBACK - Zipline Retraction Device\" width=\"980\" height=\"551\" src=\"https:\/\/www.youtube.com\/embed\/T22u-dO2fJQ?feature=oembed\" frameborder=\"0\" allow=\"accelerometer; autoplay; clipboard-write; encrypted-media; gyroscope; picture-in-picture\" allowfullscreen><\/iframe><\/p>\n<h2>Sparen Sie Zeit und Geld und erh\u00f6hen Sie den Durchsatz<\/h2>\n<div>\n<ul>\n<li>Minimieren Sie den Bedarf an Personal, um die Teilnehmer mit manuellen Abrufsystemen zu unterst\u00fctzen<\/li>\n<li>Ein Ger\u00e4t, das Ihren Trolley problemlos immer wieder zum Anfang Ihrer Seilrutsche zur\u00fcckbringt<\/li>\n<li>Entwickelt f\u00fcr kurze, gurtlose Seilrutschen mit weichen Landungen<\/li>\n<li>Beseitigen Sie komplizierte Umleitungssysteme, die sich verdrehen, verwirren und mit der Zeit unzuverl\u00e4ssig werden<\/li>\n<li>Kosteng\u00fcnstige Einheit mit vor Ort austauschbaren Verschlei\u00dfteilen<\/li>\n<li>Keine j\u00e4hrliche Rezertifizierung erforderlich<\/li>\n<\/ul>\n<\/div>\n<h3>Die Versammlung beinhaltet:<\/h3>\n<div class=\"hrt-specs\">\n<ul>\n<li>zipBACK R\u00fcckzugsvorrichtung<\/li>\n<li>Halterung, Stifte und Rattlestop<\/li>\n<\/ul>\n<\/div>\n<p><strong>HINWEIS: BIETET KEINE BREMSUNG.<\/strong><\/p>\n<\/div>\n<h2>Wichtige zipBACK-Spezifikationen:<\/h2>\n<ul>\n<li>Beseitigen Sie komplizierte Umleitungssysteme, die sich verdrehen, verwirren und mit der Zeit unzuverl\u00e4ssig werden<\/li>\n<li>Entwickelt f\u00fcr Seilrutschen mit einer L\u00e4nge von bis zu 40 m (130 Fu\u00df).<\/li>\n<li>Kosteng\u00fcnstige Einheit mit vor Ort austauschbaren Verschlei\u00dfteilen<\/li>\n<li>Minimieren Sie den Bedarf an Personal, um die Teilnehmer mit manuellen Abrufsystemen zu unterst\u00fctzen<\/li>\n<li>Keine j\u00e4hrliche Neuzertifizierung f\u00fcr Nicht-Lebenssicherheitseinrichtungen erforderlich.<\/li>\n<li>Minimaler Widerstand beim Fahren erm\u00f6glicht selbst den leichtesten Fahrern eine Fahrt in voller L\u00e4nge<\/li>\n<li>Kontrolliertes und zuverl\u00e4ssiges Einfahren der meisten Seilrollen<\/li>\n<li>H\u00e4lt Au\u00dfenumgebungen stand und arbeitet unter allen Bedingungen konstant.<\/li>\n<li>Abmessungen: 380 x 320 x 216 mm (15 x 12,6 x 8,5 Zoll)<\/li>\n<li>Gewicht: 15kg (33lbs)<\/li>\n<li><a href=\"https:\/\/cdn2.hubspot.net\/hubfs\/5957371\/magento-manuals\/zipback\/EN_20190702_zipBACKManual-Installation.pdf\" target=\"_blank\" rel=\"noopener\">zipBACK-Installationsanleitung<\/a><\/li>\n<\/ul>\n<div class=\"hrt-specs\"><\/div>\n","protected":false},"excerpt":{"rendered":"<p>Der zipBACK Auto Retract-Mechanismus bringt den Rollenwagen schnell wieder auf die Oberseite des Seilzugs zur\u00fcck. Sobald die Fahrer ausgehakt sind, bringt das Auto-Retract-System den Trolley in nur wenigen Sekunden zur\u00fcck an die Spitze der Linie, bereit f\u00fcr den n\u00e4chsten Fahrer.<\/p>\n","protected":false},"featured_media":2439,"template":"","meta":{"_coblocks_attr":"","_coblocks_dimensions":"","_coblocks_responsive_height":"","_coblocks_accordion_ie_support":"","wds_primary_product_brand":0,"wds_primary_product_cat":0},"product_brand":[72],"product_cat":[28],"product_tag":[36],"class_list":{"0":"post-5369","1":"product","2":"type-product","3":"status-publish","4":"has-post-thumbnail","6":"product_brand-head-rush-technologies","7":"product_cat-zipwire-braking-systems","8":"product_tag-zipline","10":"first","11":"instock","12":"taxable","13":"shipping-taxable","14":"purchasable","15":"product-type-simple"},"_links":{"self":[{"href":"https:\/\/thrillsyndicate.com\/de\/wp-json\/wp\/v2\/product\/5369","targetHints":{"allow":["GET"]}}],"collection":[{"href":"https:\/\/thrillsyndicate.com\/de\/wp-json\/wp\/v2\/product"}],"about":[{"href":"https:\/\/thrillsyndicate.com\/de\/wp-json\/wp\/v2\/types\/product"}],"wp:featuredmedia":[{"embeddable":true,"href":"https:\/\/thrillsyndicate.com\/de\/wp-json\/wp\/v2\/media\/2439"}],"wp:attachment":[{"href":"https:\/\/thrillsyndicate.com\/de\/wp-json\/wp\/v2\/media?parent=5369"}],"wp:term":[{"taxonomy":"product_brand","embeddable":true,"href":"https:\/\/thrillsyndicate.com\/de\/wp-json\/wp\/v2\/product_brand?post=5369"},{"taxonomy":"product_cat","embeddable":true,"href":"https:\/\/thrillsyndicate.com\/de\/wp-json\/wp\/v2\/product_cat?post=5369"},{"taxonomy":"product_tag","embeddable":true,"href":"https:\/\/thrillsyndicate.com\/de\/wp-json\/wp\/v2\/product_tag?post=5369"}],"curies":[{"name":"wp","href":"https:\/\/api.w.org\/{rel}","templated":true}]}}