{"id":5373,"date":"2022-02-25T16:10:48","date_gmt":"2022-02-25T15:10:48","guid":{"rendered":"https:\/\/thrillsyndicate.com\/shop\/trublue-selbstsicherungsoption\/"},"modified":"2025-11-03T13:41:53","modified_gmt":"2025-11-03T12:41:53","slug":"trublue-selbstsicherungsoption","status":"publish","type":"product","link":"https:\/\/thrillsyndicate.com\/de\/product\/trublue-selbstsicherungsoption\/","title":{"rendered":"TRUBLUE Selbstsicherungsoption"},"content":{"rendered":"<div class=\"hrt-product-description\">  Die TRUBLUE Selbstsicherung ist ein Zubeh\u00f6r f\u00fcr die Selbstsicherung, das ein versehentliches L\u00f6sen des Gurtbandes durch den Kletterer verhindert und die Schwierigkeit des Herunterziehens des Gurtbandes zum Einklinken beseitigt. F\u00fcr neue Kletterer bietet es eine einfache Alternative zu Triple-Action-Karabinern und minimiert die Wahrscheinlichkeit von Clipping-Fehlern. Urspr\u00fcnglich f\u00fcr Familienunterhaltungszentren entwickelt, eignen sich Self Belays gut f\u00fcr das Management von Kletterhallen, Fitnesszentren, tragbaren Kletterw\u00e4nden, Abenteuerkursen, Trampolinparks und allen Unternehmen, die Kletterausr\u00fcstung als Teil ihres Gesch\u00e4ftsmodells vermieten. Self Belays werden mit zwei Quick Link Delta-Verbindungen geliefert.  <\/div>\n<div class=\"hrt-specs\">\n<ul>\n<li>Wie installiert\n<ul>\n<li>Breite: 63 mm<\/li>\n<li>Tiefe: 27 mm<\/li>\n<\/ul>\n<\/li>\n<li>Mindestbruchkraft: 20 kN Axiallast<\/li>\n<li>Hauptk\u00f6rper erf\u00fcllt die Anforderungen von EN 362:2004\/T<\/li>\n<li>Quick Link Delta erf\u00fcllt die Anforderungen der EN 263:2004\/Q<\/li>\n<\/ul>\n<p><iframe loading=\"lazy\" title=\"TRUBLUE Self Belay option\" width=\"980\" height=\"551\" src=\"https:\/\/www.youtube.com\/embed\/Gatl-2ujVzo?feature=oembed\" frameborder=\"0\" allow=\"accelerometer; autoplay; clipboard-write; encrypted-media; gyroscope; picture-in-picture\" allowfullscreen><\/iframe>\n <\/div>\n","protected":false},"excerpt":{"rendered":"<p>Das Self Belay ist ein automatisches Sicherungszubeh\u00f6r, das ein versehentliches L\u00f6sen des Gurtbands durch den Kletterer verhindert und die Schwierigkeit beseitigt, das Gurtband herunterzuziehen, um es einzuh\u00e4ngen. F\u00fcr neue Kletterer bietet es eine einfache Alternative zu Triple-Action-Karabinern und verringert die Wahrscheinlichkeit von Clipping-Fehlern.<\/p>\n","protected":false},"featured_media":3162,"template":"","meta":{"_coblocks_attr":"","_coblocks_dimensions":"","_coblocks_responsive_height":"","_coblocks_accordion_ie_support":"","wds_primary_product_brand":0,"wds_primary_product_cat":0},"product_brand":[72],"product_cat":[33],"product_tag":[24],"class_list":{"0":"post-5373","1":"product","2":"type-product","3":"status-publish","4":"has-post-thumbnail","6":"product_brand-head-rush-technologies","7":"product_cat-trublue-accessories","8":"product_tag-trublue","10":"first","11":"instock","12":"taxable","13":"shipping-taxable","14":"purchasable","15":"product-type-simple"},"_links":{"self":[{"href":"https:\/\/thrillsyndicate.com\/de\/wp-json\/wp\/v2\/product\/5373","targetHints":{"allow":["GET"]}}],"collection":[{"href":"https:\/\/thrillsyndicate.com\/de\/wp-json\/wp\/v2\/product"}],"about":[{"href":"https:\/\/thrillsyndicate.com\/de\/wp-json\/wp\/v2\/types\/product"}],"wp:featuredmedia":[{"embeddable":true,"href":"https:\/\/thrillsyndicate.com\/de\/wp-json\/wp\/v2\/media\/3162"}],"wp:attachment":[{"href":"https:\/\/thrillsyndicate.com\/de\/wp-json\/wp\/v2\/media?parent=5373"}],"wp:term":[{"taxonomy":"product_brand","embeddable":true,"href":"https:\/\/thrillsyndicate.com\/de\/wp-json\/wp\/v2\/product_brand?post=5373"},{"taxonomy":"product_cat","embeddable":true,"href":"https:\/\/thrillsyndicate.com\/de\/wp-json\/wp\/v2\/product_cat?post=5373"},{"taxonomy":"product_tag","embeddable":true,"href":"https:\/\/thrillsyndicate.com\/de\/wp-json\/wp\/v2\/product_tag?post=5373"}],"curies":[{"name":"wp","href":"https:\/\/api.w.org\/{rel}","templated":true}]}}