{"id":5420,"date":"2022-02-25T17:29:03","date_gmt":"2022-02-25T16:29:03","guid":{"rendered":"https:\/\/thrillsyndicate.com\/shop\/lightspeed-micro-trolley\/"},"modified":"2025-08-16T13:04:56","modified_gmt":"2025-08-16T11:04:56","slug":"lightspeed-micro-trolley","status":"publish","type":"product","link":"https:\/\/thrillsyndicate.com\/de\/product\/lightspeed-micro-trolley\/","title":{"rendered":"LightSpeed Micro-Trolley"},"content":{"rendered":"<p>Er mag klein sein, aber untersch\u00e4tzen Sie den LightSpeed Micro Trolley nicht. Dieser Zip-Line-Trolley ist kompakt, langlebig und leicht. Die hochwertigen Materialien und hochwertigen Lager, die im Micro verwendet werden, erh\u00f6hen die Lebensdauer des Trolleys. Es ist eine erschwingliche Option f\u00fcr Seilbahnbetreiber, die eine schnelle, sanfte Fahrt bieten m\u00f6chten, und es ist robust genug, um Aufprallbremsungen ohne unn\u00f6tigen Ballast zu \u00fcberstehen.  <strong>Hinweis: Volumenpreise sind in Chargen von 25, 50, 100, 200 St\u00fcck in einer Bestellung erh\u00e4ltlich. <\/strong><\/p>\n<ul>\n<li>Aus hochfester, geh\u00e4rteter Aluminiumlegierung<\/li>\n<li>Vier in sich geschlossene, <a href=\"https:\/\/thrillsyndicate.com\/de\/all-about-bearings-why-zip-line-bearings-matter\/\">ABEC-zertifizierte Lager<\/a> machen diese kompakten Seilrollen zu den langlebigsten auf dem Markt<\/li>\n<li>Ausgelegt f\u00fcr Geschwindigkeiten bis zu 121 km\/h (75 mph) und Aufprallgeschwindigkeiten von 72 km\/h (45 mph)<\/li>\n<li>Das zum Patent angemeldete Vorw\u00e4rtsdesign h\u00e4lt beim Bremsen beide Scheiben am Kabel, um ein sanfteres Fahrerlebnis zu gew\u00e4hrleisten<\/li>\n<li>Die integrierte Prallfl\u00e4che ist auf Langlebigkeit beim Bremsen ausgelegt<\/li>\n<li>Das gebogene Design des Sicherungskarabinerschlitzes h\u00e4lt den Sicherungskarabiner w\u00e4hrend des gesamten Bremsvorgangs an Ort und Stelle (reduziert den Verschlei\u00df Ihrer Leine).<\/li>\n<li>Das optionale Fangzubeh\u00f6r l\u00e4sst sich in den <a href=\"https:\/\/thrillsyndicate.com\/de\/shop\/zipstop-bremstrolley-mit-verschluss\/\">zipSTOP<\/a> -Bremstrolley integrieren, um das Zur\u00fcckholen des Fahrers zu erleichtern.<\/li>\n<\/ul>\n<p><iframe loading=\"lazy\" title=\"LightSpeed Micro Zip Line Trolley\" width=\"980\" height=\"551\" src=\"https:\/\/www.youtube.com\/embed\/GGbyfX4YUws?feature=oembed\" frameborder=\"0\" allow=\"accelerometer; autoplay; clipboard-write; encrypted-media; gyroscope; picture-in-picture\" allowfullscreen><\/iframe><\/p>\n<h4>SPEZIFIKATIONEN<\/h4>\n<div class=\"hrt-specs\">\n<ul>\n<li>Abmessungen: 123 mm (4,8 Zoll)<\/li>\n<li>Gewicht: 364 Gramm (0,8 Pfund)<\/li>\n<li>Nennarbeitskapazit\u00e4t: 15-150 kg (33-330 lbs)<\/li>\n<li>Kabelleitungsdurchmesser: 9,5 mm \u2264 \u00f8 \u2264 13 mm (3\/8 Zoll \u2264 \u00f8 \u2264 1\/2 Zoll)<\/li>\n<li><a href=\"https:\/\/thrillsyndicate.com\/wp-content\/uploads\/2022\/02\/P5-17-08-89530-004-Lightspeed-Micro-certificate.pdf\">LightSpeed Micro Trolley \u2013 CE-Zertifikat<\/a><\/li>\n<li><a href=\"https:\/\/cdn2.hubspot.net\/hubfs\/5957371\/website-docs\/manuals\/lightspeed\/EN-micro-trolley-operation-manual-V2.pdf\" target=\"_blank\" rel=\"noopener\">LightSpeed Micro Trolley Handbuch<\/a><\/li>\n<\/ul>\n<\/div>\n","protected":false},"excerpt":{"rendered":"<p>Der LightSpeed Micro ist ein kompakter, leichter Seilrutschen-Trolley, der auf Langlebigkeit ausgelegt ist. Sein zum Patent angemeldetes Design verlagert das Gewicht des Fahrers beim Aufprallbremsen nach vorne, h\u00e4lt die Scheiben auf der Leine und den Sicherungskarabiner an Ort und Stelle (was weniger Verschlei\u00df an Ihrer Leine bedeutet).<\/p>\n","protected":false},"featured_media":2460,"template":"","meta":{"_coblocks_attr":"","_coblocks_dimensions":"","_coblocks_responsive_height":"","_coblocks_accordion_ie_support":"","wds_primary_product_brand":0,"wds_primary_product_cat":0},"product_brand":[72],"product_cat":[68],"product_tag":[36,37],"class_list":{"0":"post-5420","1":"product","2":"type-product","3":"status-publish","4":"has-post-thumbnail","6":"product_brand-head-rush-technologies","7":"product_cat-zipline-trolleys","8":"product_tag-zipline","9":"product_tag-zipline-trolley","11":"first","12":"instock","13":"sale","14":"taxable","15":"shipping-taxable","16":"purchasable","17":"product-type-variable","18":"has-default-attributes"},"_links":{"self":[{"href":"https:\/\/thrillsyndicate.com\/de\/wp-json\/wp\/v2\/product\/5420","targetHints":{"allow":["GET"]}}],"collection":[{"href":"https:\/\/thrillsyndicate.com\/de\/wp-json\/wp\/v2\/product"}],"about":[{"href":"https:\/\/thrillsyndicate.com\/de\/wp-json\/wp\/v2\/types\/product"}],"wp:featuredmedia":[{"embeddable":true,"href":"https:\/\/thrillsyndicate.com\/de\/wp-json\/wp\/v2\/media\/2460"}],"wp:attachment":[{"href":"https:\/\/thrillsyndicate.com\/de\/wp-json\/wp\/v2\/media?parent=5420"}],"wp:term":[{"taxonomy":"product_brand","embeddable":true,"href":"https:\/\/thrillsyndicate.com\/de\/wp-json\/wp\/v2\/product_brand?post=5420"},{"taxonomy":"product_cat","embeddable":true,"href":"https:\/\/thrillsyndicate.com\/de\/wp-json\/wp\/v2\/product_cat?post=5420"},{"taxonomy":"product_tag","embeddable":true,"href":"https:\/\/thrillsyndicate.com\/de\/wp-json\/wp\/v2\/product_tag?post=5420"}],"curies":[{"name":"wp","href":"https:\/\/api.w.org\/{rel}","templated":true}]}}