{"id":5438,"date":"2022-02-25T17:39:54","date_gmt":"2022-02-25T16:39:54","guid":{"rendered":"https:\/\/thrillsyndicate.com\/shop\/gorilla-seil-hochfestes-dyneema-seil-fuer-seilrutschen\/"},"modified":"2025-08-16T15:03:43","modified_gmt":"2025-08-16T13:03:43","slug":"gorilla-seil","status":"publish","type":"product","link":"https:\/\/thrillsyndicate.com\/de\/product\/gorilla-seil\/","title":{"rendered":"Gorilla-Seil | Hochfestes Dyneema-Seil f\u00fcr Seilrutschen"},"content":{"rendered":"<div class=\"hrt-product-description\">  Gorilla Rope wurde speziell als Umlenk- oder Reduktionsseil f\u00fcr <a href=\"https:\/\/thrillsyndicate.com\/de\/kategorie\/zipline-sicherheitslosungen\/zipwire-bremssysteme\/\">zipSTOP Zip Line Brakes<\/a> entwickelt und bietet hohe Festigkeit, eine lange Lebensdauer und minimale Dehnung f\u00fcr Ihr Zip Line Bremssystem. Es ist au\u00dferdem abriebfest, UV-best\u00e4ndig und hydrophob, was es ideal f\u00fcr eine Vielzahl von Outdoor-Aktivit\u00e4ten macht. Gorilla Rope eignet sich auch zum Klettern, Campen, f\u00fcr Rucksacktouren, zum Segeln und f\u00fcr alle anderen abenteuerlichen oder industriellen Aktivit\u00e4ten, bei denen Haltbarkeit, St\u00e4rke und maximale Leistung gefragt sind.  <strong>Erh\u00e4ltlich in 100- und 200-Meter-Spulen.<\/strong>  Merkmale:  <\/p>\n<ul>\n<li>Hohes Verh\u00e4ltnis von Festigkeit zu Gewicht aufgrund des speziell entwickelten Kerns<\/li>\n<li>Die abriebfeste Ummantelung beh\u00e4lt die Integrit\u00e4t bei Reibung<\/li>\n<li>Die dehnungsbest\u00e4ndige Konstruktion maximiert die Bremsleistung der Seilrutsche<\/li>\n<li>Flexibles, ausgewogenes Design l\u00e4uft unter Last und bei hohen Geschwindigkeiten reibungslos \u00fcber Seilrollen<\/li>\n<li>Rutschfeste Au\u00dfenummantelung zur Verringerung des Knotenrutschens<\/li>\n<li>Wasserfester Kern und Au\u00dfenmantel optimal f\u00fcr den Au\u00dfeneinsatz<\/li>\n<li>Lichtbest\u00e4ndige Materialien halten die Farben bei Sonne und Regen lebendig und sehen l\u00e4nger besser aus<\/li>\n<li>Leichtbau<\/li>\n<li>Kompatibel mit der <a href=\"https:\/\/thrillsyndicate.com\/de\/shop\/precision-pulley\/\">Pr\u00e4zisionsriemenscheibe<\/a><\/li>\n<\/ul>\n<p><strong>Hinweis: Das Gorilla-Seil nutzt sich mit der Zeit ab. Die H\u00e4ufigkeit des Austauschs h\u00e4ngt von der Nutzung ab. Alle Komponenten, die besch\u00e4digt erscheinen oder Anzeichen von Verschlei\u00df aufweisen, sollten sofort ersetzt werden. Sch\u00e4den k\u00f6nnen beinhalten (aber nicht beschr\u00e4nkt auf): Schrammen oder Schnitte, \u00fcberm\u00e4\u00dfige Abnutzung, Flusen, Sonnenbleiche, lose N\u00e4hte oder Verbrennungen. <\/strong><\/p>\n<\/div>\n<div class=\"hrt-specs\">\n<ul>\n<li>Durchmesser: 6mm<\/li>\n<li>Mindestbruchfestigkeit: 18,7 kN (4200 lbs)<\/li>\n<li>Gewicht: 2,4 kg\/100 Meter (1,5 lbs pro 100 ft)<\/li>\n<li><a href=\"https:\/\/cdn2.hubspot.net\/hubfs\/5957371\/magento-manuals\/zipstop\/EN_gorilla-rope-operation-manual.pdf\" target=\"_blank\" rel=\"noopener\">Gorilla-Seil-Handbuch<\/a><\/li>\n<\/ul>\n<\/div>\n","protected":false},"excerpt":{"rendered":"<p>Gorilla Rope wurde speziell entwickelt, um als Umlenk- oder Reduktionsleine f\u00fcr zipSTOP Zip Line Brakes zu funktionieren und verleiht Ihrem Zip Line-Bremssystem eine hohe Festigkeit, eine lange Lebensdauer und eine minimale Dehnung.<\/p>\n","protected":false},"featured_media":2937,"template":"","meta":{"_coblocks_attr":"","_coblocks_dimensions":"","_coblocks_responsive_height":"","_coblocks_accordion_ie_support":"","wds_primary_product_brand":0,"wds_primary_product_cat":0},"product_brand":[72],"product_cat":[39],"product_tag":[30,29],"class_list":{"0":"post-5438","1":"product","2":"type-product","3":"status-publish","4":"has-post-thumbnail","6":"product_brand-head-rush-technologies","7":"product_cat-zipstop-accessories","8":"product_tag-zipline-brake","9":"product_tag-zipstop","11":"first","12":"instock","13":"taxable","14":"shipping-taxable","15":"purchasable","16":"product-type-variable"},"_links":{"self":[{"href":"https:\/\/thrillsyndicate.com\/de\/wp-json\/wp\/v2\/product\/5438","targetHints":{"allow":["GET"]}}],"collection":[{"href":"https:\/\/thrillsyndicate.com\/de\/wp-json\/wp\/v2\/product"}],"about":[{"href":"https:\/\/thrillsyndicate.com\/de\/wp-json\/wp\/v2\/types\/product"}],"wp:featuredmedia":[{"embeddable":true,"href":"https:\/\/thrillsyndicate.com\/de\/wp-json\/wp\/v2\/media\/2937"}],"wp:attachment":[{"href":"https:\/\/thrillsyndicate.com\/de\/wp-json\/wp\/v2\/media?parent=5438"}],"wp:term":[{"taxonomy":"product_brand","embeddable":true,"href":"https:\/\/thrillsyndicate.com\/de\/wp-json\/wp\/v2\/product_brand?post=5438"},{"taxonomy":"product_cat","embeddable":true,"href":"https:\/\/thrillsyndicate.com\/de\/wp-json\/wp\/v2\/product_cat?post=5438"},{"taxonomy":"product_tag","embeddable":true,"href":"https:\/\/thrillsyndicate.com\/de\/wp-json\/wp\/v2\/product_tag?post=5438"}],"curies":[{"name":"wp","href":"https:\/\/api.w.org\/{rel}","templated":true}]}}