{"id":5443,"date":"2022-02-25T16:21:00","date_gmt":"2022-02-25T15:21:00","guid":{"rendered":"https:\/\/thrillsyndicate.com\/shop\/trublue-xl-ersatzgurtband\/"},"modified":"2025-11-03T13:40:08","modified_gmt":"2025-11-03T12:40:08","slug":"trublue-xl-ersatzband","status":"publish","type":"product","link":"https:\/\/thrillsyndicate.com\/de\/product\/trublue-xl-ersatzband\/","title":{"rendered":"TRUBLUE XL Ersatzgurtband"},"content":{"rendered":"<p>Das <a href=\"https:\/\/thrillsyndicate.com\/de\/vertical-auto-belay-systems-2\/\">TRUBLUE XL Auto Belay<\/a> ist mit einem Gurtband ausgestattet, das der Besitzer vor Ort durch ein Ersatzgurtband ersetzen kann. Abgenutztes oder besch\u00e4digtes Gurtband sollte sofort ersetzt werden. Sch\u00e4den beinhalten, sind aber nicht beschr\u00e4nkt auf, \u00fcberm\u00e4\u00dfige Abnutzung, Fusseln, Ausbleichen durch die Sonne, Schnitte, Knicke, lose N\u00e4hte oder Verbrennungen.<\/p>\n<p><strong>TRUBLUE XL Gurtband-Verbinder:<\/strong><\/p>\n<table class=\"has-fixed-layout\" style=\"width: 100%; height: 359.751px;\">\n<tbody>\n<tr style=\"height: 151.797px;\">\n<td style=\"width: 33.2821%; height: 151.797px;\"><img loading=\"lazy\" decoding=\"async\" class=\"wp-image-17116 aligncenter\" style=\"display: block; margin-left: auto; margin-right: auto;\" src=\"https:\/\/thrillsyndicate.com\/wp-content\/uploads\/2024\/10\/Steel_Carabiner.png\" alt=\"Karabiner aus Stahl: Unser Standardverbinder. Strapazierf\u00e4hig und langlebig mit dreifachem Selbstverriegelungsschutz. Empfohlene Verwendung: Kletterhallen und Freizeitzentren\" width=\"150\" height=\"150\" srcset=\"https:\/\/thrillsyndicate.com\/wp-content\/uploads\/2024\/10\/Steel_Carabiner.png 250w, https:\/\/thrillsyndicate.com\/wp-content\/uploads\/2024\/10\/Steel_Carabiner-100x100.png 100w, https:\/\/thrillsyndicate.com\/wp-content\/uploads\/2024\/10\/Steel_Carabiner-150x150.png 150w\" sizes=\"auto, (max-width: 150px) 100vw, 150px\" \/><\/td>\n<td class=\"has-text-align-center\" style=\"text-align: center; width: 32.9746%; height: 151.797px;\" data-align=\"center\"><img loading=\"lazy\" decoding=\"async\" class=\"wp-image-17112 aligncenter\" src=\"https:\/\/thrillsyndicate.com\/wp-content\/uploads\/2024\/10\/Aluminum_Carabiner.png\" alt=\"Karabiner aus Aluminium: Leichter als Stahl und ideal f\u00fcr den Einsatz im Freien und in korrosiven Umgebungen. Empfohlene Verwendung: Kletterhallen, Freizeitzentren und Camps\" width=\"150\" height=\"150\" srcset=\"https:\/\/thrillsyndicate.com\/wp-content\/uploads\/2024\/10\/Aluminum_Carabiner.png 250w, https:\/\/thrillsyndicate.com\/wp-content\/uploads\/2024\/10\/Aluminum_Carabiner-100x100.png 100w, https:\/\/thrillsyndicate.com\/wp-content\/uploads\/2024\/10\/Aluminum_Carabiner-150x150.png 150w\" sizes=\"auto, (max-width: 150px) 100vw, 150px\" \/><\/td>\n<td class=\"has-text-align-center\" style=\"text-align: center; width: 33.7433%; height: 151.797px;\" data-align=\"center\"><img loading=\"lazy\" decoding=\"async\" class=\"wp-image-17108 aligncenter\" src=\"https:\/\/thrillsyndicate.com\/wp-content\/uploads\/2024\/10\/Swivel.png\" alt=\"Adventure Swivel: Eine vielseitige L\u00f6sung f\u00fcr Einrichtungen, die sekund\u00e4re Anschl\u00fcsse und einzigartige Operationen ben\u00f6tigen. Empfohlene Verwendung: Abenteuer-Parks\" width=\"150\" height=\"150\" srcset=\"https:\/\/thrillsyndicate.com\/wp-content\/uploads\/2024\/10\/Swivel.png 250w, https:\/\/thrillsyndicate.com\/wp-content\/uploads\/2024\/10\/Swivel-100x100.png 100w, https:\/\/thrillsyndicate.com\/wp-content\/uploads\/2024\/10\/Swivel-150x150.png 150w\" sizes=\"auto, (max-width: 150px) 100vw, 150px\" \/><\/td>\n<\/tr>\n<tr style=\"height: 20.7969px;\">\n<td style=\"text-align: center; width: 33.2821%; height: 20.7969px;\"><strong>Karabiner aus Stahl<\/strong><\/td>\n<td class=\"has-text-align-center\" style=\"text-align: center; width: 32.9746%; height: 20.7969px;\" data-align=\"center\"><strong>Karabiner aus Aluminium<\/strong><\/td>\n<td class=\"has-text-align-center\" style=\"text-align: center; width: 33.7433%; height: 20.7969px;\" data-align=\"center\"><strong>Abenteuer Swivel<\/strong><\/td>\n<\/tr>\n<tr style=\"height: 124.766px;\">\n<td style=\"text-align: center; width: 33.2821%; height: 124.766px;\">Unser Standardanschluss.<br \/>\nStrapazierf\u00e4hig und langlebig mit dreifachem Schutz durch automatische Verriegelung. <\/td>\n<td class=\"has-text-align-center\" style=\"text-align: center; width: 32.9746%; height: 124.766px;\" data-align=\"center\">Leichter als Stahl und ideal f\u00fcr den Au\u00dfeneinsatz und korrosive Umgebungen.<\/td>\n<td class=\"has-text-align-center\" style=\"text-align: center; width: 33.7433%; height: 124.766px;\" data-align=\"center\">Eine vielseitige L\u00f6sung f\u00fcr Einrichtungen, die sekund\u00e4re Anschl\u00fcsse und einzigartige Operationen ben\u00f6tigen.<\/td>\n<\/tr>\n<tr style=\"height: 20.7969px;\">\n<td style=\"text-align: center; width: 33.2821%; height: 20.7969px;\"><strong>Empfohlene Verwendung:<\/strong><\/td>\n<td class=\"has-text-align-center\" style=\"text-align: center; width: 32.9746%; height: 20.7969px;\" data-align=\"center\"><strong>Empfohlene Verwendung:<\/strong><\/td>\n<td class=\"has-text-align-center\" style=\"text-align: center; width: 33.7433%; height: 20.7969px;\" data-align=\"center\"><strong>Empfohlene Verwendung:<\/strong><\/td>\n<\/tr>\n<tr style=\"height: 41.5938px;\">\n<td style=\"text-align: center; width: 33.2821%; height: 41.5938px;\">Kletterhallen und Freizeitzentren<\/td>\n<td class=\"has-text-align-center\" style=\"text-align: center; width: 32.9746%; height: 41.5938px;\" data-align=\"center\">Kletterhallen, Freizeitzentren und Camps<\/td>\n<td class=\"has-text-align-center\" style=\"text-align: center; width: 33.7433%; height: 41.5938px;\" data-align=\"center\">Abenteuer-Parks<\/td>\n<\/tr>\n<\/tbody>\n<\/table>\n<table class=\"has-fixed-layout\" style=\"width: 66.4363%; height: 359.751px;\">\n<tbody>\n<tr style=\"height: 151.797px;\">\n<td class=\"has-text-align-center\" style=\"text-align: center; width: 49.9104%; height: 151.797px;\" data-align=\"center\"><img loading=\"lazy\" decoding=\"async\" class=\"wp-image-17104 aligncenter\" src=\"https:\/\/thrillsyndicate.com\/wp-content\/uploads\/2024\/10\/Open_Loop.png\" alt=\"Offene Schlaufe Voller Befestigungspunkt f\u00fcr zugelassene Anti-Release-Konnektoren. Empfohlene Verwendung: Fun Climbs und FECs\" width=\"150\" height=\"150\" srcset=\"https:\/\/thrillsyndicate.com\/wp-content\/uploads\/2024\/10\/Open_Loop.png 250w, https:\/\/thrillsyndicate.com\/wp-content\/uploads\/2024\/10\/Open_Loop-100x100.png 100w, https:\/\/thrillsyndicate.com\/wp-content\/uploads\/2024\/10\/Open_Loop-150x150.png 150w\" sizes=\"auto, (max-width: 150px) 100vw, 150px\" \/><\/td>\n<td style=\"text-align: center; width: 50.0914%; height: 151.797px;\"><img decoding=\"async\" class=\"wp-image-17104 aligncenter\" src=\"https:\/\/thrillsyndicate.com\/wp-content\/uploads\/2022\/02\/tru-clip-02-ws.jpg\" width=\"150\"><\/td>\n<\/tr>\n<tr style=\"height: 20.7969px;\">\n<td class=\"has-text-align-center\" style=\"text-align: center; width: 49.9104%; height: 20.7969px;\" data-align=\"center\"><strong>Offene Schleife<\/strong><\/td>\n<td style=\"text-align: center; width: 50.0914%; height: 20.7969px;\"><strong>TRU-CLIP Connector<\/strong><\/td>\n<\/tr>\n<tr style=\"height: 124.766px;\">\n<td class=\"has-text-align-center\" style=\"text-align: center; width: 49.9104%; height: 124.766px;\" data-align=\"center\">Voller Befestigungspunkt f\u00fcr die Aufnahme von zugelassenen Anti-Release-Verbindungen.<\/td>\n<td style=\"text-align: center; width: 50.0914%; height: 124.766px;\">Durch die Verwendung einer sequentiellen Verbindung wird die M\u00f6glichkeit einer falschen Befestigung ausgeschlossen.<\/td>\n<\/tr>\n<tr style=\"height: 20.7969px;\">\n<td class=\"has-text-align-center\" style=\"text-align: center; width: 49.9104%; height: 20.7969px;\" data-align=\"center\"><strong>Empfohlene Verwendung:<\/strong><\/td>\n<td style=\"text-align: center; width: 50.0914%; height: 20.7969px;\"><strong>Empfohlene Verwendung:<\/strong><\/td>\n<\/tr>\n<tr style=\"height: 41.5938px;\">\n<td class=\"has-text-align-center\" style=\"text-align: center; width: 49.9104%; height: 41.5938px;\" data-align=\"center\">Spa\u00dfklettereien und FECs<\/td>\n<td style=\"text-align: center; width: 50.0914%; height: 41.5938px;\">Kletterhallen, Spa\u00dfklettereien und FECs<\/td>\n<\/tr>\n<\/tbody>\n<\/table>\n<p><strong>Hinweis:<\/strong> Wenn Sie den <strong><a href=\"https:\/\/thrillsyndicate.com\/shop\/tru-clip-connector\/\">TRU-CLIP Connector<\/a><\/strong> als Ihren bevorzugten Gurtbandanschluss w\u00e4hlen, ben\u00f6tigen Sie m\u00f6glicherweise zus\u00e4tzliche <a href=\"https:\/\/thrillsyndicate.com\/shop\/tru-clip-key-links\/\">Key Links<\/a> f\u00fcr einen optimalen Betrieb.<\/p>\n<p>Die H\u00e4ufigkeit des Gurtbandwechsels h\u00e4ngt von der Nutzung ab. Weitere Informationen findest du im TRUBLUE Auto Belay Operator&#8217;s Manual.<\/p>\n<p><strong>Hinweis: Nur zur Verwendung mit TRUBLUE XL.<\/strong><\/p>\n<p><iframe loading=\"lazy\" title=\"How To Field Replace Your TRUBLUE Webbing\" width=\"980\" height=\"551\" src=\"https:\/\/www.youtube.com\/embed\/nT7PHlciNz0?feature=oembed\" frameborder=\"0\" allow=\"accelerometer; autoplay; clipboard-write; encrypted-media; gyroscope; picture-in-picture\" allowfullscreen><\/iframe><\/p>\n","protected":false},"excerpt":{"rendered":"<p>Der TRUBLUE XL ist mit einem Gurtband ausgestattet, das vom Besitzer vor Ort durch das Ersatzgurtband ersetzt werden kann.<\/p>\n","protected":false},"featured_media":3552,"template":"","meta":{"_coblocks_attr":"","_coblocks_dimensions":"","_coblocks_responsive_height":"","_coblocks_accordion_ie_support":"","wds_primary_product_brand":0,"wds_primary_product_cat":0},"product_brand":[72],"product_cat":[32],"product_tag":[42,24],"class_list":{"0":"post-5443","1":"product","2":"type-product","3":"status-publish","4":"has-post-thumbnail","6":"product_brand-head-rush-technologies","7":"product_cat-trublue-replacement-webbing","8":"product_tag-replacement-webbing","9":"product_tag-trublue","11":"first","12":"instock","13":"taxable","14":"shipping-taxable","15":"purchasable","16":"product-type-variable"},"_links":{"self":[{"href":"https:\/\/thrillsyndicate.com\/de\/wp-json\/wp\/v2\/product\/5443","targetHints":{"allow":["GET"]}}],"collection":[{"href":"https:\/\/thrillsyndicate.com\/de\/wp-json\/wp\/v2\/product"}],"about":[{"href":"https:\/\/thrillsyndicate.com\/de\/wp-json\/wp\/v2\/types\/product"}],"wp:featuredmedia":[{"embeddable":true,"href":"https:\/\/thrillsyndicate.com\/de\/wp-json\/wp\/v2\/media\/3552"}],"wp:attachment":[{"href":"https:\/\/thrillsyndicate.com\/de\/wp-json\/wp\/v2\/media?parent=5443"}],"wp:term":[{"taxonomy":"product_brand","embeddable":true,"href":"https:\/\/thrillsyndicate.com\/de\/wp-json\/wp\/v2\/product_brand?post=5443"},{"taxonomy":"product_cat","embeddable":true,"href":"https:\/\/thrillsyndicate.com\/de\/wp-json\/wp\/v2\/product_cat?post=5443"},{"taxonomy":"product_tag","embeddable":true,"href":"https:\/\/thrillsyndicate.com\/de\/wp-json\/wp\/v2\/product_tag?post=5443"}],"curies":[{"name":"wp","href":"https:\/\/api.w.org\/{rel}","templated":true}]}}