{"id":5462,"date":"2022-02-25T17:25:48","date_gmt":"2022-02-25T16:25:48","guid":{"rendered":"https:\/\/thrillsyndicate.com\/shop\/lightspeed-impact-zip-line-trolley\/"},"modified":"2025-12-01T10:37:22","modified_gmt":"2025-12-01T09:37:22","slug":"lightspeed-impact-zip-line-trolley","status":"publish","type":"product","link":"https:\/\/thrillsyndicate.com\/de\/product\/lightspeed-impact-zip-line-trolley\/","title":{"rendered":"LightSpeed Impact Zip Line Trolley"},"content":{"rendered":"<p>Der LightSpeed Impact Zip Line Trolley wurde speziell f\u00fcr Seilrutschen entwickelt und wurde im Hinblick auf das Aufprallbremsen entwickelt. Es ist der vielseitigste Trolley, da er auf Leinen mit kleinem und gro\u00dfem Durchmesser verwendet werden kann und mit mehreren Zubeh\u00f6roptionen ausgestattet ist, um das beste Fahrerlebnis und einen h\u00f6heren Durchsatz zu erzielen.<\/p>\n<ul>\n<li>Einziger Laufwagen, der f\u00fcr Sto\u00dfbremsung ausgelegt ist<\/li>\n<li>Ausgelegt f\u00fcr h\u00f6here Geschwindigkeiten bis zu 70 mph (112,65 km\/h)<\/li>\n<li>Die einfache Montage in einem Schritt maximiert den Durchsatz<\/li>\n<li>H\u00f6here Leistung bei vergleichbaren Kosten zu anderen Seilrollen<\/li>\n<li>Eloxiertes Aluminium erh\u00f6ht die Festigkeit und ist gleichzeitig korrosionsbest\u00e4ndig<\/li>\n<li>Kosteneinsparpotenzial durch weniger h\u00e4ufigen Austausch von Kabeln, Laufwagen und Bremsteilen<\/li>\n<li>L\u00e4ngere Lebensspanne<\/li>\n<li>Leichtbauweise<\/li>\n<li>Mehrere Einh\u00e4ngepunkte f\u00fcr mehr Sicherheit<\/li>\n<\/ul>\n<p><iframe loading=\"lazy\" title=\"LightSpeed Zip Line Trolleys\" width=\"980\" height=\"551\" src=\"https:\/\/www.youtube.com\/embed\/mIO2LM8P__4?feature=oembed\" frameborder=\"0\" allow=\"accelerometer; autoplay; clipboard-write; encrypted-media; gyroscope; picture-in-picture\" allowfullscreen><\/iframe><\/p>\n<h4>SPEZIFIKATIONEN<\/h4>\n<div class=\"hrt-specs\">\n<ul>\n<li style=\"list-style-type: none;\">\n<ul>\n<li>Modell IT-100 (der Standard Impact Trolley)<\/li>\n<li>Abmessungen: 180 x 111 x 33 mm (7,1 x 4,4 x 1,3 Zoll)<\/li>\n<li>Nettogewicht: 1,2 Pfund (544 Gramm)<\/li>\n<li>Arbeitstemperaturen: Minimum: -40 \u00b0C\/-40 \u00b0F<\/li>\n<li>Maximal: 80 \u00b0C<\/li>\n<li>Maximale Betriebsgeschwindigkeit: 75 mph (120 km\/h)<\/li>\n<li>Materialien: Geh\u00e4use: Eloxiertes Aluminium Scheiben: Edelstahl<\/li>\n<li>Schlagfl\u00e4che: ABS-Kunststoff<\/li>\n<li>Nennarbeitskapazit\u00e4t: 33-330 lbs (15-150 kg)<\/li>\n<li>Maximale Tragf\u00e4higkeit: 17 kN (3.822 lbf)<\/li>\n<li>Min.\/Max. Kabeldurchmesser: 9,5 \u2264 Durchmesser \u2264 19 mm (3\/8&#8243; \u2264 Durchmesser \u2264 3\/4&#8243;)<\/li>\n<li><a href=\"https:\/\/thrillsyndicate.com\/wp-content\/uploads\/2022\/02\/Lightspeed-Impact-Trolley-certificate.pdf\">LightSpeed Impact Trolley &#8211; EN-Zertifikat<\/a><\/li>\n<li><a href=\"https:\/\/cdn2.hubspot.net\/hubfs\/5957371\/magento-manuals\/lightspeed\/EN_impact-trolley-operation-manual.pdf\" target=\"_blank\" rel=\"noopener\">LightSpeed Impact Trolley Handbuch<\/a><\/li>\n<\/ul>\n<\/li>\n<\/ul>\n<ul>\n<li style=\"list-style-type: none;\">\n<\/li>\n<\/ul>\n<\/div>\n","protected":false},"excerpt":{"rendered":"<p>Ultimativer Zipline-Trolley, entwickelt f\u00fcr das beste Fahrerlebnis und sanftes Aufprallbremsen mit der <a href=\"https:\/\/thrillsyndicate.com\/product-category\/zipline-safety-solutions\/zipwire-braking-systems\/\">zipSTOP Zip Line-Bremse<\/a> . Bediener k\u00f6nnen jederzeit Funktionen (Fangzubeh\u00f6r, T-Griff usw.) hinzuf\u00fcgen, wenn sich ihre Anforderungen \u00e4ndern.<\/p>\n","protected":false},"featured_media":2475,"template":"","meta":{"_coblocks_attr":"","_coblocks_dimensions":"","_coblocks_responsive_height":"","_coblocks_accordion_ie_support":"","wds_primary_product_brand":0,"wds_primary_product_cat":0},"product_brand":[72],"product_cat":[68],"product_tag":[436,684],"class_list":{"0":"post-5462","1":"product","2":"type-product","3":"status-publish","4":"has-post-thumbnail","6":"product_brand-head-rush-technologies","7":"product_cat-zipline-trolleys","8":"product_tag-seilrutsche","9":"product_tag-zipline-trolley-de-2","11":"first","12":"instock","13":"sale","14":"taxable","15":"shipping-taxable","16":"purchasable","17":"product-type-variable"},"_links":{"self":[{"href":"https:\/\/thrillsyndicate.com\/de\/wp-json\/wp\/v2\/product\/5462","targetHints":{"allow":["GET"]}}],"collection":[{"href":"https:\/\/thrillsyndicate.com\/de\/wp-json\/wp\/v2\/product"}],"about":[{"href":"https:\/\/thrillsyndicate.com\/de\/wp-json\/wp\/v2\/types\/product"}],"wp:featuredmedia":[{"embeddable":true,"href":"https:\/\/thrillsyndicate.com\/de\/wp-json\/wp\/v2\/media\/2475"}],"wp:attachment":[{"href":"https:\/\/thrillsyndicate.com\/de\/wp-json\/wp\/v2\/media?parent=5462"}],"wp:term":[{"taxonomy":"product_brand","embeddable":true,"href":"https:\/\/thrillsyndicate.com\/de\/wp-json\/wp\/v2\/product_brand?post=5462"},{"taxonomy":"product_cat","embeddable":true,"href":"https:\/\/thrillsyndicate.com\/de\/wp-json\/wp\/v2\/product_cat?post=5462"},{"taxonomy":"product_tag","embeddable":true,"href":"https:\/\/thrillsyndicate.com\/de\/wp-json\/wp\/v2\/product_tag?post=5462"}],"curies":[{"name":"wp","href":"https:\/\/api.w.org\/{rel}","templated":true}]}}