{"id":5477,"date":"2022-02-25T16:05:36","date_gmt":"2022-02-25T15:05:36","guid":{"rendered":"https:\/\/thrillsyndicate.com\/shop\/tru-halterung-selbstsicherungs-befestigungssystem\/"},"modified":"2025-11-03T13:37:00","modified_gmt":"2025-11-03T12:37:00","slug":"tru-mount","status":"publish","type":"product","link":"https:\/\/thrillsyndicate.com\/de\/product\/tru-mount\/","title":{"rendered":"TRU-Mount | Selbstsicherungs-Befestigungssystem"},"content":{"rendered":"<div class=\"hrt-product-description\">\n<p>Das TRU-Mount Accessory f\u00fcr das <a href=\"https:\/\/thrillsyndicate.com\/de\/kategorie\/vertikale-selbstsicherungssysteme\/\">TRUBLUE Auto Belay<\/a> soll dir gr\u00f6\u00dftm\u00f6gliche Flexibilit\u00e4t f\u00fcr jedes Montageszenario bieten. Der TRU-Mount l\u00e4sst sich leicht an jeder Standard-Kletterwand installieren und erm\u00f6glicht eine einfache und ordnungsgem\u00e4\u00dfe TRUBLUE, ohne dass Toprope- oder Vorstiegsverankerungen erforderlich sind. Der TRU-Mount ist mit prim\u00e4ren und sekund\u00e4ren Befestigungspunkten f\u00fcr ein TRUBLUE Auto Belay und mehreren Befestigungspunkten f\u00fcr den Anschluss von pers\u00f6nlichen Ankern oder Zugsystemen ausgestattet, w\u00e4hrend die Benutzer die traditionellen Ankerpunkte beibehalten k\u00f6nnen. Holen Sie das Beste aus Ihrer Wand heraus, indem Sie ein TRU-Mount-Ankersystem installieren.<\/p>\n<p>Informationen zu den Montageanforderungen finden Sie in der <a href=\"https:\/\/cdn2.hubspot.net\/hubfs\/5957371\/magento-manuals\/mounts\/EN_tru-mount-installation-manual.pdf\" target=\"_blank\" rel=\"noopener\">TRU-Mount-Bedienungsanleitung<\/a>.<\/p>\n<\/div>\n<div class=\"hrt-specs\">\n<h4>SPEZIFIKATIONEN<\/h4>\n<ul>\n<li>Ungef\u00e4hrer Abstand der Befestigungsl\u00f6cher 90\u2013225 mm (3,5\u20139 Zoll)<\/li>\n<li>Diese Halterung wurde gem\u00e4\u00df EN 12572-1:2017 entwickelt und getestet<\/li>\n<li>Gewicht: 5,3 kg (12 lb.)<\/li>\n<\/ul>\n<p><iframe loading=\"lazy\" title=\"TRU-Mount Auto Belay mounting system\" width=\"980\" height=\"551\" src=\"https:\/\/www.youtube.com\/embed\/KTyF6hPR5xM?feature=oembed\" frameborder=\"0\" allow=\"accelerometer; autoplay; clipboard-write; encrypted-media; gyroscope; picture-in-picture\" allowfullscreen><\/iframe><\/p>\n<p>&nbsp;<\/p>\n<\/div>\n","protected":false},"excerpt":{"rendered":"<p>Das TRU-Mount Auto Belay Montagesystem ist eine elegante und kosteng\u00fcnstige Methode, um das TRUBLUE Auto Belay an den meisten Kletteranlagen anzubringen.<\/p>\n","protected":false},"featured_media":3192,"template":"","meta":{"_coblocks_attr":"","_coblocks_dimensions":"","_coblocks_responsive_height":"","_coblocks_accordion_ie_support":"","wds_primary_product_brand":0,"wds_primary_product_cat":0},"product_brand":[72],"product_cat":[33],"product_tag":[466],"class_list":{"0":"post-5477","1":"product","2":"type-product","3":"status-publish","4":"has-post-thumbnail","6":"product_brand-head-rush-technologies","7":"product_cat-trublue-accessories","8":"product_tag-trublue-de","10":"first","11":"instock","12":"taxable","13":"shipping-taxable","14":"purchasable","15":"product-type-simple"},"_links":{"self":[{"href":"https:\/\/thrillsyndicate.com\/de\/wp-json\/wp\/v2\/product\/5477","targetHints":{"allow":["GET"]}}],"collection":[{"href":"https:\/\/thrillsyndicate.com\/de\/wp-json\/wp\/v2\/product"}],"about":[{"href":"https:\/\/thrillsyndicate.com\/de\/wp-json\/wp\/v2\/types\/product"}],"wp:featuredmedia":[{"embeddable":true,"href":"https:\/\/thrillsyndicate.com\/de\/wp-json\/wp\/v2\/media\/3192"}],"wp:attachment":[{"href":"https:\/\/thrillsyndicate.com\/de\/wp-json\/wp\/v2\/media?parent=5477"}],"wp:term":[{"taxonomy":"product_brand","embeddable":true,"href":"https:\/\/thrillsyndicate.com\/de\/wp-json\/wp\/v2\/product_brand?post=5477"},{"taxonomy":"product_cat","embeddable":true,"href":"https:\/\/thrillsyndicate.com\/de\/wp-json\/wp\/v2\/product_cat?post=5477"},{"taxonomy":"product_tag","embeddable":true,"href":"https:\/\/thrillsyndicate.com\/de\/wp-json\/wp\/v2\/product_tag?post=5477"}],"curies":[{"name":"wp","href":"https:\/\/api.w.org\/{rel}","templated":true}]}}