{"id":5484,"date":"2022-02-25T15:35:42","date_gmt":"2022-02-25T14:35:42","guid":{"rendered":"https:\/\/thrillsyndicate.com\/shop\/zipstop-speed-zipline-bremse-50-72-km-h\/"},"modified":"2025-08-25T13:05:01","modified_gmt":"2025-08-25T11:05:01","slug":"zipstop-speed-zip-line-bremse","status":"publish","type":"product","link":"https:\/\/thrillsyndicate.com\/de\/product\/zipstop-speed-zip-line-bremse\/","title":{"rendered":"zipSTOP SPEED Zipline-Bremse | 50 &#8211; 72 km\/h"},"content":{"rendered":"<p><b>Bitte beachten Sie<\/b>, dass der Preis f\u00fcr die <b>zipSTOP SPEED Seilbahn-Bremse<\/b> ab dem <b>1. Oktober 2025<\/b> aufgrund der weltweiten Zollproblematik <b>steigen<\/b> wird. Um den aktuellen Preis zu erhalten, muss Ihre Bestellung vor dem 1. Oktober 2025 aufgegeben werden und bis zum 30. November 2025 geliefert werden. <\/p>\n<p>Das zipSTOP-Bremsger\u00e4t wird das Challenge-Parcours-Gesch\u00e4ft zum Besseren ver\u00e4ndern. Der zipSTOP verwendet eine selbstregulierende magnetische Bremstechnologie, um Zipline-Fahrer sicher und sanft anzuhalten. Der zipSTOP erf\u00fcllt eine wichtige Anforderung f\u00fcr Zipline-Betreiber, indem er es den Passagieren erm\u00f6glicht, bei hohen Geschwindigkeiten sicher zu bremsen.<\/p>\n<p>Die zipSTOP SPEED eignet sich am besten f\u00fcr schnellere Ankunftsgeschwindigkeiten des Fahrers bis zu 72 km\/h (45 mph): Die zipSTOP Zip Line Brake ist die beste Bremse f\u00fcr Ihre Seilrutsche. Es verwendet eine selbstregulierende Wirbelstrom-Magnetbremstechnologie, um Zip-Line-Fahrer sanft, bequem und konsistent zu stoppen.<\/p>\n<h2>Was macht die zipSTOP-Geschwindigkeit anders:<\/h2>\n<p>Die zipSTOP SPEED nutzte zus\u00e4tzlich zu einem externen 2:1-Untersetzungssystem eine interne Untersetzung, um Fahrer bei den h\u00f6chsten Ankunftsgeschwindigkeiten aller zipSTOP-Bremsen sanft zu stoppen. Dieses Ger\u00e4t muss mit einer externen <a href=\"https:\/\/thrillsyndicate.com\/blog\/zip-line-installation-give-them-the-best-ride\/\">2:1-Reduktionsleitung verwendet werden<\/a> . Zu den Vorteilen des SPEED geh\u00f6ren h\u00f6here Ankunftsgeschwindigkeiten, verbessertes automatisches Zur\u00fccksetzen und ein reibungsloses Bremserlebnis.<\/p>\n<h2>Die Montage beinhaltet:<\/h2>\n<ul>\n<li>zipSTOP Zip Line Bremsger\u00e4t<\/li>\n<li>Bremswagen (je nach Auswahl)<\/li>\n<li>Halterung und Hardware<\/li>\n<\/ul>\n<h2>Hauptvorteile von zipSTOP Speed:<\/h2>\n<ul>\n<li>Die Wirbelstrom-Bremstechnologie passt sich automatisch an, um eine sanfte Verz\u00f6gerung des Fahrers zu gew\u00e4hrleisten.<\/li>\n<li>Erm\u00f6glicht eine Vielzahl von Fahrergewichten und -geschwindigkeiten.<\/li>\n<li>Wird nach jedem Fahrer automatisch zur\u00fcckgesetzt, wodurch menschliche Fehler minimiert werden.<\/li>\n<li>Hilft, das Risiko zu mindern, indem menschliche Fehler vom Fahrer oder den F\u00fchrern entfernt werden.<\/li>\n<li>Niedrige Betriebskosten.<\/li>\n<li>H\u00e4lt Au\u00dfenumgebungen stand und arbeitet unter allen Bedingungen konstant.<\/li>\n<\/ul>\n<h2>Spezifikationen<\/h2>\n<div class=\"hrt-specs\">\n<ul>\n<li>Nennarbeitskapazit\u00e4t: 15 bis 150 kg (33 bis 330 lbs)<\/li>\n<li>Ger\u00e4tegewicht: 23,5 kg (52 lbs)<\/li>\n<li>Modellnummer: ZSSD150-20A<\/li>\n<li>Nennarbeitsgeschwindigkeit: 0 bis 72 km\/h (0 bis 45 mph) mit einer Untersetzung von 2:1*<\/li>\n<li><a href=\"https:\/\/f.hubspotusercontent20.net\/hubfs\/5957371\/Website%20Docs\/manuals\/zipstop\/EN-zipstop-installation-manual-V2.pdf\" target=\"_blank\" rel=\"noopener\">zipSTOP Installationshandbuch (April 2021)<\/a><\/li>\n<li><a href=\"https:\/\/f.hubspotusercontent20.net\/hubfs\/5957371\/Website%20Docs\/manuals\/zipstop\/EN_zipSTOP-Operations-Manual.pdf\" target=\"_blank\" rel=\"noopener\"><i class=\"icon-line-download\"><\/i>zipSTOP Betriebs- und Wartungshandbuch (April 2021)<\/a><\/li>\n<\/ul>\n<p>*Dieses Ger\u00e4t muss mit einer externen 2:1-Untersetzung verwendet werden.<\/p>\n<h2>Leitungsspezifikationen<\/h2>\n<ul>\n<li>Maximale Leitungsverl\u00e4ngerung: 20 m<\/li>\n<\/ul>\n<h2 class=\"product-title ecomproduct__product-title\">Zipstop SPEED J\u00e4hrlicher Service<\/h2>\n<p>Um die Garantie deiner zipSTOP SPEED Zip Line Brake aufrechtzuerhalten und die Einhaltung der Sicherheitsstandards zu gew\u00e4hrleisten, m\u00fcssen alle Ger\u00e4te j\u00e4hrlich gewartet werden. Die Wartung ist ein j\u00e4hrlicher Prozess, um sicherzustellen, dass dein zipSTOP SPEED ordnungsgem\u00e4\u00df funktioniert und verschlissene Teile, wie das Gurtband, ersetzt werden. Die rechtzeitige Wartung deines zipSTOP SPEED tr\u00e4gt dazu bei, die Garantie zu erhalten und die Leistung zu maximieren. Au\u00dferdem ist eine j\u00e4hrliche Wartung vorgeschrieben, um die Einhaltung von Sicherheitsstandards wie CE und ANSI zu gew\u00e4hrleisten. Die j\u00e4hrliche Servicegeb\u00fchr f\u00fcr zipSTOP SPEED betr\u00e4gt 450,00 \u20ac.<\/p>\n<h2>So w\u00e4hlst du das richtige zipSTOP-Ger\u00e4t f\u00fcr dein Seilbahn aus<\/h2>\n<p>W\u00e4hle ein Ger\u00e4temodell\/eine Untersetzung, dessen\/deren maximale Ger\u00e4tegeschwindigkeit unter allen Bedingungen h\u00f6her ist als die maximale Ankunftsgeschwindigkeit. Die maximale Ger\u00e4tegeschwindigkeit muss ausreichend h\u00f6her sein als die maximale Ankunftsgeschwindigkeit, um Schwankungen und andere Faktoren zu ber\u00fccksichtigen.<\/p>\n<ul>\n<li>Maximale Ankunftsgeschwindigkeit &lt; 36 kph [22 mph] -&gt; <a href=\"https:\/\/thrillsyndicate.com\/de\/shop\/zipstop-zip-line-bremse\/\">zipSTOP<\/a> 1:1<\/li>\n<li>Maximale Ankunftsgeschwindigkeit &lt; 60 kph [37 mph] -&gt; <a href=\"https:\/\/thrillsyndicate.com\/de\/shop\/zipstop-ir-zip-line-bremse\/\">zipSTOP IR<\/a>, <a href=\"https:\/\/thrillsyndicate.com\/de\/shop\/zipstop-zip-line-bremse\/\">zipSTOP<\/a> 2:1<\/li>\n<li>Maximale Ankunftsgeschwindigkeit &lt; 72 kph [45 mph] -&gt; <a href=\"https:\/\/thrillsyndicate.com\/de\/shop\/zipstop-speed-zip-line-bremse\/\">zipSTOP SPEED<\/a> 2:1<\/li>\n<\/ul>\n<\/div>\n<div class=\"hrt-specs\">\n<p><img loading=\"lazy\" decoding=\"async\" class=\"alignnone wp-image-162 size-full\" src=\"https:\/\/thrillsyndicate.com\/wp-content\/uploads\/2022\/02\/zipSTOP-SelectionGuide_9.24.18.jpg\" alt=\"\" width=\"800\" height=\"1038\" srcset=\"https:\/\/thrillsyndicate.com\/wp-content\/uploads\/2022\/02\/zipSTOP-SelectionGuide_9.24.18.jpg 800w, https:\/\/thrillsyndicate.com\/wp-content\/uploads\/2022\/02\/zipSTOP-SelectionGuide_9.24.18-458x594.jpg 458w, https:\/\/thrillsyndicate.com\/wp-content\/uploads\/2022\/02\/zipSTOP-SelectionGuide_9.24.18-231x300.jpg 231w, https:\/\/thrillsyndicate.com\/wp-content\/uploads\/2022\/02\/zipSTOP-SelectionGuide_9.24.18-789x1024.jpg 789w, https:\/\/thrillsyndicate.com\/wp-content\/uploads\/2022\/02\/zipSTOP-SelectionGuide_9.24.18-768x996.jpg 768w, https:\/\/thrillsyndicate.com\/wp-content\/uploads\/2022\/02\/zipSTOP-SelectionGuide_9.24.18-100x130.jpg 100w\" sizes=\"auto, (max-width: 800px) 100vw, 800px\" \/><\/p>\n<h2>Zus\u00e4tzliche Experteninformationen zur Zipline-Technologie<\/h2>\n<p>M\u00f6chten Sie mehr \u00fcber die Zipline-Technologie und Expertenmeinungen lesen?<\/p>\n<ul>\n<li><a href=\"https:\/\/thrillsyndicate.com\/de\/zip-line-design-components-for-a-complete-system\/\">Zip Line Design: Komponenten f\u00fcr ein komplettes System<\/a><\/li>\n<li><a href=\"https:\/\/thrillsyndicate.com\/de\/die-zipline-fehler-die-du-nicht-wissen-willst\/\">9 Zipline-Fehler, von denen Sie nicht wissen, dass Sie sie machen<\/a><\/li>\n<li><a href=\"https:\/\/thrillsyndicate.com\/de\/vor-und-nachteile-verschiedener-reissverschlussbremsen\/\">Vor- und Nachteile verschiedener Zip-Line-Bremsen<\/a><\/li>\n<li><a href=\"https:\/\/thrillsyndicate.com\/de\/expert-tips-for-zip-line-brake-installations\/\">Expertentipps f\u00fcr die Installation von Zip-Line-Bremsen<\/a><\/li>\n<li><a href=\"https:\/\/thrillsyndicate.com\/blog\/white-paper-on-zipline-emergency-arrest-devices-ead\/\">Whitepaper zu Zipline Emergency Arrest Devices (EAD)<\/a><\/li>\n<li><a href=\"https:\/\/thrillsyndicate.com\/blog\/does-your-zip-line-need-an-emergency-arrest-device\/\">Ben\u00f6tigt Ihre Seilrutsche eine Notfangvorrichtung?<\/a><\/li>\n<li><a href=\"https:\/\/thrillsyndicate.com\/the-magnetic-self-braking-zipline-pulley\/\">MAG Brake Trolley, die magnetische selbstbremsende Zipline-Rolle<\/a><\/li>\n<li><a href=\"https:\/\/thrillsyndicate.com\/blog\/the-science-of-eddy-current-magnetic-braking\/\">Die Wissenschaft der Wirbelstrom-Magnetbremsung<\/a><\/li>\n<li><a href=\"https:\/\/thrillsyndicate.com\/blog\/all-about-bearings-why-zip-line-trolley-bearings-matter\/\">Warum Zip Line Trolley-Lager so wichtig sind<\/a><\/li>\n<li><a href=\"https:\/\/thrillsyndicate.com\/de\/whitepaper-zipline-braking-dynamics\/\">Whitepaper: Zipline-Bremsdynamik<\/a><\/li>\n<li><a href=\"https:\/\/thrillsyndicate.com\/blog\/zip-line-installation-give-them-the-best-ride\/\">Zip-Line-Installation: Geben Sie ihnen die beste Fahrt<\/a><\/li>\n<\/ul>\n<\/div>\n","protected":false},"excerpt":{"rendered":"<p>Die zipSTOP Speed Zip Line Brake revolutioniert dein Seilrutschen-Erlebnis mit ihrer selbstregulierenden magnetischen Wirbelstrom-Bremstechnologie. Er ist perfekt f\u00fcr hohe Geschwindigkeiten und sorgt f\u00fcr ein sanftes, gleichm\u00e4\u00dfiges Bremsen f\u00fcr Fahrerinnen und Fahrer aller Gewichtsklassen und Geschwindigkeiten.<\/p>\n","protected":false},"featured_media":2448,"template":"","meta":{"_coblocks_attr":"","_coblocks_dimensions":"","_coblocks_responsive_height":"","_coblocks_accordion_ie_support":"","wds_primary_product_brand":0,"wds_primary_product_cat":0},"product_brand":[72],"product_cat":[28],"product_tag":[36,30,29],"class_list":{"0":"post-5484","1":"product","2":"type-product","3":"status-publish","4":"has-post-thumbnail","6":"product_brand-head-rush-technologies","7":"product_cat-zipwire-braking-systems","8":"product_tag-zipline","9":"product_tag-zipline-brake","10":"product_tag-zipstop","12":"first","13":"instock","14":"sale","15":"taxable","16":"shipping-taxable","17":"purchasable","18":"product-type-variable"},"_links":{"self":[{"href":"https:\/\/thrillsyndicate.com\/de\/wp-json\/wp\/v2\/product\/5484","targetHints":{"allow":["GET"]}}],"collection":[{"href":"https:\/\/thrillsyndicate.com\/de\/wp-json\/wp\/v2\/product"}],"about":[{"href":"https:\/\/thrillsyndicate.com\/de\/wp-json\/wp\/v2\/types\/product"}],"wp:featuredmedia":[{"embeddable":true,"href":"https:\/\/thrillsyndicate.com\/de\/wp-json\/wp\/v2\/media\/2448"}],"wp:attachment":[{"href":"https:\/\/thrillsyndicate.com\/de\/wp-json\/wp\/v2\/media?parent=5484"}],"wp:term":[{"taxonomy":"product_brand","embeddable":true,"href":"https:\/\/thrillsyndicate.com\/de\/wp-json\/wp\/v2\/product_brand?post=5484"},{"taxonomy":"product_cat","embeddable":true,"href":"https:\/\/thrillsyndicate.com\/de\/wp-json\/wp\/v2\/product_cat?post=5484"},{"taxonomy":"product_tag","embeddable":true,"href":"https:\/\/thrillsyndicate.com\/de\/wp-json\/wp\/v2\/product_tag?post=5484"}],"curies":[{"name":"wp","href":"https:\/\/api.w.org\/{rel}","templated":true}]}}