{"id":5530,"date":"2022-02-25T17:34:14","date_gmt":"2022-02-25T16:34:14","guid":{"rendered":"https:\/\/thrillsyndicate.com\/shop\/lightspeed-ez-clip-trolley\/"},"modified":"2025-08-16T13:04:53","modified_gmt":"2025-08-16T11:04:53","slug":"lightspeed-ez-clip-trolley","status":"publish","type":"product","link":"https:\/\/thrillsyndicate.com\/de\/product\/lightspeed-ez-clip-trolley\/","title":{"rendered":"LightSpeed EZ Clip-Trolley"},"content":{"rendered":"<p>Die Installation in Sekundenbruchteilen mit einer Hand wird Ihre Guides gl\u00fccklich machen und den Durchsatz erh\u00f6hen, und der integrierte Abzugsaufsatz beseitigt die Sorge, den Trolley fallen zu lassen, w\u00e4hrend er auf der Linie installiert wird. Hochwertige Materialien und Premium-Lager erh\u00f6hen die Lebensdauer des Trolleys, und der EZ Clip ist robust genug, um einem Aufprallbremsen ohne unn\u00f6tige Masse standzuhalten.<\/p>\n<p><strong>Hinweis: Volumenpreise sind in Chargen von 25, 50, 100, 200 St\u00fcck in einer Bestellung erh\u00e4ltlich. <\/strong><\/p>\n<ul>\n<li>Aus hochfester, geh\u00e4rteter Aluminiumlegierung<\/li>\n<li>Die zum Patent angemeldete Trigger-aktivierte Installation bietet Benutzerfreundlichkeit und maximiert den Durchsatz<\/li>\n<li>Vier in sich geschlossene, <a href=\"https:\/\/thrillsyndicate.com\/de\/all-about-bearings-why-zip-line-bearings-matter\/\">ABEC-zertifizierte Lager<\/a> machen diese kompakten Seilrollen zu den langlebigsten<\/li>\n<li>Ausgelegt f\u00fcr Geschwindigkeiten bis zu 121 km\/h (75 mph) und Aufprallgeschwindigkeiten von 72 km\/h (45 mph)<\/li>\n<li>Die integrierte Prallfl\u00e4che ist auf Langlebigkeit beim Bremsen ausgelegt<\/li>\n<li>Das zum Patent angemeldete Design dreht sich mit dem Fahrer, um beide Scheiben beim Bremsen am Kabel zu halten<\/li>\n<li>Das gebogene Design des Sicherungskarabinerschlitzes h\u00e4lt den Sicherungskarabiner w\u00e4hrend des gesamten Bremsvorgangs an Ort und Stelle (reduziert den Verschlei\u00df Ihrer Leine).<\/li>\n<li>Das optionale Fangzubeh\u00f6r l\u00e4sst sich in den <a href=\"https:\/\/thrillsyndicate.com\/de\/shop\/zipstop-bremstrolley-mit-verschluss\/\">zipSTOP<\/a> -Bremstrolley integrieren, um das Zur\u00fcckholen des Fahrers zu erleichtern.<\/li>\n<\/ul>\n<p><iframe loading=\"lazy\" title=\"LightSpeed EZ Clip Zip Line Trolley\" width=\"980\" height=\"551\" src=\"https:\/\/www.youtube.com\/embed\/s2OuKhxyFKs?feature=oembed\" frameborder=\"0\" allow=\"accelerometer; autoplay; clipboard-write; encrypted-media; gyroscope; picture-in-picture\" allowfullscreen><\/iframe><\/p>\n<h4>SPEZIFIKATIONEN<\/h4>\n<div class=\"hrt-specs\">\n<ul>\n<li>Abmessungen: 145 mm (5,7 Zoll)<\/li>\n<li>Gewicht: 507 Gramm (1,1 Pfund)<\/li>\n<li>Nennarbeitskapazit\u00e4t: 15-150 kg (33-330 lbs)<\/li>\n<li>Kabelleitungsdurchmesser: 9,5 mm \u2264 \u00f8 \u2264 13 mm (3\/8 Zoll \u2264 \u00f8 \u2264 1\/2 Zoll)<\/li>\n<li><a href=\"https:\/\/thrillsyndicate.com\/wp-content\/uploads\/2022\/02\/P5-17-08-89530-003-Lightspeed-EZ-Clip-certificate.pdf\">LightSpeed EZ Clip Trolley \u2013 CE-Zertifikat<\/a><\/li>\n<li><a href=\"https:\/\/cdn2.hubspot.net\/hubfs\/5957371\/website-docs\/manuals\/lightspeed\/EN-ez-clip-trolley-operation-manual-V2.pdf\" target=\"_blank\" rel=\"noopener\">Bedienungsanleitung LightSpeed EZ Clip Trolley <\/a><\/li>\n<\/ul>\n<p>Notiz. Verwenden Sie nur Verbindungsmittel und Gurte, die den im LightSpeed-Produkthandbuch angegebenen Standards entsprechen. Wir empfehlen dringend, Head Rush Zipline-spezifische Lanyards zu verwenden, die in vier verschiedenen L\u00e4ngen erh\u00e4ltlich sind, einschlie\u00dflich einer speziell entwickelten Gurtkupplungsschlaufe.<\/p>\n<\/div>\n","protected":false},"excerpt":{"rendered":"<p>Der LightSpeed EZ Clip Trolley ist robust und leicht und l\u00e4sst sich einfach mit einer Hand montieren.<\/p>\n","protected":false},"featured_media":2478,"template":"","meta":{"_coblocks_attr":"","_coblocks_dimensions":"","_coblocks_responsive_height":"","_coblocks_accordion_ie_support":"","wds_primary_product_brand":0,"wds_primary_product_cat":0},"product_brand":[72],"product_cat":[68],"product_tag":[436,684],"class_list":{"0":"post-5530","1":"product","2":"type-product","3":"status-publish","4":"has-post-thumbnail","6":"product_brand-head-rush-technologies","7":"product_cat-zipline-trolleys","8":"product_tag-seilrutsche","9":"product_tag-zipline-trolley-de-2","11":"first","12":"instock","13":"sale","14":"taxable","15":"shipping-taxable","16":"purchasable","17":"product-type-variable"},"_links":{"self":[{"href":"https:\/\/thrillsyndicate.com\/de\/wp-json\/wp\/v2\/product\/5530","targetHints":{"allow":["GET"]}}],"collection":[{"href":"https:\/\/thrillsyndicate.com\/de\/wp-json\/wp\/v2\/product"}],"about":[{"href":"https:\/\/thrillsyndicate.com\/de\/wp-json\/wp\/v2\/types\/product"}],"wp:featuredmedia":[{"embeddable":true,"href":"https:\/\/thrillsyndicate.com\/de\/wp-json\/wp\/v2\/media\/2478"}],"wp:attachment":[{"href":"https:\/\/thrillsyndicate.com\/de\/wp-json\/wp\/v2\/media?parent=5530"}],"wp:term":[{"taxonomy":"product_brand","embeddable":true,"href":"https:\/\/thrillsyndicate.com\/de\/wp-json\/wp\/v2\/product_brand?post=5530"},{"taxonomy":"product_cat","embeddable":true,"href":"https:\/\/thrillsyndicate.com\/de\/wp-json\/wp\/v2\/product_cat?post=5530"},{"taxonomy":"product_tag","embeddable":true,"href":"https:\/\/thrillsyndicate.com\/de\/wp-json\/wp\/v2\/product_tag?post=5530"}],"curies":[{"name":"wp","href":"https:\/\/api.w.org\/{rel}","templated":true}]}}