{"id":5563,"date":"2022-02-25T16:01:31","date_gmt":"2022-02-25T15:01:31","guid":{"rendered":"https:\/\/thrillsyndicate.com\/shop\/montagesatz-fuer-trublue-selbstsicherung\/"},"modified":"2025-11-03T13:37:18","modified_gmt":"2025-11-03T12:37:18","slug":"montagesatz-fuer-trublue","status":"publish","type":"product","link":"https:\/\/thrillsyndicate.com\/de\/product\/montagesatz-fuer-trublue\/","title":{"rendered":"Montagesatz f\u00fcr TRUBLUE Selbstsicherung"},"content":{"rendered":"<p>Verwenden Sie dieses schl\u00fcsselfertige Set f\u00fcr die problemlose Montage Ihrer TRUBLUE Selbstsicherung, wie in der Bedienungsanleitung beschrieben. Das Kit enth\u00e4lt:  <\/p>\n<ul>\n<li>2 Karabiner mit Stahlverriegelung<\/li>\n<li>1 Segment einer 3\/8-Zoll-Kette mit einer L\u00e4nge von 60 cm<\/li>\n<li>1 16 mm CAMP Express Nylon Runner mit einer L\u00e4nge von 60 cm<\/li>\n<\/ul>\n<p> Das Montagesystem hat bei ordnungsgem\u00e4\u00dfer Installation eine Mindestbruchfestigkeit von 22 kN (4945 lbf). <\/p>\n<h2>Installationsanleitung f\u00fcr die Selbstsicherung beim Klettern<\/h2>\n<p><iframe loading=\"lazy\" title=\"Easy Installation Guide: TruBlue Climbing Auto Belay\" width=\"980\" height=\"551\" src=\"https:\/\/www.youtube.com\/embed\/ngri8JIrGF0?feature=oembed\" frameborder=\"0\" allow=\"accelerometer; autoplay; clipboard-write; encrypted-media; gyroscope; picture-in-picture; web-share\" referrerpolicy=\"strict-origin-when-cross-origin\" allowfullscreen><\/iframe><\/p>\n<h2>Beispiele f\u00fcr die Installation der Selbstsicherung beim Klettern<\/h2>\n<p> Einige Beispiele, wie Ihre Selbstsicherung montiert werden kann <img loading=\"lazy\" decoding=\"async\" class=\"alignnone size-large wp-image-17595\" src=\"https:\/\/thrillsyndicate.com\/wp-content\/uploads\/2022\/02\/Ways-to-mount-your-auto-belay-724x1024.webp\" alt=\"\" width=\"724\" height=\"1024\" srcset=\"https:\/\/thrillsyndicate.com\/wp-content\/uploads\/2022\/02\/Ways-to-mount-your-auto-belay-724x1024.webp 724w, https:\/\/thrillsyndicate.com\/wp-content\/uploads\/2022\/02\/Ways-to-mount-your-auto-belay-458x648.webp 458w, https:\/\/thrillsyndicate.com\/wp-content\/uploads\/2022\/02\/Ways-to-mount-your-auto-belay-212x300.webp 212w, https:\/\/thrillsyndicate.com\/wp-content\/uploads\/2022\/02\/Ways-to-mount-your-auto-belay-768x1086.webp 768w, https:\/\/thrillsyndicate.com\/wp-content\/uploads\/2022\/02\/Ways-to-mount-your-auto-belay-1086x1536.webp 1086w, https:\/\/thrillsyndicate.com\/wp-content\/uploads\/2022\/02\/Ways-to-mount-your-auto-belay-100x141.webp 100w, https:\/\/thrillsyndicate.com\/wp-content\/uploads\/2022\/02\/Ways-to-mount-your-auto-belay.webp 1200w\" sizes=\"auto, (max-width: 724px) 100vw, 724px\" \/><\/p>\n<p>&nbsp;<\/p>\n<p>&nbsp;<\/p>\n","protected":false},"excerpt":{"rendered":"<p>Verwenden Sie dieses schl\u00fcsselfertige Set f\u00fcr die problemlose Montage Ihrer TRUBLUE Selbstsicherung, wie in der Bedienungsanleitung beschrieben.<\/p>\n","protected":false},"featured_media":3198,"template":"","meta":{"_coblocks_attr":"","_coblocks_dimensions":"","_coblocks_responsive_height":"","_coblocks_accordion_ie_support":"","wds_primary_product_brand":0,"wds_primary_product_cat":0},"product_brand":[666],"product_cat":[481],"product_tag":[466],"class_list":{"0":"post-5563","1":"product","2":"type-product","3":"status-publish","4":"has-post-thumbnail","6":"product_brand-head-rush-technologies-de","7":"product_cat-trublue-selbstsicherungszubehor","8":"product_tag-trublue-de","10":"first","11":"instock","12":"taxable","13":"shipping-taxable","14":"purchasable","15":"product-type-simple"},"_links":{"self":[{"href":"https:\/\/thrillsyndicate.com\/de\/wp-json\/wp\/v2\/product\/5563","targetHints":{"allow":["GET"]}}],"collection":[{"href":"https:\/\/thrillsyndicate.com\/de\/wp-json\/wp\/v2\/product"}],"about":[{"href":"https:\/\/thrillsyndicate.com\/de\/wp-json\/wp\/v2\/types\/product"}],"wp:featuredmedia":[{"embeddable":true,"href":"https:\/\/thrillsyndicate.com\/de\/wp-json\/wp\/v2\/media\/3198"}],"wp:attachment":[{"href":"https:\/\/thrillsyndicate.com\/de\/wp-json\/wp\/v2\/media?parent=5563"}],"wp:term":[{"taxonomy":"product_brand","embeddable":true,"href":"https:\/\/thrillsyndicate.com\/de\/wp-json\/wp\/v2\/product_brand?post=5563"},{"taxonomy":"product_cat","embeddable":true,"href":"https:\/\/thrillsyndicate.com\/de\/wp-json\/wp\/v2\/product_cat?post=5563"},{"taxonomy":"product_tag","embeddable":true,"href":"https:\/\/thrillsyndicate.com\/de\/wp-json\/wp\/v2\/product_tag?post=5563"}],"curies":[{"name":"wp","href":"https:\/\/api.w.org\/{rel}","templated":true}]}}