{"id":5616,"date":"2022-02-25T19:30:31","date_gmt":"2022-02-25T18:30:31","guid":{"rendered":"https:\/\/thrillsyndicate.com\/shop\/ersatz-fuer-quickflight-quickflight-xl-reissleine\/"},"modified":"2025-06-05T11:48:22","modified_gmt":"2025-06-05T09:48:22","slug":"quickflight-quickflight-xl-reissleinenersatz","status":"publish","type":"product","link":"https:\/\/thrillsyndicate.com\/de\/product\/quickflight-quickflight-xl-reissleinenersatz\/","title":{"rendered":"Ersatz f\u00fcr QuickFlight\/QuickFlight XL Rei\u00dfleine"},"content":{"rendered":"<p>Passen Sie das Freifallgef\u00fchl Ihres QuickFlight- oder <a href=\"https:\/\/thrillsyndicate.com\/de\/free-fall-devices-2\/\">QuickFlight XL<\/a> -Freifallger\u00e4ts mit dem gew\u00fcnschten RipCord-Zubeh\u00f6r an. Achten Sie bei der Bestellung bitte darauf, die richtige L\u00e4nge f\u00fcr Ihr Ger\u00e4t zu erhalten. Hinweis: Das QuickFlight 2 Meter RipCord kann nicht mit dem QuickFlight Low Mount Upper Webbing verwendet werden. Der Low Mount ist nur mit einem 1M RipCord kompatibel.<\/p>\n","protected":false},"excerpt":{"rendered":"<p>Erweitern Sie das Freifallgef\u00fchl Ihres QuickFlight- oder QuickFlight XL-Freifallger\u00e4ts mit dem optionalen RipCord-Zubeh\u00f6r.<\/p>\n","protected":false},"featured_media":3441,"template":"","meta":{"_coblocks_attr":"","_coblocks_dimensions":"","_coblocks_responsive_height":"","_coblocks_accordion_ie_support":"","wds_primary_product_brand":0,"wds_primary_product_cat":0},"product_brand":[72],"product_cat":[47],"product_tag":[514,513,515,517],"class_list":{"0":"post-5616","1":"product","2":"type-product","3":"status-publish","4":"has-post-thumbnail","6":"product_brand-head-rush-technologies","7":"product_cat-free-fall-replacement-webbing","8":"product_tag-flightline-freier-fall","9":"product_tag-freier-fall","10":"product_tag-quickflight-freier-fall","11":"product_tag-ripcord-ersatz","13":"first","14":"instock","15":"taxable","16":"shipping-taxable","17":"purchasable","18":"product-type-variable"},"_links":{"self":[{"href":"https:\/\/thrillsyndicate.com\/de\/wp-json\/wp\/v2\/product\/5616","targetHints":{"allow":["GET"]}}],"collection":[{"href":"https:\/\/thrillsyndicate.com\/de\/wp-json\/wp\/v2\/product"}],"about":[{"href":"https:\/\/thrillsyndicate.com\/de\/wp-json\/wp\/v2\/types\/product"}],"wp:featuredmedia":[{"embeddable":true,"href":"https:\/\/thrillsyndicate.com\/de\/wp-json\/wp\/v2\/media\/3441"}],"wp:attachment":[{"href":"https:\/\/thrillsyndicate.com\/de\/wp-json\/wp\/v2\/media?parent=5616"}],"wp:term":[{"taxonomy":"product_brand","embeddable":true,"href":"https:\/\/thrillsyndicate.com\/de\/wp-json\/wp\/v2\/product_brand?post=5616"},{"taxonomy":"product_cat","embeddable":true,"href":"https:\/\/thrillsyndicate.com\/de\/wp-json\/wp\/v2\/product_cat?post=5616"},{"taxonomy":"product_tag","embeddable":true,"href":"https:\/\/thrillsyndicate.com\/de\/wp-json\/wp\/v2\/product_tag?post=5616"}],"curies":[{"name":"wp","href":"https:\/\/api.w.org\/{rel}","templated":true}]}}