{"id":5619,"date":"2022-02-25T17:55:59","date_gmt":"2022-02-25T16:55:59","guid":{"rendered":"https:\/\/thrillsyndicate.com\/shop\/zipstop-ersatzbremsleine\/"},"modified":"2025-08-16T14:59:54","modified_gmt":"2025-08-16T12:59:54","slug":"zipstop-ersatz-bremsleine","status":"publish","type":"product","link":"https:\/\/thrillsyndicate.com\/de\/product\/zipstop-ersatz-bremsleine\/","title":{"rendered":"zipSTOP Ersatzbremsleine"},"content":{"rendered":"<p>Die <a href=\"https:\/\/thrillsyndicate.com\/de\/kategorie\/zipline-sicherheitslosungen\/zipwire-bremssysteme\/\">zipSTOP Zip Line Brake<\/a> ist mit einer Bremsleine ausgestattet, die vor Ort vom Besitzer mit der Ersatzbremsleine ersetzt werden kann. Abgenutztes oder besch\u00e4digtes Gurtband sollte sofort ersetzt werden. Sch\u00e4den beinhalten, sind aber nicht beschr\u00e4nkt auf, \u00fcberm\u00e4\u00dfige Abnutzung, Fusseln, Ausbleichen durch die Sonne, Schnitte, Knicke, lose N\u00e4hte oder Verbrennungen. Die Bremsleine muss unabh\u00e4ngig von Verschlei\u00df mindestens alle 12 Monate ausgetauscht werden. Diese Bremsleine ersetzt die 12,5 m (41 ft) lange Leine, die sich w\u00e4hrend der zipSTOP-Aktivierung erstreckt. Die H\u00e4ufigkeit des Bremsleitungswechsels h\u00e4ngt von der Nutzung ab. Weitere Informationen finden Sie in der Bedienungsanleitung der zipSTOP-Seilbahnbremse.  <strong>Hinweis: Nicht zur Verwendung mit zipSTOP IR oder zipSTOP SPEED.<\/strong><\/p>\n","protected":false},"excerpt":{"rendered":"<p>Die zipSTOP Zip Line Brake ist mit einer Bremsleine ausgestattet, die vor Ort vom Besitzer mit der Ersatzbremsleine ersetzt werden kann.<\/p>\n","protected":false},"featured_media":2973,"template":"","meta":{"_coblocks_attr":"","_coblocks_dimensions":"","_coblocks_responsive_height":"","_coblocks_accordion_ie_support":"","wds_primary_product_brand":0,"wds_primary_product_cat":0},"product_brand":[666],"product_cat":[512],"product_tag":[501,436,434],"class_list":{"0":"post-5619","1":"product","2":"type-product","3":"status-publish","4":"has-post-thumbnail","6":"product_brand-head-rush-technologies-de","7":"product_cat-zipstop-ersatzgurtband","8":"product_tag-ersatzgurtband","9":"product_tag-seilrutsche","10":"product_tag-zipstop-de","12":"first","13":"instock","14":"taxable","15":"shipping-taxable","16":"purchasable","17":"product-type-simple"},"_links":{"self":[{"href":"https:\/\/thrillsyndicate.com\/de\/wp-json\/wp\/v2\/product\/5619","targetHints":{"allow":["GET"]}}],"collection":[{"href":"https:\/\/thrillsyndicate.com\/de\/wp-json\/wp\/v2\/product"}],"about":[{"href":"https:\/\/thrillsyndicate.com\/de\/wp-json\/wp\/v2\/types\/product"}],"wp:featuredmedia":[{"embeddable":true,"href":"https:\/\/thrillsyndicate.com\/de\/wp-json\/wp\/v2\/media\/2973"}],"wp:attachment":[{"href":"https:\/\/thrillsyndicate.com\/de\/wp-json\/wp\/v2\/media?parent=5619"}],"wp:term":[{"taxonomy":"product_brand","embeddable":true,"href":"https:\/\/thrillsyndicate.com\/de\/wp-json\/wp\/v2\/product_brand?post=5619"},{"taxonomy":"product_cat","embeddable":true,"href":"https:\/\/thrillsyndicate.com\/de\/wp-json\/wp\/v2\/product_cat?post=5619"},{"taxonomy":"product_tag","embeddable":true,"href":"https:\/\/thrillsyndicate.com\/de\/wp-json\/wp\/v2\/product_tag?post=5619"}],"curies":[{"name":"wp","href":"https:\/\/api.w.org\/{rel}","templated":true}]}}