{"id":5622,"date":"2022-02-25T19:43:03","date_gmt":"2022-02-25T18:43:03","guid":{"rendered":"https:\/\/thrillsyndicate.com\/shop\/ersatz-reissleine-fuer-flightline\/"},"modified":"2025-06-05T09:14:58","modified_gmt":"2025-06-05T07:14:58","slug":"ersatz-reissleine-fuer-flugleine","status":"publish","type":"product","link":"https:\/\/thrillsyndicate.com\/de\/product\/ersatz-reissleine-fuer-flugleine\/","title":{"rendered":"Ersatz-Rei\u00dfleine f\u00fcr FlightLine"},"content":{"rendered":"<p>Das 4,5-m-RipCord bietet einen freien Fall von ca. 4,5 m (15 Fu\u00df) f\u00fcr Ihr <a href=\"https:\/\/thrillsyndicate.com\/de\/shop\/flightline-redundantes-free-fall-geraet\/\">FlightLine Ride-Ger\u00e4t<\/a> . Das 6,0 m lange RipCord erm\u00f6glicht einen freien Fall von ca. 8 m (26 Fu\u00df) f\u00fcr Ihr FlightLine Ride-Ger\u00e4t. Stellen Sie sicher, dass Sie ein kompatibles Teil f\u00fcr die Montageh\u00f6he Ihres Ger\u00e4ts bestellen.<\/p>\n","protected":false},"excerpt":{"rendered":"<p>Erweitern Sie das Freifallgef\u00fchl Ihres FlightLine-Freifallger\u00e4ts mit einem neuen RipCord-Ersatz. Ersetzen Sie Ihre besch\u00e4digte oder verschlissene FlightLine-Rei\u00dfleine durch eine neue 4,5-m- oder 6,0-m-Rei\u00dfleine.<\/p>\n","protected":false},"featured_media":3426,"template":"","meta":{"_coblocks_attr":"","_coblocks_dimensions":"","_coblocks_responsive_height":"","_coblocks_accordion_ie_support":"","wds_primary_product_brand":0,"wds_primary_product_cat":0},"product_brand":[72],"product_cat":[47],"product_tag":[501,514,513,515],"class_list":{"0":"post-5622","1":"product","2":"type-product","3":"status-publish","4":"has-post-thumbnail","6":"product_brand-head-rush-technologies","7":"product_cat-free-fall-replacement-webbing","8":"product_tag-ersatzgurtband","9":"product_tag-flightline-freier-fall","10":"product_tag-freier-fall","11":"product_tag-quickflight-freier-fall","13":"first","14":"instock","15":"taxable","16":"shipping-taxable","17":"purchasable","18":"product-type-variable"},"_links":{"self":[{"href":"https:\/\/thrillsyndicate.com\/de\/wp-json\/wp\/v2\/product\/5622","targetHints":{"allow":["GET"]}}],"collection":[{"href":"https:\/\/thrillsyndicate.com\/de\/wp-json\/wp\/v2\/product"}],"about":[{"href":"https:\/\/thrillsyndicate.com\/de\/wp-json\/wp\/v2\/types\/product"}],"wp:featuredmedia":[{"embeddable":true,"href":"https:\/\/thrillsyndicate.com\/de\/wp-json\/wp\/v2\/media\/3426"}],"wp:attachment":[{"href":"https:\/\/thrillsyndicate.com\/de\/wp-json\/wp\/v2\/media?parent=5622"}],"wp:term":[{"taxonomy":"product_brand","embeddable":true,"href":"https:\/\/thrillsyndicate.com\/de\/wp-json\/wp\/v2\/product_brand?post=5622"},{"taxonomy":"product_cat","embeddable":true,"href":"https:\/\/thrillsyndicate.com\/de\/wp-json\/wp\/v2\/product_cat?post=5622"},{"taxonomy":"product_tag","embeddable":true,"href":"https:\/\/thrillsyndicate.com\/de\/wp-json\/wp\/v2\/product_tag?post=5622"}],"curies":[{"name":"wp","href":"https:\/\/api.w.org\/{rel}","templated":true}]}}