{"id":5623,"date":"2022-02-25T17:42:29","date_gmt":"2022-02-25T16:42:29","guid":{"rendered":"https:\/\/thrillsyndicate.com\/shop\/praezisionsriemenscheibe-riemenscheibe-der-umleitungsleine\/"},"modified":"2025-08-16T15:03:51","modified_gmt":"2025-08-16T13:03:51","slug":"precision-pulley","status":"publish","type":"product","link":"https:\/\/thrillsyndicate.com\/de\/product\/precision-pulley\/","title":{"rendered":"Pr\u00e4zisionsseilrolle | Umlenkseilrolle"},"content":{"rendered":"<div class=\"hrt-product-description\">\n<p>Die Seilrolle Precision Seilrolle ist die erste seilrolle ihrer Art f\u00fcr die Seilbahnindustrie. Sie ist leicht, korrosionsbest\u00e4ndig und wurde speziell entwickelt, um ein H\u00e4ngenbleiben des Seils zu verhindern.<\/p>\n<p>Die Pr\u00e4zisions Seilrolle wurde f\u00fcr die Umlenk- oder Reduzierleine Ihrer <a href=\"https:\/\/thrillsyndicate.com\/product-category\/zipline-safety-solutions\/zipwire-braking-systems\/\">zipSTOP Zip Line Brake<\/a> entwickelt und passt perfekt zu <a href=\"https:\/\/thrillsyndicate.com\/de\/product\/gorilla-seil\/\">Gorilla Rope<\/a>. Die seilrolle kann jedoch jederzeit verwendet werden, wenn Sie mit einem 7 mm oder kleineren Seil arbeiten.<\/p>\n<h4>MERKMALE<\/h4>\n<ul>\n<li><a href=\"https:\/\/thrillsyndicate.com\/blog\/all-about-bearings-why-zip-line-trolley-bearings-matter\/\">Premium-Lager<\/a> letzte Saison f\u00fcr Saison<\/li>\n<li>Versenkte Seitenplatten decken die Scheibenkanten ab, wodurch ein H\u00e4ngenbleiben des Seils praktisch unm\u00f6glich wird<\/li>\n<li>Glatte Aluminiumscheibe reduziert Korrosion und Seilverschlei\u00df<\/li>\n<li>Das abgerundete Design hat keine scharfen Kanten, h\u00e4lt das Seil intakt, reduziert den Verschlei\u00df und eliminiert gef\u00e4hrliche Oberfl\u00e4chen<\/li>\n<li>Speziell f\u00fcr die Verwendung mit Gorilla Rope in einem zipSTOP-Umlenksystem entwickelt<\/li>\n<li>Leicht und einfach, aber dennoch hochfunktional<\/li>\n<li>Seitenplatten aus eloxiertem Aluminium erh\u00f6hen die Festigkeit und sind gleichzeitig korrosionsbest\u00e4ndig<\/li>\n<li>F\u00fcr die meisten Karabiner geeignet<\/li>\n<li>Abmessungen: 51 mm lang x 86 mm hoch x 21 mm breit (2 Zoll lang x 3,4 Zoll hoch x 0,8 Zoll breit)<\/li>\n<li>Mindestnennfestigkeit: 18 kN (4.046 lbs)<\/li>\n<li>Gewicht: 139 Gramm (4,9 Unzen)<\/li>\n<li>CE-zertifiziert nach EN 12278<\/li>\n<li><a href=\"https:\/\/thrillsyndicate.com\/wp-content\/uploads\/2022\/02\/redirection-pulley-ce-certificate-2019.pdf\">Umlenkbare Seilrolle &#8211; CE-Zertifikat<\/a><\/li>\n<li><a href=\"https:\/\/cdn2.hubspot.net\/hubfs\/5957371\/magento-manuals\/zipstop\/EN_zipstop-redirection-pulley-operation-manual.pdf\" target=\"_blank\" rel=\"noopener\">Umlenkung Seilrolle manuell<\/a><\/li>\n<\/ul>\n<\/div>\n<div class=\"hrt-specs\"><\/div>\n","protected":false},"excerpt":{"rendered":"<p>Die Pr\u00e4zisions Seilrolle wurde speziell f\u00fcr die Umlenkung oder Reduzierung der Leine Ihrer zipSTOP Zip Line Brake entwickelt und passt perfekt zum Gorilla Rope.<\/p>\n","protected":false},"featured_media":2943,"template":"","meta":{"_coblocks_attr":"","_coblocks_dimensions":"","_coblocks_responsive_height":"","_coblocks_accordion_ie_support":"","wds_primary_product_brand":0,"wds_primary_product_cat":0},"product_brand":[72],"product_cat":[39],"product_tag":[436,434],"class_list":{"0":"post-5623","1":"product","2":"type-product","3":"status-publish","4":"has-post-thumbnail","6":"product_brand-head-rush-technologies","7":"product_cat-zipstop-accessories","8":"product_tag-seilrutsche","9":"product_tag-zipstop-de","11":"first","12":"instock","13":"taxable","14":"shipping-taxable","15":"purchasable","16":"product-type-simple"},"_links":{"self":[{"href":"https:\/\/thrillsyndicate.com\/de\/wp-json\/wp\/v2\/product\/5623","targetHints":{"allow":["GET"]}}],"collection":[{"href":"https:\/\/thrillsyndicate.com\/de\/wp-json\/wp\/v2\/product"}],"about":[{"href":"https:\/\/thrillsyndicate.com\/de\/wp-json\/wp\/v2\/types\/product"}],"wp:featuredmedia":[{"embeddable":true,"href":"https:\/\/thrillsyndicate.com\/de\/wp-json\/wp\/v2\/media\/2943"}],"wp:attachment":[{"href":"https:\/\/thrillsyndicate.com\/de\/wp-json\/wp\/v2\/media?parent=5623"}],"wp:term":[{"taxonomy":"product_brand","embeddable":true,"href":"https:\/\/thrillsyndicate.com\/de\/wp-json\/wp\/v2\/product_brand?post=5623"},{"taxonomy":"product_cat","embeddable":true,"href":"https:\/\/thrillsyndicate.com\/de\/wp-json\/wp\/v2\/product_cat?post=5623"},{"taxonomy":"product_tag","embeddable":true,"href":"https:\/\/thrillsyndicate.com\/de\/wp-json\/wp\/v2\/product_tag?post=5623"}],"curies":[{"name":"wp","href":"https:\/\/api.w.org\/{rel}","templated":true}]}}