{"id":5638,"date":"2022-02-25T17:46:16","date_gmt":"2022-02-25T16:46:16","guid":{"rendered":"https:\/\/thrillsyndicate.com\/shop\/zipstop-bremstrolley-mit-doppelseitiger-bremse\/"},"modified":"2025-08-16T15:02:31","modified_gmt":"2025-08-16T13:02:31","slug":"zipstop-bremstrolley-mit-doppelseitiger-bremse","status":"publish","type":"product","link":"https:\/\/thrillsyndicate.com\/de\/product\/zipstop-bremstrolley-mit-doppelseitiger-bremse\/","title":{"rendered":"zipSTOP Bremstrolley mit doppelseitiger Bremse"},"content":{"rendered":"<div class=\"hrt-product-description\">\n<p>Der doppelseitige Bremswagen ist ein Upgrade f\u00fcr den Bremswagen, der mit Ihrer <a href=\"https:\/\/thrillsyndicate.com\/de\/kategorie\/zipline-sicherheitslosungen\/zipwire-bremssysteme\/\">zipSTOP Zip Line Brake geliefert<\/a> wurde. Die hintere austauschbare Sto\u00dff\u00e4ngerfl\u00e4che soll eine kompatible Schnittstelle zwischen dem Bremswagen und einem <a href=\"https:\/\/thrillsyndicate.com\/blog\/does-your-zip-line-need-an-emergency-arrest-device\/\" target=\"_blank\" rel=\"noopener\">EAD<\/a> , einer Sekund\u00e4rbremse oder anderen Komponenten des Rei\u00dfverschlusssystems bereitstellen, mit denen er w\u00e4hrend des Gebrauchs in Kontakt kommen kann. Die Laufkatze mit doppelseitiger Bremse hat auch eine vierte Rolle, um die Laufkatze zu stabilisieren und die Lebensdauer zu maximieren.<\/p>\n<p>Erh\u00e4ltlich mit oder ohne Fangzubeh\u00f6r f\u00fcr Seilrutschen bis zu 3\/4&#8243; (19 mm)<\/p>\n<p>Bitte lesen Sie das zipSTOP Installations-, Betriebs- und Wartungshandbuch f\u00fcr Einzelheiten zur Inspektion und zum Austausch von Leitungen.<\/p>\n<\/div>\n<h4>SPEZIFIKATIONEN<\/h4>\n<div class=\"hrt-specs\">\n<ul>\n<li>Abmessungen: 274 x 100 x 115 mm (10,8 x 3,9 x 5,9 Zoll)<\/li>\n<li>Nettogewicht: 2,1 kg<\/li>\n<li>Geh\u00e4use: Aluminiumlegierung<\/li>\n<li>R\u00e4der: Stahl<\/li>\n<li>Anschlagpuffer: EPDM-Gummi<\/li>\n<li>H\u00f6chstgeschwindigkeit: 72 km\/h (45 mph)<\/li>\n<li>Minimales Fahrergewicht: 15 kg (33 lbs)<\/li>\n<li>Maximales Fahrergewicht: 150 kg (330 lbs)<\/li>\n<\/ul>\n<\/div>\n","protected":false},"excerpt":{"rendered":"<p>Der doppelseitige Bremswagen ist ein Upgrade f\u00fcr den Bremswagen, der mit Ihrer zipSTOP Zip Line Brake geliefert wurde.<\/p>\n","protected":false},"featured_media":2955,"template":"","meta":{"_coblocks_attr":"","_coblocks_dimensions":"","_coblocks_responsive_height":"","_coblocks_accordion_ie_support":"","wds_primary_product_brand":0,"wds_primary_product_cat":0},"product_brand":[666],"product_cat":[498],"product_tag":[436,434],"class_list":{"0":"post-5638","1":"product","2":"type-product","3":"status-publish","4":"has-post-thumbnail","6":"product_brand-head-rush-technologies-de","7":"product_cat-zipstop-zubehor","8":"product_tag-seilrutsche","9":"product_tag-zipstop-de","11":"first","12":"instock","13":"taxable","14":"shipping-taxable","15":"purchasable","16":"product-type-variable"},"_links":{"self":[{"href":"https:\/\/thrillsyndicate.com\/de\/wp-json\/wp\/v2\/product\/5638","targetHints":{"allow":["GET"]}}],"collection":[{"href":"https:\/\/thrillsyndicate.com\/de\/wp-json\/wp\/v2\/product"}],"about":[{"href":"https:\/\/thrillsyndicate.com\/de\/wp-json\/wp\/v2\/types\/product"}],"wp:featuredmedia":[{"embeddable":true,"href":"https:\/\/thrillsyndicate.com\/de\/wp-json\/wp\/v2\/media\/2955"}],"wp:attachment":[{"href":"https:\/\/thrillsyndicate.com\/de\/wp-json\/wp\/v2\/media?parent=5638"}],"wp:term":[{"taxonomy":"product_brand","embeddable":true,"href":"https:\/\/thrillsyndicate.com\/de\/wp-json\/wp\/v2\/product_brand?post=5638"},{"taxonomy":"product_cat","embeddable":true,"href":"https:\/\/thrillsyndicate.com\/de\/wp-json\/wp\/v2\/product_cat?post=5638"},{"taxonomy":"product_tag","embeddable":true,"href":"https:\/\/thrillsyndicate.com\/de\/wp-json\/wp\/v2\/product_tag?post=5638"}],"curies":[{"name":"wp","href":"https:\/\/api.w.org\/{rel}","templated":true}]}}