{"id":5650,"date":"2022-02-25T19:40:34","date_gmt":"2022-02-25T18:40:34","guid":{"rendered":"https:\/\/thrillsyndicate.com\/shop\/flightline-ersatz-oberband-blue-line\/"},"modified":"2025-06-05T09:15:07","modified_gmt":"2025-06-05T07:15:07","slug":"flightline-ersatz-oberes-gurtband-blaue-linie","status":"publish","type":"product","link":"https:\/\/thrillsyndicate.com\/de\/product\/flightline-ersatz-oberes-gurtband-blaue-linie\/","title":{"rendered":"FlightLine Ersatz-Oberband \u2013 Blue Line"},"content":{"rendered":"<p>Dieses Produkt ist die obere blaue Ersatzleine f\u00fcr FlightLine-Ger\u00e4te. Eine vollst\u00e4ndige Anleitung finden Sie im <a href=\"https:\/\/cdn2.hubspot.net\/hubfs\/5957371\/magento-manuals\/flightline\/EN-flightline-installation-and-operation-manual.pdf\" target=\"_blank\" rel=\"noopener\">FlightLine Betriebshandbuch<\/a>. <b>Hinweis: Abgenutzte oder besch\u00e4digte Gurtb\u00e4nder sollten sofort ersetzt werden.<\/b> Zu den Sch\u00e4den geh\u00f6ren unter anderem \u00fcberm\u00e4\u00dfige Abnutzung, Fusseln, Ausbleichen durch die Sonne, Schnitte, Knicke, lose N\u00e4hte oder durch Reibung verursachter Glanz.<\/p>\n","protected":false},"excerpt":{"rendered":"<p>Das <a href=\"https:\/\/thrillsyndicate.com\/de\/shop\/flightline-redundantes-free-fall-geraet\/\">FlightLine<\/a> -Freifallger\u00e4t ist mit einem Gurtband ausgestattet, das routinem\u00e4\u00dfig \u00fcberpr\u00fcft und ausgetauscht werden muss. Wenn das Gurtband verschlissen oder besch\u00e4digt ist, kann es vor Ort mit diesem Satz aus zwei oberen Ersatzgurtb\u00e4ndern ersetzt werden.<\/p>\n","protected":false},"featured_media":3429,"template":"","meta":{"_coblocks_attr":"","_coblocks_dimensions":"","_coblocks_responsive_height":"","_coblocks_accordion_ie_support":"","wds_primary_product_brand":0,"wds_primary_product_cat":0},"product_brand":[72],"product_cat":[47],"product_tag":[42,45,44,46],"class_list":{"0":"post-5650","1":"product","2":"type-product","3":"status-publish","4":"has-post-thumbnail","6":"product_brand-head-rush-technologies","7":"product_cat-free-fall-replacement-webbing","8":"product_tag-replacement-webbing","9":"product_tag-flightline-free-fall","10":"product_tag-free-fall","11":"product_tag-quickflight-free-fall","13":"first","14":"instock","15":"taxable","16":"shipping-taxable","17":"purchasable","18":"product-type-simple"},"_links":{"self":[{"href":"https:\/\/thrillsyndicate.com\/de\/wp-json\/wp\/v2\/product\/5650","targetHints":{"allow":["GET"]}}],"collection":[{"href":"https:\/\/thrillsyndicate.com\/de\/wp-json\/wp\/v2\/product"}],"about":[{"href":"https:\/\/thrillsyndicate.com\/de\/wp-json\/wp\/v2\/types\/product"}],"wp:featuredmedia":[{"embeddable":true,"href":"https:\/\/thrillsyndicate.com\/de\/wp-json\/wp\/v2\/media\/3429"}],"wp:attachment":[{"href":"https:\/\/thrillsyndicate.com\/de\/wp-json\/wp\/v2\/media?parent=5650"}],"wp:term":[{"taxonomy":"product_brand","embeddable":true,"href":"https:\/\/thrillsyndicate.com\/de\/wp-json\/wp\/v2\/product_brand?post=5650"},{"taxonomy":"product_cat","embeddable":true,"href":"https:\/\/thrillsyndicate.com\/de\/wp-json\/wp\/v2\/product_cat?post=5650"},{"taxonomy":"product_tag","embeddable":true,"href":"https:\/\/thrillsyndicate.com\/de\/wp-json\/wp\/v2\/product_tag?post=5650"}],"curies":[{"name":"wp","href":"https:\/\/api.w.org\/{rel}","templated":true}]}}