{"id":5653,"date":"2022-02-25T19:38:18","date_gmt":"2022-02-25T18:38:18","guid":{"rendered":"https:\/\/thrillsyndicate.com\/shop\/flightline-oberes-ersatz-gurtband-set\/"},"modified":"2025-06-05T11:48:38","modified_gmt":"2025-06-05T09:48:38","slug":"flightline-ersatz-oberband-set","status":"publish","type":"product","link":"https:\/\/thrillsyndicate.com\/de\/product\/flightline-ersatz-oberband-set\/","title":{"rendered":"FlightLine oberes Ersatz-Gurtband-Set"},"content":{"rendered":"<p>Dieser Gurtbandsatz enth\u00e4lt sowohl die <a href=\"https:\/\/thrillsyndicate.com\/de\/shop\/flightline-ersatz-oberes-gurtband-rote-linie\/\">roten<\/a> als auch die <a href=\"https:\/\/thrillsyndicate.com\/de\/shop\/flightline-ersatz-oberes-gurtband-blaue-linie\/\">blauen<\/a> oberen Ersatzgurtleinen. Eine vollst\u00e4ndige Anleitung finden Sie im FlightLine Betriebshandbuch.  <b>Hinweis: Abgenutztes oder besch\u00e4digtes Gurtband sollte sofort ersetzt werden.<\/b> Sch\u00e4den umfassen, sind aber nicht beschr\u00e4nkt auf \u00fcberm\u00e4\u00dfige Abnutzung, Fusseln, Sonnenbleiche, Schnitte, Knicke, lose N\u00e4hte oder durch Reibung verursachten Glanz.<\/p>\n","protected":false},"excerpt":{"rendered":"<p>Das <a href=\"https:\/\/thrillsyndicate.com\/de\/shop\/flightline-redundantes-free-fall-geraet\/\">FlightLine Free Fall Ride<\/a> ist mit einem Gurtband ausgestattet, das routinem\u00e4\u00dfig \u00fcberpr\u00fcft und ausgetauscht werden muss. Wenn das Gurtband verschlissen oder besch\u00e4digt ist, kann es vor Ort mit diesem Satz aus zwei oberen Ersatzgurtb\u00e4ndern ersetzt werden.<\/p>\n","protected":false},"featured_media":3435,"template":"","meta":{"_coblocks_attr":"","_coblocks_dimensions":"","_coblocks_responsive_height":"","_coblocks_accordion_ie_support":"","wds_primary_product_brand":0,"wds_primary_product_cat":0},"product_brand":[72],"product_cat":[47],"product_tag":[42,45,44],"class_list":{"0":"post-5653","1":"product","2":"type-product","3":"status-publish","4":"has-post-thumbnail","6":"product_brand-head-rush-technologies","7":"product_cat-free-fall-replacement-webbing","8":"product_tag-replacement-webbing","9":"product_tag-flightline-free-fall","10":"product_tag-free-fall","12":"first","13":"instock","14":"taxable","15":"shipping-taxable","16":"purchasable","17":"product-type-simple"},"_links":{"self":[{"href":"https:\/\/thrillsyndicate.com\/de\/wp-json\/wp\/v2\/product\/5653","targetHints":{"allow":["GET"]}}],"collection":[{"href":"https:\/\/thrillsyndicate.com\/de\/wp-json\/wp\/v2\/product"}],"about":[{"href":"https:\/\/thrillsyndicate.com\/de\/wp-json\/wp\/v2\/types\/product"}],"wp:featuredmedia":[{"embeddable":true,"href":"https:\/\/thrillsyndicate.com\/de\/wp-json\/wp\/v2\/media\/3435"}],"wp:attachment":[{"href":"https:\/\/thrillsyndicate.com\/de\/wp-json\/wp\/v2\/media?parent=5653"}],"wp:term":[{"taxonomy":"product_brand","embeddable":true,"href":"https:\/\/thrillsyndicate.com\/de\/wp-json\/wp\/v2\/product_brand?post=5653"},{"taxonomy":"product_cat","embeddable":true,"href":"https:\/\/thrillsyndicate.com\/de\/wp-json\/wp\/v2\/product_cat?post=5653"},{"taxonomy":"product_tag","embeddable":true,"href":"https:\/\/thrillsyndicate.com\/de\/wp-json\/wp\/v2\/product_tag?post=5653"}],"curies":[{"name":"wp","href":"https:\/\/api.w.org\/{rel}","templated":true}]}}