{"id":5664,"date":"2022-02-25T17:52:32","date_gmt":"2022-02-25T16:52:32","guid":{"rendered":"https:\/\/thrillsyndicate.com\/shop\/zipstop-brake-trolley-catch-accessory-kit-upgrade\/"},"modified":"2025-08-16T14:59:50","modified_gmt":"2025-08-16T12:59:50","slug":"zipstop-brake-trolley-catch-accessories-kit-upgrade","status":"publish","type":"product","link":"https:\/\/thrillsyndicate.com\/de\/product\/zipstop-brake-trolley-catch-accessories-kit-upgrade\/","title":{"rendered":"zipSTOP Brake Trolley Catch Accessory Kit Upgrade"},"content":{"rendered":"<div class=\"hrt-product-description\">  Bestellen Sie das Catch Accessory Kit, um Ihre <a href=\"https:\/\/thrillsyndicate.com\/de\/kategorie\/zipline-sicherheitslosungen\/zipwire-bremssysteme\/\">zipSTOP Seilrolle<\/a> um das Catch Accessory zu erweitern. Das Catch-Zubeh\u00f6r wurde entwickelt, um unseren selbstbremsenden magnetischen Zipline-Trolley, LightSpeed Impact, EZ Clip oder Micro-Trolley und zipSTOP-Bremstrolley nach einer Aufprallbremsung befestigt zu halten, wodurch der Fahrer leichter zur\u00fcckgeholt werden kann. Dieses Upgrade-Kit ist vor Ort austauschbar und enth\u00e4lt alles, was Sie zum Upgrade Ihres zipSTOP-Bremswagens ben\u00f6tigen. Dieses Kit kann auch als Ersatz f\u00fcr Ihr vorhandenes Fangzubeh\u00f6r f\u00fcr die zipSTOP Seilrolle gekauft werden, wenn es abgenutzt ist. <strong>Hinweis: Nur zur Verwendung mit der zipSTOP Brake Seilrolle.<\/strong><strong>Hinweis: Das Catch Accessory muss in Verbindung mit einer <a href=\"https:\/\/thrillsyndicate.com\/product-category\/zipline-safety-solutions\/zipline-trolleys\/\">Seilbahn Seilrolle<\/a> mit Hakenbefestigung verwendet werden.<\/strong><\/p>\n<\/div>\n<div class=\"hrt-specs\">\n<ul>\n<li>Abmessungen: 170 mm x 100 mm x 120 mm (6,7 Zoll x 3,9 Zoll x 4,7 Zoll)<\/li>\n<li>Gewicht: 1,32 Pfund (600 Gramm)<\/li>\n<li>Material: Fangdraht ist Edelstahl<\/li>\n<li><a href=\"https:\/\/cdn2.hubspot.net\/hubfs\/5957371\/magento-manuals\/zipstop\/EN_zipstop-brake-trolley-catch-accessory-operation-manual.pdf\" target=\"_blank\" rel=\"noopener\">Handbuch f\u00fcr Bremswagen-Fangzubeh\u00f6r<\/a><\/li>\n<\/ul>\n<\/div>\n","protected":false},"excerpt":{"rendered":"<p>Bestellen Sie das Catch-Zubeh\u00f6rkit, um Ihren zipSTOP-Bremstrolley mit dem Catch-Zubeh\u00f6r f\u00fcr eine einfachere Bergung des Fahrers aufzur\u00fcsten. Der <em>zipSTOP-Bremstrolley<\/em> kann mit diesem Auffangzubeh\u00f6r <em>ausgestattet<\/em> werden, um das Zur\u00fcckholen von Zip-Line-Fahrern zu verbessern, damit leichte Fahrer nicht stranden.<\/p>\n","protected":false},"featured_media":2949,"template":"","meta":{"_coblocks_attr":"","_coblocks_dimensions":"","_coblocks_responsive_height":"","_coblocks_accordion_ie_support":"","wds_primary_product_brand":0,"wds_primary_product_cat":0},"product_brand":[72],"product_cat":[39],"product_tag":[36,29],"class_list":{"0":"post-5664","1":"product","2":"type-product","3":"status-publish","4":"has-post-thumbnail","6":"product_brand-head-rush-technologies","7":"product_cat-zipstop-accessories","8":"product_tag-zipline","9":"product_tag-zipstop","11":"first","12":"instock","13":"taxable","14":"shipping-taxable","15":"purchasable","16":"product-type-simple"},"_links":{"self":[{"href":"https:\/\/thrillsyndicate.com\/de\/wp-json\/wp\/v2\/product\/5664","targetHints":{"allow":["GET"]}}],"collection":[{"href":"https:\/\/thrillsyndicate.com\/de\/wp-json\/wp\/v2\/product"}],"about":[{"href":"https:\/\/thrillsyndicate.com\/de\/wp-json\/wp\/v2\/types\/product"}],"wp:featuredmedia":[{"embeddable":true,"href":"https:\/\/thrillsyndicate.com\/de\/wp-json\/wp\/v2\/media\/2949"}],"wp:attachment":[{"href":"https:\/\/thrillsyndicate.com\/de\/wp-json\/wp\/v2\/media?parent=5664"}],"wp:term":[{"taxonomy":"product_brand","embeddable":true,"href":"https:\/\/thrillsyndicate.com\/de\/wp-json\/wp\/v2\/product_brand?post=5664"},{"taxonomy":"product_cat","embeddable":true,"href":"https:\/\/thrillsyndicate.com\/de\/wp-json\/wp\/v2\/product_cat?post=5664"},{"taxonomy":"product_tag","embeddable":true,"href":"https:\/\/thrillsyndicate.com\/de\/wp-json\/wp\/v2\/product_tag?post=5664"}],"curies":[{"name":"wp","href":"https:\/\/api.w.org\/{rel}","templated":true}]}}