{"id":5671,"date":"2022-02-25T17:57:51","date_gmt":"2022-02-25T16:57:51","guid":{"rendered":"https:\/\/thrillsyndicate.com\/shop\/zipstop-ir-speed-und-zipback-ersatzbremsleine\/"},"modified":"2025-08-16T14:59:44","modified_gmt":"2025-08-16T12:59:44","slug":"zipstop-ir-speed-und-zipback-ersatz-bremsleine","status":"publish","type":"product","link":"https:\/\/thrillsyndicate.com\/de\/product\/zipstop-ir-speed-und-zipback-ersatz-bremsleine\/","title":{"rendered":"zipSTOP IR\/Speed und zipBACK Ersatzbremsleine"},"content":{"rendered":"<p>Die Zip-Line-Bremsen <a href=\"https:\/\/thrillsyndicate.com\/de\/shop\/zipstop-ir-zip-line-bremse\/\">zipSTOP IR<\/a> und <a href=\"https:\/\/thrillsyndicate.com\/de\/shop\/zipstop-speed-zip-line-bremse\/\">zipSTOP SPEED<\/a> sind mit einer Bremsleine ausgestattet, die vor Ort vom Besitzer mit der Ersatz-Bremsleine ersetzt werden kann. Abgenutztes oder besch\u00e4digtes Gurtband sollte sofort ersetzt werden. Sch\u00e4den beinhalten, sind aber nicht beschr\u00e4nkt auf, \u00fcberm\u00e4\u00dfige Abnutzung, Fusseln, Ausbleichen durch die Sonne, Schnitte, Knicke, lose N\u00e4hte oder Verbrennungen. Die Bremsleine muss unabh\u00e4ngig von Verschlei\u00df mindestens alle 12 Monate ausgetauscht werden. Die H\u00e4ufigkeit des Bremsleitungswechsels h\u00e4ngt von der Nutzung ab. Weitere Informationen finden Sie in der Bedienungsanleitung. * Dieses Produkt ist auch das Ersatzgurtband f\u00fcr die <a href=\"https:\/\/thrillsyndicate.com\/de\/shop\/zipback-zipline-rueckzugsvorrichtung\/\">zipBACK-R\u00fcckholvorrichtung<\/a>. <strong>Hinweis: Nicht zur Verwendung mit dem Standard zipSTOP geeignet.<\/strong><\/p>\n","protected":false},"excerpt":{"rendered":"<p>Die Zip-Line-Bremsen zipSTOP IR und zipSTOP SPEED sind mit einer Bremsleine ausgestattet, die vor Ort vom Besitzer mit der Ersatz-Bremsleine ersetzt werden kann. Dieses Produkt ist auch das Ersatzgurtband f\u00fcr das zipBACK Retraction Device.<\/p>\n","protected":false},"featured_media":2934,"template":"","meta":{"_coblocks_attr":"","_coblocks_dimensions":"","_coblocks_responsive_height":"","_coblocks_accordion_ie_support":"","wds_primary_product_brand":0,"wds_primary_product_cat":0},"product_brand":[72],"product_cat":[41],"product_tag":[501,436,434],"class_list":{"0":"post-5671","1":"product","2":"type-product","3":"status-publish","4":"has-post-thumbnail","6":"product_brand-head-rush-technologies","7":"product_cat-zipstop-replacement-webbing","8":"product_tag-ersatzgurtband","9":"product_tag-seilrutsche","10":"product_tag-zipstop-de","12":"first","13":"instock","14":"taxable","15":"shipping-taxable","16":"purchasable","17":"product-type-simple"},"_links":{"self":[{"href":"https:\/\/thrillsyndicate.com\/de\/wp-json\/wp\/v2\/product\/5671","targetHints":{"allow":["GET"]}}],"collection":[{"href":"https:\/\/thrillsyndicate.com\/de\/wp-json\/wp\/v2\/product"}],"about":[{"href":"https:\/\/thrillsyndicate.com\/de\/wp-json\/wp\/v2\/types\/product"}],"wp:featuredmedia":[{"embeddable":true,"href":"https:\/\/thrillsyndicate.com\/de\/wp-json\/wp\/v2\/media\/2934"}],"wp:attachment":[{"href":"https:\/\/thrillsyndicate.com\/de\/wp-json\/wp\/v2\/media?parent=5671"}],"wp:term":[{"taxonomy":"product_brand","embeddable":true,"href":"https:\/\/thrillsyndicate.com\/de\/wp-json\/wp\/v2\/product_brand?post=5671"},{"taxonomy":"product_cat","embeddable":true,"href":"https:\/\/thrillsyndicate.com\/de\/wp-json\/wp\/v2\/product_cat?post=5671"},{"taxonomy":"product_tag","embeddable":true,"href":"https:\/\/thrillsyndicate.com\/de\/wp-json\/wp\/v2\/product_tag?post=5671"}],"curies":[{"name":"wp","href":"https:\/\/api.w.org\/{rel}","templated":true}]}}