{"id":5683,"date":"2022-02-25T19:26:48","date_gmt":"2022-02-25T18:26:48","guid":{"rendered":"https:\/\/thrillsyndicate.com\/shop\/flightline-freifallgeraet-185-245-meter\/"},"modified":"2025-08-25T13:24:41","modified_gmt":"2025-08-25T11:24:41","slug":"flightline-redundantes-free-fall-geraet","status":"publish","type":"product","link":"https:\/\/thrillsyndicate.com\/de\/product\/flightline-redundantes-free-fall-geraet\/","title":{"rendered":"FlightLine Freifallger\u00e4t | 18,5 &#8211; 24,5 Meter"},"content":{"rendered":"<p><b>Bitte beachten Sie<\/b>, dass der Preis f\u00fcr das <b>FlightLine Freifallger\u00e4t<\/b> ab dem <b>1. Oktober 2025<\/b> aufgrund der aktuellen weltweiten Zollproblematik <b>steigen<\/b> wird. Um den aktuellen Preis zu erhalten, muss Ihre Bestellung vor dem 1. Oktober 2025 aufgegeben werden und bis zum 30. November 2025 geliefert werden. <\/p>\n<p>Bringen Sie mit dem FlightLine Free Fall Abenteuer in neue H\u00f6hen. Dieses revolution\u00e4re Freifallger\u00e4t bietet extremen Nervenkitzel und wird ein unvergessliches Erlebnis schaffen.<\/p>\n<p>FlightLine wurde f\u00fcr hohen Durchsatz entwickelt und bietet einen aufregenden, echten freien Fall mit einem weichen Fang und Wirbelstrom-Magnetbremsen f\u00fcr sanftes und gleichm\u00e4\u00dfiges Bremsen sowie ein abgestuftes universelles Bremssystem f\u00fcr eine Vielzahl von Benutzergewichten.<\/p>\n<p><strong>Erweiterter freier Fall<\/strong><br \/>\n Die Teilnehmer erhalten mit FlightLine viel Sendezeit, bis zu 11 m (36 ft) freier Fall! FlightLine eignet sich hervorragend als eigenst\u00e4ndiges Element oder um einem bestehenden Abenteuererlebnis einen zus\u00e4tzlichen &#8222;Wow&#8220;-Faktor hinzuzuf\u00fcgen.<\/p>\n<p><strong>Hoher Durchsatz<\/strong><br \/>\n Die FlightLine f\u00e4hrt schnell ein und erm\u00f6glicht einen hohen G\u00e4stedurchsatz. Der Durchsatz ist h\u00f6her als bei Alternativen (z. B. Bungee-Spr\u00fcnge) und bietet den gleichen aufregenden freien Fall.<\/p>\n<p><strong>Abgestufte magnetische Bremsung<\/strong><br \/>\n Die patentierte <a href=\"https:\/\/thrillsyndicate.com\/blog\/the-science-of-eddy-current-magnetic-braking\/\">magnetische Wirbelstrombremstechnologie<\/a> ist \u00e4u\u00dferst zuverl\u00e4ssig und erzeugt einen erstaunlich weichen Fang. Das doppelte Bremssystem in FlightLine greift in zwei Stufen ein, sodass das Fangen glatt und sanft ist.<\/p>\n<p><strong>Mehrere Montagekonfigurationen<\/strong><br \/>\n Eine optionale &#8222;Jump-Over&#8220;-Konfiguration erm\u00f6glicht es den Teilnehmern, von einer Plattform zu springen, w\u00e4hrend das Ger\u00e4t unter ihnen montiert ist. Dies erh\u00f6ht die freie Fallstrecke und erh\u00f6ht den Nervenkitzelfaktor. Zwei Rei\u00dfleinenl\u00e4ngen erm\u00f6glichen eine zus\u00e4tzliche Anpassung des FlightLine Free Fall-Erlebnisses.<\/p>\n<p><strong>Minimale Wartung<\/strong><br \/>\n Die patentierte magnetische Wirbelstrombremstechnologie von Head Rush ist \u00e4u\u00dferst zuverl\u00e4ssig und bietet niedrige Betriebskosten. Es gibt keine ber\u00fchrenden Teile im Bremssystem und es gibt weniger Verschlei\u00df, da das Bremsen ohne Reibung erfolgt.<\/p>\n<p><strong>Modular &amp; kompakt<\/strong><br \/>\n F\u00fcgen Sie extremen Nervenkitzel auf einer erstaunlich kleinen Stellfl\u00e4che hinzu. FlightLine erfordert eine Plattform oder einen Turm mit einer H\u00f6he von mindestens 18,5 m (60 Fu\u00df), aber das modulare Ger\u00e4t ist einfach zu installieren und zu bedienen.<\/p>\n<p><iframe loading=\"lazy\" title=\"FlightLine Free Fall Device\" width=\"980\" height=\"551\" src=\"https:\/\/www.youtube.com\/embed\/1X_EOULPbHI?feature=oembed\" frameborder=\"0\" allow=\"accelerometer; autoplay; clipboard-write; encrypted-media; gyroscope; picture-in-picture\" allowfullscreen><\/iframe><\/p>\n<h2>FLIGHTLINE MIT 4,5 M RIPCORD<\/h2>\n<h3>SPEZIFIKATIONEN<\/h3>\n<ul>\n<li>Abmessungen: 615 x 457 x 234 mm (24,2 x 18 x 9,2 Zoll)<\/li>\n<li>Ger\u00e4tegewicht: 59 kg (130 lbs)<\/li>\n<li>Nennarbeitskapazit\u00e4t: 34 bis 113 kg (75 bis 250 lbs)<\/li>\n<li><a href=\"https:\/\/cdn2.hubspot.net\/hubfs\/5957371\/magento-manuals\/flightline\/EN-flightline-installation-and-operation-manual.pdf\" target=\"_blank\" rel=\"noopener\">FlightLine Free Fall Handbuch<\/a><\/li>\n<\/ul>\n<h3>STANDARDKONFIGURATION<\/h3>\n<ul>\n<li>Minimale Montageh\u00f6he*: 18,5 m (60 Fu\u00df)<\/li>\n<li>Maximale Montageh\u00f6he*: 23 m (75 Fu\u00df)<\/li>\n<li>Mindestabstand \u2013 D\u00fcse zur Plattform: 1,8 m (6 Fu\u00df)<\/li>\n<li>Maximaler Abstand \u2013 D\u00fcse zur Plattform: 2,1 m (7 Fu\u00df)<\/li>\n<\/ul>\n<h3>KONFIGURATION \u00dcBERSPRINGEN<\/h3>\n<ul>\n<li>Minimale Montageh\u00f6he*: 21 m (69 ft)<\/li>\n<li>Maximale Montageh\u00f6he*: 23 m (75 Fu\u00df)<\/li>\n<li>Maximaler Abstand \u2013 D\u00fcse zur Plattform: 1,2 m (4 Fu\u00df)<\/li>\n<\/ul>\n<p>Dieser Abstand gilt von der Ger\u00e4ted\u00fcse bis zur Landezone und ist abh\u00e4ngig von der RipCord-L\u00e4nge. Die Montageh\u00f6hen k\u00f6nnen sich \u00e4ndern. FlightLine mit einem 4,5-m-RipCord bietet einen freien Fall von ca. 4,5 m (15 ft).<\/p>\n<h2>FLIGHTLINE MIT 6,0 M RIPCORD<\/h2>\n<h3>SPEZIFIKATIONEN<\/h3>\n<ul>\n<li>Abmessungen: 615 x 457 x 234 mm (24,2 x 18 x 9,2 Zoll)<\/li>\n<li>Ger\u00e4tegewicht: 59 kg (130 lbs)<\/li>\n<li>Nennarbeitskapazit\u00e4t: 34 bis 130 kg (75 bis 285 lbs)<\/li>\n<\/ul>\n<h3>STANDARDKONFIGURATION<\/h3>\n<ul>\n<li>Minimale Montageh\u00f6he*: 20 m (65 ft)<\/li>\n<li>Maximale Montageh\u00f6he*: 24,5 m (80 Fu\u00df)<\/li>\n<li>Mindestabstand \u2013 D\u00fcse zur Plattform: 1,8 m (6 Fu\u00df)<\/li>\n<li>Maximaler Abstand \u2013 D\u00fcse zur Plattform: 2,1 m (7 Fu\u00df)<\/li>\n<\/ul>\n<h3>KONFIGURATION \u00dcBERSPRINGEN<\/h3>\n<ul>\n<li>Minimale Montageh\u00f6he*: 23 m (75 Fu\u00df)<\/li>\n<li>Maximale Montageh\u00f6he*: 24,5 m (80 Fu\u00df)<\/li>\n<li>Maximaler Abstand \u2013 D\u00fcse zur Plattform: 1,2 m (4 Fu\u00df)<\/li>\n<\/ul>\n<p>Dieser Abstand gilt von der Ger\u00e4ted\u00fcse bis zur Landezone und ist abh\u00e4ngig von der RipCord-L\u00e4nge. Die Montageh\u00f6hen k\u00f6nnen sich \u00e4ndern. FlightLine mit 6,0 m Rei\u00dfleine bietet einen freien Fall von ca. 8 m (26 ft).<\/p>\n<p><img loading=\"lazy\" decoding=\"async\" class=\"alignnone size-full wp-image-253\" src=\"https:\/\/thrillsyndicate.com\/wp-content\/uploads\/2022\/02\/quickjump-quickflight-free-fall-selection-guide.jpg\" alt=\"\" width=\"800\" height=\"975\" srcset=\"https:\/\/thrillsyndicate.com\/wp-content\/uploads\/2022\/02\/quickjump-quickflight-free-fall-selection-guide.jpg 800w, https:\/\/thrillsyndicate.com\/wp-content\/uploads\/2022\/02\/quickjump-quickflight-free-fall-selection-guide-458x558.jpg 458w, https:\/\/thrillsyndicate.com\/wp-content\/uploads\/2022\/02\/quickjump-quickflight-free-fall-selection-guide-246x300.jpg 246w, https:\/\/thrillsyndicate.com\/wp-content\/uploads\/2022\/02\/quickjump-quickflight-free-fall-selection-guide-768x936.jpg 768w, https:\/\/thrillsyndicate.com\/wp-content\/uploads\/2022\/02\/quickjump-quickflight-free-fall-selection-guide-100x122.jpg 100w\" sizes=\"auto, (max-width: 800px) 100vw, 800px\" \/><\/p>\n<p><iframe loading=\"lazy\" title=\"FlightLine Free Fall\" width=\"980\" height=\"551\" src=\"https:\/\/www.youtube.com\/embed\/w5pVDf2nVec?feature=oembed\" frameborder=\"0\" allow=\"accelerometer; autoplay; clipboard-write; encrypted-media; gyroscope; picture-in-picture\" allowfullscreen><\/iframe><\/p>\n","protected":false},"excerpt":{"rendered":"<p>FlightLine, ein revolution\u00e4res Fallerlebnis im freien Fall f\u00fcr aufregende Abfahrten mit hohem Durchsatz. Machen Sie sich bereit f\u00fcr ein neues Freifall-Abenteuer, das Springer in ungeahnte H\u00f6hen bringt. Was FlightLine von anderen Freifalloptionen unterscheidet, ist ein weicher Fang f\u00fcr Fahrkomfort, zweistufiges Bremsen und ein umfassendes, echtes Freifallgef\u00fchl f\u00fcr extremen Nervenkitzel. Perfekt f\u00fcr Abenteuerparks, Zip-Line-Touren, Familienunterhaltungszentren sowie die Vergn\u00fcgungsindustrie.<\/p>\n","protected":false},"featured_media":3444,"template":"","meta":{"_coblocks_attr":"","_coblocks_dimensions":"","_coblocks_responsive_height":"","_coblocks_accordion_ie_support":"","wds_primary_product_brand":0,"wds_primary_product_cat":0},"product_brand":[72],"product_cat":[43],"product_tag":[45,44],"class_list":{"0":"post-5683","1":"product","2":"type-product","3":"status-publish","4":"has-post-thumbnail","6":"product_brand-head-rush-technologies","7":"product_cat-free-fall-devices","8":"product_tag-flightline-free-fall","9":"product_tag-free-fall","11":"first","12":"instock","13":"sale","14":"taxable","15":"shipping-taxable","16":"purchasable","17":"product-type-variable"},"_links":{"self":[{"href":"https:\/\/thrillsyndicate.com\/de\/wp-json\/wp\/v2\/product\/5683","targetHints":{"allow":["GET"]}}],"collection":[{"href":"https:\/\/thrillsyndicate.com\/de\/wp-json\/wp\/v2\/product"}],"about":[{"href":"https:\/\/thrillsyndicate.com\/de\/wp-json\/wp\/v2\/types\/product"}],"wp:featuredmedia":[{"embeddable":true,"href":"https:\/\/thrillsyndicate.com\/de\/wp-json\/wp\/v2\/media\/3444"}],"wp:attachment":[{"href":"https:\/\/thrillsyndicate.com\/de\/wp-json\/wp\/v2\/media?parent=5683"}],"wp:term":[{"taxonomy":"product_brand","embeddable":true,"href":"https:\/\/thrillsyndicate.com\/de\/wp-json\/wp\/v2\/product_brand?post=5683"},{"taxonomy":"product_cat","embeddable":true,"href":"https:\/\/thrillsyndicate.com\/de\/wp-json\/wp\/v2\/product_cat?post=5683"},{"taxonomy":"product_tag","embeddable":true,"href":"https:\/\/thrillsyndicate.com\/de\/wp-json\/wp\/v2\/product_tag?post=5683"}],"curies":[{"name":"wp","href":"https:\/\/api.w.org\/{rel}","templated":true}]}}