{"id":5690,"date":"2022-02-25T19:36:41","date_gmt":"2022-02-25T18:36:41","guid":{"rendered":"https:\/\/thrillsyndicate.com\/shop\/austausch-des-oberen-quickflight-quickflight-xl-gurtbands\/"},"modified":"2025-06-05T11:48:04","modified_gmt":"2025-06-05T09:48:04","slug":"quickflight-quickflight-xl-oberer-gurtbandersatz","status":"publish","type":"product","link":"https:\/\/thrillsyndicate.com\/de\/product\/quickflight-quickflight-xl-oberer-gurtbandersatz\/","title":{"rendered":"Austausch des oberen QuickFlight\/QuickFlight XL-Gurtbands"},"content":{"rendered":"<p>Das <a href=\"https:\/\/thrillsyndicate.com\/de\/free-fall-devices-2\/\">QuickFlight-Freifallger\u00e4t<\/a> ist mit einem Gurtband ausgestattet, das vor Ort vom Besitzer mit dem Ersatzgurtband ausgetauscht werden kann. Abgenutztes oder besch\u00e4digtes Gurtband sollte sofort ersetzt werden. Sch\u00e4den beinhalten, sind aber nicht beschr\u00e4nkt auf, \u00fcberm\u00e4\u00dfige Abnutzung, Fusseln, Ausbleichen durch die Sonne, Schnitte, Knicke, lose N\u00e4hte oder Verbrennungen. Die H\u00e4ufigkeit des Gurtbandwechsels h\u00e4ngt von der Nutzung ab. Weitere Informationen finden Sie in der Bedienungsanleitung des QuickFlight-Freifallger\u00e4ts.<\/p>\n","protected":false},"excerpt":{"rendered":"<p>Das QuickFlight-Freifallger\u00e4t ist mit einem Gurtband ausgestattet, das vor Ort vom Besitzer mit dem Ersatzgurtband ersetzt werden kann.<\/p>\n","protected":false},"featured_media":3438,"template":"","meta":{"_coblocks_attr":"","_coblocks_dimensions":"","_coblocks_responsive_height":"","_coblocks_accordion_ie_support":"","wds_primary_product_brand":0,"wds_primary_product_cat":0},"product_brand":[72],"product_cat":[47],"product_tag":[501,514,513,515],"class_list":{"0":"post-5690","1":"product","2":"type-product","3":"status-publish","4":"has-post-thumbnail","6":"product_brand-head-rush-technologies","7":"product_cat-free-fall-replacement-webbing","8":"product_tag-ersatzgurtband","9":"product_tag-flightline-freier-fall","10":"product_tag-freier-fall","11":"product_tag-quickflight-freier-fall","13":"first","14":"instock","15":"taxable","16":"shipping-taxable","17":"purchasable","18":"product-type-variable"},"_links":{"self":[{"href":"https:\/\/thrillsyndicate.com\/de\/wp-json\/wp\/v2\/product\/5690","targetHints":{"allow":["GET"]}}],"collection":[{"href":"https:\/\/thrillsyndicate.com\/de\/wp-json\/wp\/v2\/product"}],"about":[{"href":"https:\/\/thrillsyndicate.com\/de\/wp-json\/wp\/v2\/types\/product"}],"wp:featuredmedia":[{"embeddable":true,"href":"https:\/\/thrillsyndicate.com\/de\/wp-json\/wp\/v2\/media\/3438"}],"wp:attachment":[{"href":"https:\/\/thrillsyndicate.com\/de\/wp-json\/wp\/v2\/media?parent=5690"}],"wp:term":[{"taxonomy":"product_brand","embeddable":true,"href":"https:\/\/thrillsyndicate.com\/de\/wp-json\/wp\/v2\/product_brand?post=5690"},{"taxonomy":"product_cat","embeddable":true,"href":"https:\/\/thrillsyndicate.com\/de\/wp-json\/wp\/v2\/product_cat?post=5690"},{"taxonomy":"product_tag","embeddable":true,"href":"https:\/\/thrillsyndicate.com\/de\/wp-json\/wp\/v2\/product_tag?post=5690"}],"curies":[{"name":"wp","href":"https:\/\/api.w.org\/{rel}","templated":true}]}}