{"id":5691,"date":"2022-02-26T10:24:20","date_gmt":"2022-02-26T09:24:20","guid":{"rendered":"https:\/\/thrillsyndicate.com\/shop\/montagesatz-fuer-quickflight-quickflight-xl\/"},"modified":"2025-06-05T09:14:49","modified_gmt":"2025-06-05T07:14:49","slug":"montagesatz-fuer-quickflight-quickflight-xl","status":"publish","type":"product","link":"https:\/\/thrillsyndicate.com\/de\/product\/montagesatz-fuer-quickflight-quickflight-xl\/","title":{"rendered":"Montagesatz f\u00fcr QuickFlight\/QuickFlight XL"},"content":{"rendered":"<p>Verwenden Sie dieses schl\u00fcsselfertige Kit zur Montage Ihres <a href=\"https:\/\/thrillsyndicate.com\/de\/shop\/quickflight-freifallgeraet\/\">QuickFlight-<\/a> oder <a href=\"https:\/\/thrillsyndicate.com\/de\/shop\/quickflight-xl-freifallgeraet\/\">QuickFlight XL<\/a> -Freifallger\u00e4ts, wie in der Bedienungsanleitung angegeben. Dieses Set enth\u00e4lt 2 dreifach verriegelnde Karabiner aus Stahl, einen Schnellverschluss und einen Ring, um prim\u00e4re und sekund\u00e4re Befestigungspunkte f\u00fcr die Montage eines QuickFlight-Ger\u00e4ts zu schaffen. <strong>Innovative L\u00f6sung f\u00fcr eine sichere Befestigung:<\/strong> Das QuickFlight-Montageset ist Ihre erste Wahl f\u00fcr eine einwandfreie und sichere Befestigung Ihres QuickFlight- oder QuickFlight XL-Freifallger\u00e4ts.<br \/>\nDieses schl\u00fcsselfertige Kit wurde gem\u00e4\u00df den Spezifikationen in der Bedienungsanleitung entwickelt und stellt sicher, dass Ihr Ger\u00e4t auf eine Weise befestigt wird, die die Sicherheit maximiert und gleichzeitig eine optimale Leistung garantiert. <strong>Auf Langlebigkeit ausgelegte Komponenten:<\/strong> Das Montageset besteht aus zwei robusten Stahlkarabinern mit dreifacher Verriegelung, einem Schnellverschluss und einem Bewertungsring.<br \/>\nDiese Komponenten sind auf Langlebigkeit ausgelegt und versprechen eine Haltbarkeit, die dem Test der Zeit und der wiederholten Verwendung standh\u00e4lt.<br \/>\nGanz gleich, ob Sie ein h\u00e4ufiger Abenteurer oder ein gelegentlicher Nervenkitzel-Sucher sind, unser Set ist so konstruiert, dass es Ihnen zuverl\u00e4ssig dient und einen reibungslosen Betrieb gew\u00e4hrleistet. <strong>Zwei Befestigungspunkte f\u00fcr mehr Sicherheit:<\/strong> Sicherheit ist das A und O, wenn es um Abenteuerausr\u00fcstung geht.<br \/>\nUnser QuickFlight-Befestigungskit verf\u00fcgt \u00fcber einen prim\u00e4ren und einen sekund\u00e4ren Befestigungspunkt f\u00fcr die Montage Ihres QuickFlight-Ger\u00e4ts.<br \/>\nDiese mehrfachen Kontaktpunkte sorgen f\u00fcr zus\u00e4tzliche Sicherheit und gew\u00e4hrleisten, dass Ihr Ger\u00e4t fest an seinem Platz bleibt, egal was passiert.<br \/>\nInvestieren Sie in Sicherheit, investieren Sie in Abenteuer, investieren Sie in das QuickFlight Mounting Kit.      <\/p>\n","protected":false},"excerpt":{"rendered":"<p>Verwenden Sie dieses schl\u00fcsselfertige Kit zur Montage Ihres QuickFlight- oder QuickFlight XL-Freifallger\u00e4ts, wie in der Bedienungsanleitung angegeben.<\/p>\n","protected":false},"featured_media":3423,"template":"","meta":{"_coblocks_attr":"","_coblocks_dimensions":"","_coblocks_responsive_height":"","_coblocks_accordion_ie_support":"","wds_primary_product_brand":0,"wds_primary_product_cat":0},"product_brand":[72],"product_cat":[48],"product_tag":[45,44,46],"class_list":{"0":"post-5691","1":"product","2":"type-product","3":"status-publish","4":"has-post-thumbnail","6":"product_brand-head-rush-technologies","7":"product_cat-free-fall-accessories","8":"product_tag-flightline-free-fall","9":"product_tag-free-fall","10":"product_tag-quickflight-free-fall","12":"first","13":"instock","14":"taxable","15":"shipping-taxable","16":"purchasable","17":"product-type-simple"},"_links":{"self":[{"href":"https:\/\/thrillsyndicate.com\/de\/wp-json\/wp\/v2\/product\/5691","targetHints":{"allow":["GET"]}}],"collection":[{"href":"https:\/\/thrillsyndicate.com\/de\/wp-json\/wp\/v2\/product"}],"about":[{"href":"https:\/\/thrillsyndicate.com\/de\/wp-json\/wp\/v2\/types\/product"}],"wp:featuredmedia":[{"embeddable":true,"href":"https:\/\/thrillsyndicate.com\/de\/wp-json\/wp\/v2\/media\/3423"}],"wp:attachment":[{"href":"https:\/\/thrillsyndicate.com\/de\/wp-json\/wp\/v2\/media?parent=5691"}],"wp:term":[{"taxonomy":"product_brand","embeddable":true,"href":"https:\/\/thrillsyndicate.com\/de\/wp-json\/wp\/v2\/product_brand?post=5691"},{"taxonomy":"product_cat","embeddable":true,"href":"https:\/\/thrillsyndicate.com\/de\/wp-json\/wp\/v2\/product_cat?post=5691"},{"taxonomy":"product_tag","embeddable":true,"href":"https:\/\/thrillsyndicate.com\/de\/wp-json\/wp\/v2\/product_tag?post=5691"}],"curies":[{"name":"wp","href":"https:\/\/api.w.org\/{rel}","templated":true}]}}