{"id":5705,"date":"2022-02-25T17:51:01","date_gmt":"2022-02-25T16:51:01","guid":{"rendered":"https:\/\/thrillsyndicate.com\/shop\/zipstop-bremstrolley-mit-fangmechanismus\/"},"modified":"2025-08-16T15:02:24","modified_gmt":"2025-08-16T13:02:24","slug":"zipstop-bremstrolley-mit-verschluss","status":"publish","type":"product","link":"https:\/\/thrillsyndicate.com\/de\/product\/zipstop-bremstrolley-mit-verschluss\/","title":{"rendered":"zipSTOP Bremstrolley mit Fangmechanismus"},"content":{"rendered":"<div class=\"hrt-product-description\">  Die zipSTOP Seilrolle mit Auffangmechanismus ist ein Ersatz f\u00fcr die Seilrolle, die mit Ihrer <a href=\"https:\/\/thrillsyndicate.com\/de\/kategorie\/zipline-sicherheitslosungen\/zipwire-bremssysteme\/\">zipSTOP Zip Line Brake<\/a> geliefert wurde, und enth\u00e4lt das Auffangzubeh\u00f6r f\u00fcr die Verwendung mit <a href=\"https:\/\/thrillsyndicate.com\/de\/kategorie\/zipline-sicherheitslosungen\/zipline-trolleys-de\/\">LightSpeed Seilrollen<\/a> mit installiertem Haken. Einzelheiten zur Inspektion und zum Austausch von Leitungen entnehmen Sie bitte dem zipSTOP-Installations-, Bedienungs- und Wartungshandbuch.  <\/div>\n<h4>SPEZIFIKATIONEN<\/h4>\n<div class=\"hrt-specs\">\n<ul>\n<li>Abmessungen: 320 x 100 x 115 mm (12,5 x 4 x 4,5 Zoll)<\/li>\n<li>Nettogewicht: 1,3 kg<\/li>\n<li>Geh\u00e4use: Aluminiumlegierung<\/li>\n<li>R\u00e4der: Stahl<\/li>\n<li>Anschlagpuffer: EPDM-Gummi<\/li>\n<li>H\u00f6chstgeschwindigkeit: 72 km\/h (45 mph)<\/li>\n<li>Minimales Fahrergewicht: 15 kg (33 lbs)<\/li>\n<li>Maximales Fahrergewicht: 150 kg (330 lbs)<\/li>\n<\/ul>\n<\/div>\n","protected":false},"excerpt":{"rendered":"<p>Dieser zipSTOP-<em>Bremstrolley<\/em> ist mit einem <em>Fangmechanismus<\/em> ausgestattet, um das Zur\u00fcckholen des Fahrers zu verbessern, falls ein leichter Fahrer kurz vor der Landeplattform anh\u00e4lt.<\/p>\n","protected":false},"featured_media":2952,"template":"","meta":{"_coblocks_attr":"","_coblocks_dimensions":"","_coblocks_responsive_height":"","_coblocks_accordion_ie_support":"","wds_primary_product_brand":0,"wds_primary_product_cat":0},"product_brand":[72],"product_cat":[39],"product_tag":[36,29],"class_list":{"0":"post-5705","1":"product","2":"type-product","3":"status-publish","4":"has-post-thumbnail","6":"product_brand-head-rush-technologies","7":"product_cat-zipstop-accessories","8":"product_tag-zipline","9":"product_tag-zipstop","11":"first","12":"instock","13":"taxable","14":"shipping-taxable","15":"purchasable","16":"product-type-variable"},"_links":{"self":[{"href":"https:\/\/thrillsyndicate.com\/de\/wp-json\/wp\/v2\/product\/5705","targetHints":{"allow":["GET"]}}],"collection":[{"href":"https:\/\/thrillsyndicate.com\/de\/wp-json\/wp\/v2\/product"}],"about":[{"href":"https:\/\/thrillsyndicate.com\/de\/wp-json\/wp\/v2\/types\/product"}],"wp:featuredmedia":[{"embeddable":true,"href":"https:\/\/thrillsyndicate.com\/de\/wp-json\/wp\/v2\/media\/2952"}],"wp:attachment":[{"href":"https:\/\/thrillsyndicate.com\/de\/wp-json\/wp\/v2\/media?parent=5705"}],"wp:term":[{"taxonomy":"product_brand","embeddable":true,"href":"https:\/\/thrillsyndicate.com\/de\/wp-json\/wp\/v2\/product_brand?post=5705"},{"taxonomy":"product_cat","embeddable":true,"href":"https:\/\/thrillsyndicate.com\/de\/wp-json\/wp\/v2\/product_cat?post=5705"},{"taxonomy":"product_tag","embeddable":true,"href":"https:\/\/thrillsyndicate.com\/de\/wp-json\/wp\/v2\/product_tag?post=5705"}],"curies":[{"name":"wp","href":"https:\/\/api.w.org\/{rel}","templated":true}]}}