{"id":5717,"date":"2022-02-25T19:15:52","date_gmt":"2022-02-25T18:15:52","guid":{"rendered":"https:\/\/thrillsyndicate.com\/shop\/quickflight-xl-freifallgeraet-12-23-meter\/"},"modified":"2025-08-25T13:24:47","modified_gmt":"2025-08-25T11:24:47","slug":"quickflight-xl-freifallgeraet","status":"publish","type":"product","link":"https:\/\/thrillsyndicate.com\/de\/product\/quickflight-xl-freifallgeraet\/","title":{"rendered":"QuickFlight XL Freifallger\u00e4t | 12 &#8211; 23 Meter"},"content":{"rendered":"<p><b>Bitte beachten Sie<\/b>, dass der Preis f\u00fcr das <b>QuickFlight XL Freifallger\u00e4t<\/b> ab dem <b>1. Oktober 2025<\/b> aufgrund der aktuellen weltweiten Zollproblematik <b>steigen<\/b> wird. Um den aktuellen Preis zu erhalten, muss Ihre Bestellung vor dem 1. Oktober 2025 aufgegeben werden und bis zum 30. November 2025 geliefert werden. <\/p>\n<p>Das QuickFlight-Freifallger\u00e4t verwendet die Wirbelstrom-Magnetbremstechnologie, um ein aufregendes Freifallerlebnis zu bieten. Der QuickFlight kann in einer Vielzahl von Anwendungen verwendet werden, einschlie\u00dflich Plattformausstieg und \u201eLeap of Faith\u201c. Oder\u2026 einfach SPRINGEN!<\/p>\n<p><strong>Bringen Sie den freien Fall in Ihr Unternehmen mit QuickFlight XL, einem aufregenden Freifall-Nervenkitzel mit hohem Durchsatz f\u00fcr alle Altersgruppen!<\/strong><\/p>\n<h2>Merkmale:<\/h2>\n<ul>\n<li><strong>Echter freier Fall<\/strong> : Unsere magnetische Bremstechnologie erm\u00f6glicht QuickFlight XL einen uneingeschr\u00e4nkten \u201ewahren freien Fall\u201c bis zu 4 m (13 ft). Echter freier Fall in Kombination mit einem hohen GPA-Faktor (Ground Proximity Awareness) ergibt ein komplettes Freifallerlebnis, das in der Branche wirklich einzigartig ist.<\/li>\n<li><strong>Zweileitungssystem<\/strong> . Redundantes Zweileitungssystem und integrierte \u00dcberlastschutzbaugruppen (OPAs) dienen dazu, den Fahrkomfort und die Sicherheit des Bedieners zu maximieren.<\/li>\n<li><strong>Betriebskompatibilit\u00e4t<\/strong> . Montieren Sie den QuickFlight XL drinnen oder drau\u00dfen bis zu 23 m (75 Fu\u00df). Eine gro\u00dfe Auswahl an Gewichten (20\u2013130 kg\/44\u2013285 lbs) und Befestigungsoptionen erm\u00f6glichen ein individuelles Freifallerlebnis, das mit der H\u00f6he Ihrer Strukturen und dem Komfortniveau Ihrer Kundschaft kompatibel ist.<\/li>\n<li><a href=\"https:\/\/thrillsyndicate.com\/blog\/the-science-of-eddy-current-magnetic-braking\/\"><strong>Wirbelstrom, magnetische Bremstechnologie<\/strong><\/a><strong>.<\/strong> Die Magnete erm\u00f6glichen ein kompaktes Design, das einfach zu installieren, zu transportieren und zu warten ist. Damit eignet es sich perfekt als oberster Anker auf einem bestehenden Turm oder einer Plattform. Wirbelstrom, magnetisches Bremsen, das im freien Fall verwendet wird, bietet einen weichen Fang und einen sanften Abstieg, Zyklus f\u00fcr Zyklus.<\/li>\n<li><strong>Hoher Durchsatz<\/strong> : Der QuickFlight XL zieht sich schnell und sicher zur\u00fcck und erm\u00f6glicht einen h\u00f6heren Durchsatz als andere Freifallger\u00e4te. Einfache Installation, Tragbarkeit und vor Ort austauschbare Teile bedeuten, dass Sie im Laufe der Zeit mehr sparen, wenn Sie zusehen, wie Ihre Kunden im freien Fall fallen, w\u00e4hrend Ihre Gewinne in die H\u00f6he schnellen!<\/li>\n<\/ul>\n<p><strong>Hinweis<\/strong> : Der Hauptunterschied zwischen QuickFlight und QuickFlight XL ist die Montageh\u00f6he.<\/p>\n<p>Jeder QuickFlight XL wird mit einem oberen Gurtband geliefert, das an einer RipCord-Option befestigt ist, und zwei Karabinern (mit Haltegurten) an der Gurtbandleine. Sie ben\u00f6tigen eine separate Montageausr\u00fcstung, um das QuickFlight XL-Ger\u00e4t zu montieren, NICHT IM LIEFERUMFANG ENTHALTEN. Wir empfehlen den Kauf des <a href=\"https:\/\/thrillsyndicate.com\/de\/shop\/montagesatz-fuer-quickflight-quickflight-xl\/\">QuickFlight-Montagekits<\/a> .<\/p>\n<h2 class=\"product-title ecomproduct__product-title\">QuickFlight XL J\u00e4hrlicher Service<\/h2>\n<p>Um die Garantie deines QuickFlight XL-Freifallger\u00e4ts aufrechtzuerhalten und die Einhaltung der Sicherheitsstandards zu gew\u00e4hrleisten, m\u00fcssen alle Ger\u00e4te einer j\u00e4hrlichen Wartung unterzogen werden. Die Wartung ist ein j\u00e4hrlicher Prozess, mit dem sichergestellt wird, dass dein QuickFlight XL ordnungsgem\u00e4\u00df funktioniert und verschlissene Teile, wie das Gurtband, ersetzt werden. Die rechtzeitige Wartung deines QuickFlight XL tr\u00e4gt dazu bei, die Garantie zu erhalten und die Leistung zu maximieren. Au\u00dferdem ist eine j\u00e4hrliche Wartung vorgeschrieben, um die Einhaltung von Sicherheitsstandards wie CE und ANSI zu gew\u00e4hrleisten. Die j\u00e4hrliche Servicegeb\u00fchr f\u00fcr QuickFlight XL betr\u00e4gt 299,00 \u20ac.<\/p>\n<h2>SPEZIFIKATIONEN<\/h2>\n<div class=\"hrt-specs\">\n<ul>\n<li style=\"list-style-type: none;\">\n<ul>\n<li>Nennarbeitskapazit\u00e4t: 20 bis 130 kg (44 bis 285 lbs)<\/li>\n<li>Abmessungen: 80 x 320 x 216 mm (15 x 12,6 x 8,5 Zoll)<\/li>\n<li>Ger\u00e4tegewicht: QuickFlight XL: 25 kg (55 lbs)<\/li>\n<li>Garantie (alle Ger\u00e4te): 2 Jahre<\/li>\n<li>ASTM F2291-11: Standardpraxis f\u00fcr das Design von Fahrgesch\u00e4ften und -ger\u00e4ten<\/li>\n<li><a href=\"https:\/\/thrillsyndicate.com\/wp-content\/uploads\/2022\/02\/QuickFlight-CE-certificate.pdf\">QuickFlight CE-Zertifikat<\/a><\/li>\n<li><a href=\"https:\/\/cdn2.hubspot.net\/hubfs\/5957371\/website-docs\/manuals\/quickflight\/EN_quickflight-quickflight-xl-operation-manual_V2.pdf\" target=\"_blank\" rel=\"noopener\">QuickFlight \/ QuickFlight XL-Handbuch<\/a><\/li>\n<\/ul>\n<\/li>\n<\/ul>\n<ul>\n<li><strong>QuickFlight XL 1 Meter RipCord<\/strong><br \/>\nMinimale Montageh\u00f6he &#8211; 12 m (39.4 ft)<br \/>\nMaximale Montageh\u00f6he &#8211; 21.8 m (71.5 ft)<\/li>\n<li><strong>QuickFlight XL 2 Meter RipCord<\/strong><br \/>\nMinimale Montageh\u00f6he &#8211; 13 m (42.7 ft)<br \/>\nMaximale Montageh\u00f6he &#8211; 23.0 m (75.4 ft)<\/li>\n<\/ul>\n<p><img loading=\"lazy\" decoding=\"async\" class=\"alignnone wp-image-253 size-full\" src=\"https:\/\/thrillsyndicate.com\/wp-content\/uploads\/2022\/02\/quickjump-quickflight-free-fall-selection-guide.jpg\" alt=\"\" width=\"800\" height=\"975\" srcset=\"https:\/\/thrillsyndicate.com\/wp-content\/uploads\/2022\/02\/quickjump-quickflight-free-fall-selection-guide.jpg 800w, https:\/\/thrillsyndicate.com\/wp-content\/uploads\/2022\/02\/quickjump-quickflight-free-fall-selection-guide-458x558.jpg 458w, https:\/\/thrillsyndicate.com\/wp-content\/uploads\/2022\/02\/quickjump-quickflight-free-fall-selection-guide-246x300.jpg 246w, https:\/\/thrillsyndicate.com\/wp-content\/uploads\/2022\/02\/quickjump-quickflight-free-fall-selection-guide-768x936.jpg 768w, https:\/\/thrillsyndicate.com\/wp-content\/uploads\/2022\/02\/quickjump-quickflight-free-fall-selection-guide-100x122.jpg 100w\" sizes=\"auto, (max-width: 800px) 100vw, 800px\" \/><\/p>\n<p><iframe loading=\"lazy\" title=\"QuickFlight Free Fall Device\" width=\"980\" height=\"551\" src=\"https:\/\/www.youtube.com\/embed\/jmAL_YdePl0?feature=oembed\" frameborder=\"0\" allow=\"accelerometer; autoplay; clipboard-write; encrypted-media; gyroscope; picture-in-picture\" allowfullscreen><\/iframe><\/p>\n<\/div>\n","protected":false},"excerpt":{"rendered":"<p>Der QuickFlight XL bietet ein un\u00fcbertroffenes Freifall-Erlebnis mit modernster magnetischer Bremstechnologie. Er eignet sich perfekt f\u00fcr Hochseilgarten, Seilbahnt\u00fcrme und vieles mehr und bietet einen hohen Durchsatz bei niedrigen Betriebskosten.<\/p>\n","protected":false},"featured_media":3498,"template":"","meta":{"_coblocks_attr":"","_coblocks_dimensions":"","_coblocks_responsive_height":"","_coblocks_accordion_ie_support":"","wds_primary_product_brand":0,"wds_primary_product_cat":0},"product_brand":[72],"product_cat":[43],"product_tag":[513,515],"class_list":{"0":"post-5717","1":"product","2":"type-product","3":"status-publish","4":"has-post-thumbnail","6":"product_brand-head-rush-technologies","7":"product_cat-free-fall-devices","8":"product_tag-freier-fall","9":"product_tag-quickflight-freier-fall","11":"first","12":"instock","13":"sale","14":"taxable","15":"shipping-taxable","16":"purchasable","17":"product-type-variable"},"_links":{"self":[{"href":"https:\/\/thrillsyndicate.com\/de\/wp-json\/wp\/v2\/product\/5717","targetHints":{"allow":["GET"]}}],"collection":[{"href":"https:\/\/thrillsyndicate.com\/de\/wp-json\/wp\/v2\/product"}],"about":[{"href":"https:\/\/thrillsyndicate.com\/de\/wp-json\/wp\/v2\/types\/product"}],"wp:featuredmedia":[{"embeddable":true,"href":"https:\/\/thrillsyndicate.com\/de\/wp-json\/wp\/v2\/media\/3498"}],"wp:attachment":[{"href":"https:\/\/thrillsyndicate.com\/de\/wp-json\/wp\/v2\/media?parent=5717"}],"wp:term":[{"taxonomy":"product_brand","embeddable":true,"href":"https:\/\/thrillsyndicate.com\/de\/wp-json\/wp\/v2\/product_brand?post=5717"},{"taxonomy":"product_cat","embeddable":true,"href":"https:\/\/thrillsyndicate.com\/de\/wp-json\/wp\/v2\/product_cat?post=5717"},{"taxonomy":"product_tag","embeddable":true,"href":"https:\/\/thrillsyndicate.com\/de\/wp-json\/wp\/v2\/product_tag?post=5717"}],"curies":[{"name":"wp","href":"https:\/\/api.w.org\/{rel}","templated":true}]}}