{"id":5731,"date":"2022-02-26T12:09:28","date_gmt":"2022-02-26T11:09:28","guid":{"rendered":"https:\/\/thrillsyndicate.com\/shop\/speedrunner-multidirektionaler-anker\/"},"modified":"2025-06-05T09:14:40","modified_gmt":"2025-06-05T07:14:40","slug":"speedrunner-multidirektionaler-anker","status":"publish","type":"product","link":"https:\/\/thrillsyndicate.com\/de\/product\/speedrunner-multidirektionaler-anker\/","title":{"rendered":"Speedrunner | Multidirektionaler Anker"},"content":{"rendered":"<p>Die neue Speedrunner Halterung ist ein 360\u00b0 multidirektionales und kontinuierliches Sicherungssystem. Design verbessern. Kurse verdichten. Steigern Sie das Kundenerlebnis. Speedrunner Pfahlanker, f\u00fcr eine multidirektionale und kontinuierliche Rettungsleine.  <\/p>\n<ul>\n<li>Bis zu 6 Richtungen pro Bahnsteig<\/li>\n<li>Erweitern Sie Ihre Gestaltungsm\u00f6glichkeiten<\/li>\n<li>Optimiert die Wegfindung auf Plattformen<\/li>\n<li>Erh\u00f6hen Sie die Anzahl der Elemente in Ihrem Hochseilgarten<\/li>\n<li>Halterung f\u00fcr Masten und B\u00e4ume<\/li>\n<li>Kanhook immer in der richtigen Position<\/li>\n<li>An jede Art von Stangen anpassbar<\/li>\n<\/ul>\n","protected":false},"excerpt":{"rendered":"<p>Der Speedrunner Multidirectional Anchor ist ein spezieller Verzweigungsring f\u00fcr Masten mit einem maximalen Durchmesser von 22 cm (andere Gr\u00f6\u00dfen sind auf Anfrage erh\u00e4ltlich), der bis zu 6 Ein- und Ausg\u00e4nge erm\u00f6glicht.<\/p>\n","protected":false},"featured_media":3141,"template":"","meta":{"_coblocks_attr":"","_coblocks_dimensions":"","_coblocks_responsive_height":"","_coblocks_accordion_ie_support":"","wds_primary_product_brand":0,"wds_primary_product_cat":0},"product_brand":[91],"product_cat":[50],"product_tag":[54,178,8],"class_list":{"0":"post-5731","1":"product","2":"type-product","3":"status-publish","4":"has-post-thumbnail","6":"product_brand-speedrunner-continuous-belay-system","7":"product_cat-speedrunner-continuous-belay-system","8":"product_tag-continuous-belay","9":"product_tag-lifeline-mounting","10":"product_tag-belay-systems","12":"first","13":"instock","14":"taxable","15":"shipping-taxable","16":"purchasable","17":"product-type-simple"},"_links":{"self":[{"href":"https:\/\/thrillsyndicate.com\/de\/wp-json\/wp\/v2\/product\/5731","targetHints":{"allow":["GET"]}}],"collection":[{"href":"https:\/\/thrillsyndicate.com\/de\/wp-json\/wp\/v2\/product"}],"about":[{"href":"https:\/\/thrillsyndicate.com\/de\/wp-json\/wp\/v2\/types\/product"}],"wp:featuredmedia":[{"embeddable":true,"href":"https:\/\/thrillsyndicate.com\/de\/wp-json\/wp\/v2\/media\/3141"}],"wp:attachment":[{"href":"https:\/\/thrillsyndicate.com\/de\/wp-json\/wp\/v2\/media?parent=5731"}],"wp:term":[{"taxonomy":"product_brand","embeddable":true,"href":"https:\/\/thrillsyndicate.com\/de\/wp-json\/wp\/v2\/product_brand?post=5731"},{"taxonomy":"product_cat","embeddable":true,"href":"https:\/\/thrillsyndicate.com\/de\/wp-json\/wp\/v2\/product_cat?post=5731"},{"taxonomy":"product_tag","embeddable":true,"href":"https:\/\/thrillsyndicate.com\/de\/wp-json\/wp\/v2\/product_tag?post=5731"}],"curies":[{"name":"wp","href":"https:\/\/api.w.org\/{rel}","templated":true}]}}