{"id":5733,"date":"2022-02-26T12:24:26","date_gmt":"2022-02-26T11:24:26","guid":{"rendered":"https:\/\/thrillsyndicate.com\/shop\/speedrunner-einfache-halterung-v5\/"},"modified":"2025-06-01T20:39:32","modified_gmt":"2025-06-01T18:39:32","slug":"speedrunner-easy-halterung","status":"publish","type":"product","link":"https:\/\/thrillsyndicate.com\/de\/product\/speedrunner-easy-halterung\/","title":{"rendered":"Speedrunner | Easy Bracket V6"},"content":{"rendered":"<p><strong>Begradigen Sie die Linie. Gewinnen Sie Platz auf der Plattform. <\/strong>  Der neue Speedrunner Easy bringt Ihre technischen Verrenkungen auf Vordermann und verwandelt sie in Durchsatz. Einfachere flache Installation jetzt m\u00f6glich. Innovative konturierte Messingbuchsen an allen Verbindungen verl\u00e4ngern die Lebensdauer. Mehr Sicherheit, mehr Freiheit. Das kostensparende System ist sehr einfach zu installieren. Da die Befestigungen verschraubt sind, kann die Installation einfach ge\u00e4ndert oder erweitert werden. Durch die verdrehte Fixierung bewegt sich der <a href=\"https:\/\/thrillsyndicate.com\/de\/product\/speedrunner-kanhook-ultimate\/\">Speedrunner II Kanhook<\/a> leicht durch die Fixierung.<br \/>\nDer Speedrunner Easy ist universell einsetzbar, einfach zu installieren und h\u00e4lt die Sicherheitsleine in der Luft.  Willkommen in einer neuen Dimension der Haltbarkeit.  <\/p>\n<h2>Spezifikationen<\/h2>\n<ul>\n<li>Zur Montage an Masten, B\u00e4umen und W\u00e4nden<\/li>\n<li>Speedrunner Kanhook gleitet m\u00fchelos \u00fcber flache Oberfl\u00e4chen<\/li>\n<li>Wartungsfrei<\/li>\n<li>Einfach nachtr\u00e4glich einbaubar und modifizierbar<\/li>\n<li>Befestigung mit 3 Edelstahlschrauben<\/li>\n<li>Befestigungsloch \u00d8 15MM<\/li>\n<li>Zur Verwendung mit 10MM oder 12MM Rapid Link<\/li>\n<li>Verschlei\u00dfschutz f\u00fcr Rapid Link und Sch\u00e4kel<\/li>\n<li>H\u00f6chste Sicherheit Ihrer Infrastruktur durch unser dynamisches Dauersicherungssystem<\/li>\n<li>F\u00fcr Sicherheitsleine \u00d8 12 &#8211; 12,7MM (1\/2 Zoll)<\/li>\n<li>Arbeitslast vor Schlupf: 15 kN<\/li>\n<li>Normen EN 795 C, EN 15567 &amp; ACCT (USA)<\/li>\n<\/ul>\n","protected":false},"excerpt":{"rendered":"<p>Der Speedrunner Easy Bracket ist die Fixierung f\u00fcr Rettungsleinen. Die Haltekraft betr\u00e4gt bis zu 15 kN. Das kostensparende System ist sehr einfach zu installieren.<\/p>\n","protected":false},"featured_media":3105,"template":"","meta":{"_coblocks_attr":"","_coblocks_dimensions":"","_coblocks_responsive_height":"","_coblocks_accordion_ie_support":"","wds_primary_product_brand":0,"wds_primary_product_cat":0},"product_brand":[91],"product_cat":[50],"product_tag":[55,54,178],"class_list":{"0":"post-5733","1":"product","2":"type-product","3":"status-publish","4":"has-post-thumbnail","6":"product_brand-speedrunner-continuous-belay-system","7":"product_cat-speedrunner-continuous-belay-system","8":"product_tag-ropes-course","9":"product_tag-continuous-belay","10":"product_tag-lifeline-mounting","12":"first","13":"instock","14":"taxable","15":"shipping-taxable","16":"purchasable","17":"product-type-simple"},"_links":{"self":[{"href":"https:\/\/thrillsyndicate.com\/de\/wp-json\/wp\/v2\/product\/5733","targetHints":{"allow":["GET"]}}],"collection":[{"href":"https:\/\/thrillsyndicate.com\/de\/wp-json\/wp\/v2\/product"}],"about":[{"href":"https:\/\/thrillsyndicate.com\/de\/wp-json\/wp\/v2\/types\/product"}],"wp:featuredmedia":[{"embeddable":true,"href":"https:\/\/thrillsyndicate.com\/de\/wp-json\/wp\/v2\/media\/3105"}],"wp:attachment":[{"href":"https:\/\/thrillsyndicate.com\/de\/wp-json\/wp\/v2\/media?parent=5733"}],"wp:term":[{"taxonomy":"product_brand","embeddable":true,"href":"https:\/\/thrillsyndicate.com\/de\/wp-json\/wp\/v2\/product_brand?post=5733"},{"taxonomy":"product_cat","embeddable":true,"href":"https:\/\/thrillsyndicate.com\/de\/wp-json\/wp\/v2\/product_cat?post=5733"},{"taxonomy":"product_tag","embeddable":true,"href":"https:\/\/thrillsyndicate.com\/de\/wp-json\/wp\/v2\/product_tag?post=5733"}],"curies":[{"name":"wp","href":"https:\/\/api.w.org\/{rel}","templated":true}]}}