{"id":5739,"date":"2022-02-26T12:15:43","date_gmt":"2022-02-26T11:15:43","guid":{"rendered":"https:\/\/thrillsyndicate.com\/shop\/hirope-2-laengenverstellbares-lanyard\/"},"modified":"2025-06-01T20:39:58","modified_gmt":"2025-06-01T18:39:58","slug":"hirope-2-verstellbares-lanyard","status":"publish","type":"product","link":"https:\/\/thrillsyndicate.com\/de\/product\/hirope-2-verstellbares-lanyard\/","title":{"rendered":"HiRope 2 | Verstellbares Verbindungsmittel"},"content":{"rendered":"<p>Das HiRope ist die kosteneffiziente L\u00f6sung, die speziell f\u00fcr den Einsatz in Hochseilgarten entwickelt wurde. Mit dem HiRope l\u00e4sst sich die Seill\u00e4nge zwischen Sicherheitsgurt und Rettungsleine viel einfacher individuell anpassen. Es sind keine unterschiedlich langen Lanyards mehr f\u00fcr unterschiedliche Teilnehmergr\u00f6\u00dfen erforderlich.<\/p>\n<h2>Das HiRope ist in 4 Konfigurationen erh\u00e4ltlich:<\/h2>\n<ul>\n<li>HiRope Verstellbares Verbindungsmittel f\u00fcr <a href=\"https:\/\/thrillsyndicate.com\/de\/product\/saferoller-v3-trolley\/\">Saferoller Seilrollen V3<\/a><\/li>\n<li>HiRope mit Verbindungsmittel f\u00fcr <a href=\"https:\/\/thrillsyndicate.com\/de\/product\/saferoller-v3-trolley\/\">Saferoller Seilrollen V3<\/a> + <a href=\"https:\/\/thrillsyndicate.com\/de\/shop\/betreuer-2\/\">Carebiner 2<\/a><\/li>\n<\/ul>\n<p><strong>Verabschieden Sie sich von unterschiedlichen Schl\u00fcsselbandl\u00e4ngen f\u00fcr unterschiedliche Kundengr\u00f6\u00dfen!<\/strong><\/p>\n<ul>\n<li>Der HiRope kann auch mit anderen Systemen wie Saferoller und Speedrunner verwendet werden.<\/li>\n<li>Das HiRope ist keine pers\u00f6nliche Schutzausr\u00fcstung (PSA), diese Funktion \u00fcbernimmt das zertifizierte Seil.<\/li>\n<li>Das HiRope wurde so konzipiert, dass es den Sturz maximal um den Faktor 1 abf\u00e4ngt und ist nur f\u00fcr den Einsatz im Hochseilgarten gedacht. Das System erf\u00fcllt h\u00f6chste Anspr\u00fcche. (EN 15567)<\/li>\n<li>Das HiRope erf\u00fcllt diese Anforderungen. Es ist ein einfaches und innovatives Produkt, das zwei sehr wichtige Funktionen f\u00fcr unsere Bediener bietet:<\/li>\n<li>Die Zahl der Mitarbeiter wird reduziert.<\/li>\n<li>Das HiRope wirkt wie ein Sto\u00dfd\u00e4mpfer.<\/li>\n<\/ul>\n<p>Mit dem ergonomischen, einzigartigen \u201eHiRope\u201c l\u00e4sst sich die Verbindungsmittell\u00e4nge zwischen Auffanggurt und mobilem Verbindungsmittel schnell anpassen. Neben der Anpassung des Lanyards ist es nun m\u00f6glich, die L\u00e4nge des Lanyards dauerhaft zu arretieren.<\/p>\n<p>&#8222;HiRope&#8220; ist die kosteng\u00fcnstige L\u00f6sung, die speziell f\u00fcr den Einsatz in Hochseilgarten oder Zip-Line-Parks entwickelt wurde. \u201eHiRope\u201c wirkt wie ein Sto\u00dfd\u00e4mpfer.<\/p>\n<p><strong>Neue Eigenschaften:<\/strong><\/p>\n<ul>\n<li>Permanente Verriegelung der Lanyard-L\u00e4nge<\/li>\n<li>Einstellbarkeit verbessert<\/li>\n<li>L\u00e4nge des Verbindungsmittels mit einer Hand durch den Kunden oder einen Mitarbeiter einstellbar<\/li>\n<li>Ein Schl\u00fcsselband passt f\u00fcr alle Kundengr\u00f6\u00dfen: ab 4 Jahren<\/li>\n<li>Leicht zu bedienen<\/li>\n<li>Unschlagbares Preis-\/Leistungsverh\u00e4ltnis<\/li>\n<li>Einfache Wartung, da das Verbindungsmittel vom Bediener ausgetauscht werden kann<\/li>\n<li>Kompatibel mit Saferoller und Speedrunner Endlossicherung und anderen Systemen<\/li>\n<li>Zur Verwendung mit \u201e <a href=\"https:\/\/thrillsyndicate.com\/product\/carebiner\/\">Carebiner II<\/a> \u201c oder Rapid Link (birnenf\u00f6rmig) \u00d8 10 mm<\/li>\n<li>PSA EN17109<\/li>\n<\/ul>\n<p><strong>Einstellungsgrad: <\/strong><\/p>\n<ul>\n<li><strong>Verbindungsmittel: <\/strong>25 &#8211; 150 cm<\/li>\n<\/ul>\n<p><iframe loading=\"lazy\" title=\"HiRope Adjustable Lanyard\" width=\"980\" height=\"551\" src=\"https:\/\/www.youtube.com\/embed\/D_ehkSMn-lo?feature=oembed\" frameborder=\"0\" allow=\"accelerometer; autoplay; clipboard-write; encrypted-media; gyroscope; picture-in-picture; web-share\" referrerpolicy=\"strict-origin-when-cross-origin\" allowfullscreen><\/iframe><\/p>\n","protected":false},"excerpt":{"rendered":"<p>Das universelle HiRope Verbindungsmittel revolutioniert die Abenteuerausr\u00fcstung und passt sich allen Benutzergr\u00f6\u00dfen an. Mit dieser Einheitsl\u00f6sung musst du dich nicht mehr mit verschiedenen Lanyard-L\u00e4ngen herum\u00e4rgern.<\/p>\n","protected":false},"featured_media":3072,"template":"","meta":{"_coblocks_attr":"","_coblocks_dimensions":"","_coblocks_responsive_height":"","_coblocks_accordion_ie_support":"","wds_primary_product_brand":0,"wds_primary_product_cat":0},"product_brand":[90],"product_cat":[49,50,65],"product_tag":[547,568,425,548,906],"class_list":{"0":"post-5739","1":"product","2":"type-product","3":"status-publish","4":"has-post-thumbnail","6":"product_brand-saferoller-continuous-belay","7":"product_cat-saferoller-continuous-belay-system","8":"product_cat-speedrunner-continuous-belay-system","9":"product_cat-connecting","10":"product_tag-lanyard-de","11":"product_tag-psa","12":"product_tag-sicherungssysteme","13":"product_tag-verbinden","14":"product_tag-verstellbare-lanyards","16":"first","17":"instock","18":"taxable","19":"shipping-taxable","20":"purchasable","21":"product-type-variable"},"_links":{"self":[{"href":"https:\/\/thrillsyndicate.com\/de\/wp-json\/wp\/v2\/product\/5739","targetHints":{"allow":["GET"]}}],"collection":[{"href":"https:\/\/thrillsyndicate.com\/de\/wp-json\/wp\/v2\/product"}],"about":[{"href":"https:\/\/thrillsyndicate.com\/de\/wp-json\/wp\/v2\/types\/product"}],"wp:featuredmedia":[{"embeddable":true,"href":"https:\/\/thrillsyndicate.com\/de\/wp-json\/wp\/v2\/media\/3072"}],"wp:attachment":[{"href":"https:\/\/thrillsyndicate.com\/de\/wp-json\/wp\/v2\/media?parent=5739"}],"wp:term":[{"taxonomy":"product_brand","embeddable":true,"href":"https:\/\/thrillsyndicate.com\/de\/wp-json\/wp\/v2\/product_brand?post=5739"},{"taxonomy":"product_cat","embeddable":true,"href":"https:\/\/thrillsyndicate.com\/de\/wp-json\/wp\/v2\/product_cat?post=5739"},{"taxonomy":"product_tag","embeddable":true,"href":"https:\/\/thrillsyndicate.com\/de\/wp-json\/wp\/v2\/product_tag?post=5739"}],"curies":[{"name":"wp","href":"https:\/\/api.w.org\/{rel}","templated":true}]}}