{"id":5742,"date":"2022-02-26T12:21:43","date_gmt":"2022-02-26T11:21:43","guid":{"rendered":"https:\/\/thrillsyndicate.com\/shop\/speedrunner-zipline-halterung-v5\/"},"modified":"2025-06-01T20:39:40","modified_gmt":"2025-06-01T18:39:40","slug":"speedrunner-zipline-halterung","status":"publish","type":"product","link":"https:\/\/thrillsyndicate.com\/de\/product\/speedrunner-zipline-halterung\/","title":{"rendered":"Speedrunner | Seilbahn Halterung V5"},"content":{"rendered":"<p><strong>F\u00fcr Seilrutschen beliebiger L\u00e4nge. <\/strong>  Die neue Speedrunner Zip Line bringt Ihre technischen Wendungen auf Vordermann und verwandelt sie in Durchsatz. Seilrutschenhalterung beh\u00e4lt die Position der Sicherheitsleine in der Luft bei. Eine engere Installation an der Struktur ist jetzt m\u00f6glich. Innovative konturierte Messingbuchsen an allen Verbindungen verl\u00e4ngern die Lebensdauer. Mehr Sicherheit, mehr Freiheit. Speedrunner Zip Line Bracket ist universell einsetzbar und einfach zu installieren. Willkommen in einer neuen Dimension der Haltbarkeit.  <\/p>\n<h2>Spezifikationen<\/h2>\n<ul>\n<li>F\u00fcr Seilrutschen beliebiger L\u00e4nge<\/li>\n<li>Speedrunner Kanhook gleitet m\u00fchelos vorw\u00e4rts<\/li>\n<li>Wartungsfrei<\/li>\n<li>Zur Montage an Masten, B\u00e4umen oder W\u00e4nden<\/li>\n<li>Einfach nachtr\u00e4glich einbaubar und modifizierbar<\/li>\n<li>Gesichert mit 6 Edelstahlverschl\u00fcssen<\/li>\n<li>Befestigungsloch \u00d8 15mm<\/li>\n<li>Zur Verwendung mit 12 mm Rapid Link<\/li>\n<li>Verschlei\u00dfschutz f\u00fcr Schnellglied und Sch\u00e4kel<\/li>\n<li>H\u00f6chste Sicherheit Ihrer Infrastruktur durch unser dynamisches Dauersicherungssystem<\/li>\n<li>F\u00fcr Sicherheitsleine \u00d8 12 &#8211; 12,7 mm (1\/2 Zoll)<\/li>\n<li>Arbeitslast vor Schlupf: 40 kN<\/li>\n<li>Normen EN 795 C, EN 15567 &amp; ACCT (USA)<\/li>\n<\/ul>\n","protected":false},"excerpt":{"rendered":"<p>Die neue Speedrunner Zip Line bringt Ihre technischen Wendungen auf Vordermann und verwandelt sie in Durchsatz. Seilrutschenhalterung beh\u00e4lt die Position der Sicherheitsleine in der Luft bei.<\/p>\n","protected":false},"featured_media":3111,"template":"","meta":{"_coblocks_attr":"","_coblocks_dimensions":"","_coblocks_responsive_height":"","_coblocks_accordion_ie_support":"","wds_primary_product_brand":0,"wds_primary_product_cat":0},"product_brand":[671],"product_cat":[530],"product_tag":[427,532,534,425],"class_list":{"0":"post-5742","1":"product","2":"type-product","3":"status-publish","4":"has-post-thumbnail","6":"product_brand-speedrunner-de","7":"product_cat-speedrunner-dauersicherungssystem","8":"product_tag-hochseilgarten","9":"product_tag-kontinuierliche-sicherung","10":"product_tag-lifeline-montage","11":"product_tag-sicherungssysteme","13":"first","14":"instock","15":"taxable","16":"shipping-taxable","17":"purchasable","18":"product-type-simple"},"_links":{"self":[{"href":"https:\/\/thrillsyndicate.com\/de\/wp-json\/wp\/v2\/product\/5742","targetHints":{"allow":["GET"]}}],"collection":[{"href":"https:\/\/thrillsyndicate.com\/de\/wp-json\/wp\/v2\/product"}],"about":[{"href":"https:\/\/thrillsyndicate.com\/de\/wp-json\/wp\/v2\/types\/product"}],"wp:featuredmedia":[{"embeddable":true,"href":"https:\/\/thrillsyndicate.com\/de\/wp-json\/wp\/v2\/media\/3111"}],"wp:attachment":[{"href":"https:\/\/thrillsyndicate.com\/de\/wp-json\/wp\/v2\/media?parent=5742"}],"wp:term":[{"taxonomy":"product_brand","embeddable":true,"href":"https:\/\/thrillsyndicate.com\/de\/wp-json\/wp\/v2\/product_brand?post=5742"},{"taxonomy":"product_cat","embeddable":true,"href":"https:\/\/thrillsyndicate.com\/de\/wp-json\/wp\/v2\/product_cat?post=5742"},{"taxonomy":"product_tag","embeddable":true,"href":"https:\/\/thrillsyndicate.com\/de\/wp-json\/wp\/v2\/product_tag?post=5742"}],"curies":[{"name":"wp","href":"https:\/\/api.w.org\/{rel}","templated":true}]}}