{"id":5750,"date":"2022-02-26T12:12:06","date_gmt":"2022-02-26T11:12:06","guid":{"rendered":"https:\/\/thrillsyndicate.com\/shop\/speedrunner-accroconnect-jump-swing-integration\/"},"modified":"2025-06-01T20:40:07","modified_gmt":"2025-06-01T18:40:07","slug":"speedrunner-accroconnect","status":"publish","type":"product","link":"https:\/\/thrillsyndicate.com\/de\/product\/speedrunner-accroconnect\/","title":{"rendered":"Speedrunner AccroConnect | Jump &amp; Swing Integration"},"content":{"rendered":"<p><strong>Bleiben Sie sicher befestigt, wenn eine Trennung vom prim\u00e4ren Drahtseil erforderlich ist. Entwickelt f\u00fcr die Verwendung mit dem Speedrunner-Dauersicherungssystem.<\/strong>  Integrieren Sie mit dem Speedrunner AccroCONNECT ganz einfach spezielle Elemente wie freie Spr\u00fcnge, Tarzan Swing oder Ski-\/Skateboard. Der narrensichere Mechanismus gew\u00e4hrleistet die Sicherheit des Kunden. Der Benutzer kann nicht fortfahren, ohne den Shuttle zu trennen. Das System wird f\u00fcr den n\u00e4chsten Benutzer immer kostenlos sein!  <\/p>\n<ul>\n<li>Gesichert und geladen<\/li>\n<li>Leicht zu bedienen<\/li>\n<li>Geringer Wartungsaufwand<\/li>\n<li>Geeignet ab 7 Jahren<\/li>\n<li>Kurze Einweisung empfohlen<\/li>\n<\/ul>\n<p>  https:\/\/www.youtube.com\/watch?v=P&#8212;TrIpfQg Exklusiver weltweiter Vertrieb. AccroCONNECT ist von Accroforest Peyrins, Frankreich, patentiert.<\/p>\n","protected":false},"excerpt":{"rendered":"<p>Integrieren Sie mit dem Speedrunner AccroCONNECT ganz einfach spezielle Elemente wie Freispr\u00fcnge, Tarzan Swing oder Ski-\/Skateboard.<\/p>\n","protected":false},"featured_media":3129,"template":"","meta":{"_coblocks_attr":"","_coblocks_dimensions":"","_coblocks_responsive_height":"","_coblocks_accordion_ie_support":"","wds_primary_product_brand":0,"wds_primary_product_cat":0},"product_brand":[91],"product_cat":[50],"product_tag":[55,54],"class_list":{"0":"post-5750","1":"product","2":"type-product","3":"status-publish","4":"has-post-thumbnail","6":"product_brand-speedrunner-continuous-belay-system","7":"product_cat-speedrunner-continuous-belay-system","8":"product_tag-ropes-course","9":"product_tag-continuous-belay","11":"first","12":"instock","13":"taxable","14":"shipping-taxable","15":"purchasable","16":"product-type-simple"},"_links":{"self":[{"href":"https:\/\/thrillsyndicate.com\/de\/wp-json\/wp\/v2\/product\/5750","targetHints":{"allow":["GET"]}}],"collection":[{"href":"https:\/\/thrillsyndicate.com\/de\/wp-json\/wp\/v2\/product"}],"about":[{"href":"https:\/\/thrillsyndicate.com\/de\/wp-json\/wp\/v2\/types\/product"}],"wp:featuredmedia":[{"embeddable":true,"href":"https:\/\/thrillsyndicate.com\/de\/wp-json\/wp\/v2\/media\/3129"}],"wp:attachment":[{"href":"https:\/\/thrillsyndicate.com\/de\/wp-json\/wp\/v2\/media?parent=5750"}],"wp:term":[{"taxonomy":"product_brand","embeddable":true,"href":"https:\/\/thrillsyndicate.com\/de\/wp-json\/wp\/v2\/product_brand?post=5750"},{"taxonomy":"product_cat","embeddable":true,"href":"https:\/\/thrillsyndicate.com\/de\/wp-json\/wp\/v2\/product_cat?post=5750"},{"taxonomy":"product_tag","embeddable":true,"href":"https:\/\/thrillsyndicate.com\/de\/wp-json\/wp\/v2\/product_tag?post=5750"}],"curies":[{"name":"wp","href":"https:\/\/api.w.org\/{rel}","templated":true}]}}