{"id":5751,"date":"2022-02-26T12:26:49","date_gmt":"2022-02-26T11:26:49","guid":{"rendered":"https:\/\/thrillsyndicate.com\/shop\/speedrunner-kanhook-ultimate-psa\/"},"modified":"2025-06-01T20:31:04","modified_gmt":"2025-06-01T18:31:04","slug":"speedrunner-kanhook-ultimate","status":"publish","type":"product","link":"https:\/\/thrillsyndicate.com\/de\/product\/speedrunner-kanhook-ultimate\/","title":{"rendered":"Speedrunner | Kanhook Ultimate PSA"},"content":{"rendered":"<p><strong>Der neue Kanhook Ultimate verbessert die Sicherheit, ohne den Spa\u00df zu beeintr\u00e4chtigen.<\/strong><\/p>\n<p><strong>Hinweis: Verkauft pro 10 St\u00fcck, Mengenpreise verf\u00fcgbar<\/strong><\/p>\n<p>Das mobile Verbindungsger\u00e4t Kanhook Ultimate verf\u00fcgt \u00fcber eine Sicherheitsverriegelung, die sich automatisch mit einem Federmechanismus schlie\u00dft. Das mobile Verbindungsger\u00e4t ist w\u00e4hrend des Aufenthalts im Hochseilgarten st\u00e4ndig geschlossen. Wenn die Feder einen B\u00fcgel ber\u00fchrt, \u00f6ffnet sie sich gerade weit genug, um das Hindernis ungehindert passieren zu k\u00f6nnen, und schlie\u00dft dann automatisch. Eine manuelle Manipulation an der Sicherheitsleine entf\u00e4llt.<\/p>\n<p>Einfach einh\u00e4ngen und loslegen. Besucher k\u00f6nnen Hindernisse schneller passieren. Der Kanhook ist mit Seilrollen wie Petzl Trac oder SBE kompatibel.<\/p>\n<p><strong>Leistungen:<\/strong><\/p>\n<ul>\n<li>Neue Zertifizierungsnorm: EN 17109<\/li>\n<li>Unterrichtszeit verk\u00fcrzt<\/li>\n<li>Erh\u00f6hte Sicherheit<\/li>\n<li>Keine manuelle Manipulation mehr erforderlich<\/li>\n<\/ul>\n<p><strong>Ergonomisches Design<\/strong><br \/>\nKanhook stellt sich selbst auf die richtige Position an der Sicherheitsleine ein <strong>Leichtes und einfaches Handling<\/strong><br \/>\nIdeal f\u00fcr die ganze Familie &#8211; ab 4 Jahren und aufw\u00e4rts <strong>Haltbare, langlebige Komponenten<\/strong><br \/>\nErsatzteile sind austauschbar, wiederverwendbar &amp; recycelbar. <strong>Einfaches und schnelles Evakuierungssicherheitssystem<\/strong><br \/>\nNur Parkbetreiber k\u00f6nnen den Kanhook bei Bedarf schnell und einfach von der Sicherheitsleine entfernen.<\/p>\n<p>F\u00fcr Sicherheitsleine \u00d8 12 &#8211; 12,7MM (1\/2 Zoll)<\/p>\n","protected":false},"excerpt":{"rendered":"<p>Die Speedrunner Kanhook Ultimate PSA revolutioniert die Sicherheit bei Abenteuern mit ihrem einzigartigen Design und ihrer Langlebigkeit. Die sichere Verbindungsvorrichtung verf\u00fcgt \u00fcber eine Sicherheitsverriegelung, die sich automatisch schlie\u00dft.<\/p>\n","protected":false},"featured_media":3102,"template":"","meta":{"_coblocks_attr":"","_coblocks_dimensions":"","_coblocks_responsive_height":"","_coblocks_accordion_ie_support":"","wds_primary_product_brand":0,"wds_primary_product_cat":0},"product_brand":[91],"product_cat":[3,50],"product_tag":[55,54,8],"class_list":{"0":"post-5751","1":"product","2":"type-product","3":"status-publish","4":"has-post-thumbnail","6":"product_brand-speedrunner-continuous-belay-system","7":"product_cat-ropes-course-belay-systems","8":"product_cat-speedrunner-continuous-belay-system","9":"product_tag-ropes-course","10":"product_tag-continuous-belay","11":"product_tag-belay-systems","13":"first","14":"instock","15":"taxable","16":"shipping-taxable","17":"purchasable","18":"product-type-simple"},"_links":{"self":[{"href":"https:\/\/thrillsyndicate.com\/de\/wp-json\/wp\/v2\/product\/5751","targetHints":{"allow":["GET"]}}],"collection":[{"href":"https:\/\/thrillsyndicate.com\/de\/wp-json\/wp\/v2\/product"}],"about":[{"href":"https:\/\/thrillsyndicate.com\/de\/wp-json\/wp\/v2\/types\/product"}],"wp:featuredmedia":[{"embeddable":true,"href":"https:\/\/thrillsyndicate.com\/de\/wp-json\/wp\/v2\/media\/3102"}],"wp:attachment":[{"href":"https:\/\/thrillsyndicate.com\/de\/wp-json\/wp\/v2\/media?parent=5751"}],"wp:term":[{"taxonomy":"product_brand","embeddable":true,"href":"https:\/\/thrillsyndicate.com\/de\/wp-json\/wp\/v2\/product_brand?post=5751"},{"taxonomy":"product_cat","embeddable":true,"href":"https:\/\/thrillsyndicate.com\/de\/wp-json\/wp\/v2\/product_cat?post=5751"},{"taxonomy":"product_tag","embeddable":true,"href":"https:\/\/thrillsyndicate.com\/de\/wp-json\/wp\/v2\/product_tag?post=5751"}],"curies":[{"name":"wp","href":"https:\/\/api.w.org\/{rel}","templated":true}]}}