{"id":5772,"date":"2022-02-26T12:42:19","date_gmt":"2022-02-26T11:42:19","guid":{"rendered":"https:\/\/thrillsyndicate.com\/shop\/edelrid-smart-belay-jahresservice\/"},"modified":"2025-07-21T10:39:31","modified_gmt":"2025-07-21T08:39:31","slug":"edelrid-smart-belay-jahresservice","status":"publish","type":"product","link":"https:\/\/thrillsyndicate.com\/de\/product\/edelrid-smart-belay-jahresservice\/","title":{"rendered":"Edelrid Smart Belay &#8211; J\u00e4hrlicher Service"},"content":{"rendered":"<p>Der j\u00e4hrliche Service beinhaltet eine komplette Funktionspr\u00fcfung, Wartung, Reinigung, Schmierung und ggf. eine Anpassung des Bowdenzuges des <a href=\"https:\/\/thrillsyndicate.com\/de\/shop\/edelrid-smart-belay-x\/\">Smart Belay<\/a>. Wir empfehlen Ihnen, im Rahmen dieses Jahresservices zus\u00e4tzlich die erforderliche j\u00e4hrliche PSA-\u00dcberpr\u00fcfung Ihres Smart Belays und aller anderen Systemkomponenten (z. B. Conecto Swivel etc.) durchf\u00fchren zu lassen. Jedes an uns gesendete Smart Belay wird nach Erhalt gepr\u00fcft. Bei Sch\u00e4den an Ihrem Smart Belay, die nicht durch die Garantie abgedeckt sind oder die durch nat\u00fcrliche Abnutzung oder unsachgem\u00e4\u00dfen Gebrauch entstanden sind, werden wir Sie kontaktieren, um die Reparatur oder den Austausch von Teilen zu besprechen.  <strong>Inspektionstarife Edelrid Smart Belay<\/strong><\/p>\n<table>\n<tbody>\n<tr>\n<td><strong>Preise f\u00fcr Inspektionen<\/strong><\/td>\n<td><\/td>\n<td><strong>Preis pro Artikel*<\/strong><\/td>\n<\/tr>\n<tr>\n<td> Smart Belay J\u00e4hrliche Inspektion<\/td>\n<td>&#8211; J\u00e4hrliche Inspektion &#8211; Reinigung und Schmierung &#8211; Systemdiagnose<\/td>\n<td> \u20ac 39,00<\/td>\n<\/tr>\n<tr>\n<td> PSA &#8211; Check f\u00fcr Smart Belay<\/td>\n<td><\/td>\n<td> \u20ac 15,00<\/td>\n<\/tr>\n<tr>\n<td> Extra Reinigungskosten<\/td>\n<td><\/td>\n<td> \u20ac 15,00<\/td>\n<\/tr>\n<tr>\n<td> Abholung f\u00fcr Service<\/td>\n<td> Je nach Standort und Anzahl der Einheiten<\/td>\n<td><\/td>\n<\/tr>\n<tr>\n<td> R\u00fcckgabe nach Service<\/td>\n<td> Je nach Standort, Anzahl der Einheiten<\/td>\n<td><\/td>\n<\/tr>\n<\/tbody>\n<\/table>\n<p>  * Mengenrabatte auf Anfrage erh\u00e4ltlich <strong>Verfahren f\u00fcr den j\u00e4hrlichen Service <\/strong> <\/p>\n<ol>\n<li>Senden Sie uns eine E-Mail an <a href=\"mailto:service@thrillsyndicate.com\">service@thrillsyndicate.com<\/a> mit Ihren Firmendaten und der Anzahl der Einheiten, die Sie warten m\u00f6chten.<\/li>\n<li>Wir senden Ihnen einen Fragebogen und ein Formular zum Ausf\u00fcllen zu. Wir bitten um schnellstm\u00f6gliche Einsendung, um Ihre Ausr\u00fcstung f\u00fcr den Beginn der neuen Saison** einsatzbereit zur\u00fcckgeben zu k\u00f6nnen.<\/li>\n<li>Bitte senden Sie uns Ihre Smart Belays portofrei zu.<\/li>\n<\/ol>\n<p>  ** F\u00fcr sp\u00e4ter eingesandte oder nicht rechtzeitig registrierte Smart Belays k\u00f6nnen wir eine rechtzeitige R\u00fcckgabe nicht garantieren. Hinsichtlich Ihrer Dokumentation erhalten Sie nach Ablauf des Servicezeitraums einen Jahresservicenachweis.<\/p>\n","protected":false},"excerpt":{"rendered":"<p>Der Edelrid Smart Belay Jahresservice beinhaltet eine komplette Funktionspr\u00fcfung, Wartung, Reinigung, Schmierung und ggf. eine Anpassung des Bowdenzuges des Smart Belay.<\/p>\n","protected":false},"featured_media":10852,"template":"","meta":{"_coblocks_attr":"","_coblocks_dimensions":"","_coblocks_responsive_height":"","_coblocks_accordion_ie_support":"","wds_primary_product_brand":0,"wds_primary_product_cat":0},"product_brand":[62],"product_cat":[4,773],"product_tag":[779,426,780],"class_list":{"0":"post-5772","1":"product","2":"type-product","3":"status-publish","4":"has-post-thumbnail","6":"product_brand-edelrid","7":"product_cat-edelrid-smart-belay","8":"product_cat-maintenance","9":"product_tag-jahrlicher-service","10":"product_tag-intelligentes-sichern-x","11":"product_tag-wartung","13":"first","14":"instock","15":"taxable","16":"shipping-taxable","17":"purchasable","18":"product-type-simple"},"_links":{"self":[{"href":"https:\/\/thrillsyndicate.com\/de\/wp-json\/wp\/v2\/product\/5772","targetHints":{"allow":["GET"]}}],"collection":[{"href":"https:\/\/thrillsyndicate.com\/de\/wp-json\/wp\/v2\/product"}],"about":[{"href":"https:\/\/thrillsyndicate.com\/de\/wp-json\/wp\/v2\/types\/product"}],"wp:featuredmedia":[{"embeddable":true,"href":"https:\/\/thrillsyndicate.com\/de\/wp-json\/wp\/v2\/media\/10852"}],"wp:attachment":[{"href":"https:\/\/thrillsyndicate.com\/de\/wp-json\/wp\/v2\/media?parent=5772"}],"wp:term":[{"taxonomy":"product_brand","embeddable":true,"href":"https:\/\/thrillsyndicate.com\/de\/wp-json\/wp\/v2\/product_brand?post=5772"},{"taxonomy":"product_cat","embeddable":true,"href":"https:\/\/thrillsyndicate.com\/de\/wp-json\/wp\/v2\/product_cat?post=5772"},{"taxonomy":"product_tag","embeddable":true,"href":"https:\/\/thrillsyndicate.com\/de\/wp-json\/wp\/v2\/product_tag?post=5772"}],"curies":[{"name":"wp","href":"https:\/\/api.w.org\/{rel}","templated":true}]}}