{"id":5783,"date":"2022-02-26T13:02:48","date_gmt":"2022-02-26T12:02:48","guid":{"rendered":"https:\/\/thrillsyndicate.com\/shop\/carebiner-ii-sichere-verbindung\/"},"modified":"2025-06-01T20:19:52","modified_gmt":"2025-06-01T18:19:52","slug":"betreuer-2","status":"publish","type":"product","link":"https:\/\/thrillsyndicate.com\/de\/product\/betreuer-2\/","title":{"rendered":"Carebiner II | Sichere Verbindung"},"content":{"rendered":"<p>Unbeabsichtigtes \u00d6ffnen ist nicht m\u00f6glich &#8211; sichert das letzte Glied &#8211; schnelle und einfache Verbindung zwischen Gurtzeug und Ger\u00e4t &#8211; Schl\u00fcssel zum \u00d6ffnen inklusive &#8211; 3 LOCKS SYSTEM &#8211; \u00d6ffnen nur mit Werkzeug &#8211; EN 17109 &#8211; Schweizer Technologie. Spezielle Kits in Kombination mit dem <a href=\"https:\/\/thrillsyndicate.com\/de\/product\/hirope-2-verstellbares-lanyard\/\">Hi-Rope Adjustable Lanyard<\/a> . Verhindert unbeabsichtigtes \u00d6ffnen, schnelles \u00d6ffnen dank Spezialschl\u00fcssel, selbstschlie\u00dfend, der Carebiner erf\u00fcllt EN-Normen. Carebiner ist die lang gesuchte Antwort, um Kunden schnell, einfach und sicher zu verbinden! Nur die Mitarbeiter haben den speziellen Schl\u00fcssel, der es erlaubt, die Kunden anzuschlie\u00dfen\/abzuschalten, selbst im Falle einer Evakuierung.  <strong>Die sicherste Verbindung, die m\u00f6glich ist. Sichern Sie sich den letzten Link!<\/strong><\/p>\n<ul>\n<li>Schnelle und einfache Verbindung zwischen Gurtzeug und mobilem Anschlussger\u00e4t<\/li>\n<li>\u201eCarebiner\u201c kann nur vom Parkbetreiber ge\u00f6ffnet werden<\/li>\n<li>Ein unbeabsichtigtes \u00d6ffnen ist nicht m\u00f6glich<\/li>\n<li>Ideal um &#8222;HiRope&#8220; mit dem Klettergurt zu verbinden<\/li>\n<li>\u00d6ffnen nur mit Spezialschl\u00fcssel m\u00f6glich<\/li>\n<\/ul>\n<p><iframe loading=\"lazy\" title=\"How to connect Carebiner II to a harness\" width=\"980\" height=\"551\" src=\"https:\/\/www.youtube.com\/embed\/a5YbrtkmJk0?feature=oembed\" frameborder=\"0\" allow=\"accelerometer; autoplay; clipboard-write; encrypted-media; gyroscope; picture-in-picture\" allowfullscreen><\/iframe><\/p>\n","protected":false},"excerpt":{"rendered":"<p>Abschlie\u00dfend wird das letzte Glied mit dem Carebiner II gesichert. Verhindert unbeabsichtigtes \u00d6ffnen, schnelles \u00d6ffnen dank Spezialschl\u00fcssel, selbstschlie\u00dfend, der Carebiner erf\u00fcllt EN-Normen.<\/p>\n","protected":false},"featured_media":4647,"template":"","meta":{"_coblocks_attr":"","_coblocks_dimensions":"","_coblocks_responsive_height":"","_coblocks_accordion_ie_support":"","wds_primary_product_brand":0,"wds_primary_product_cat":0},"product_brand":[90],"product_cat":[49,50,65],"product_tag":[55,54,8,176],"class_list":{"0":"post-5783","1":"product","2":"type-product","3":"status-publish","4":"has-post-thumbnail","6":"product_brand-saferoller-continuous-belay","7":"product_cat-saferoller-continuous-belay-system","8":"product_cat-speedrunner-continuous-belay-system","9":"product_cat-connecting","10":"product_tag-ropes-course","11":"product_tag-continuous-belay","12":"product_tag-belay-systems","13":"product_tag-connecting","15":"first","16":"instock","17":"taxable","18":"shipping-taxable","19":"purchasable","20":"product-type-simple"},"_links":{"self":[{"href":"https:\/\/thrillsyndicate.com\/de\/wp-json\/wp\/v2\/product\/5783","targetHints":{"allow":["GET"]}}],"collection":[{"href":"https:\/\/thrillsyndicate.com\/de\/wp-json\/wp\/v2\/product"}],"about":[{"href":"https:\/\/thrillsyndicate.com\/de\/wp-json\/wp\/v2\/types\/product"}],"wp:featuredmedia":[{"embeddable":true,"href":"https:\/\/thrillsyndicate.com\/de\/wp-json\/wp\/v2\/media\/4647"}],"wp:attachment":[{"href":"https:\/\/thrillsyndicate.com\/de\/wp-json\/wp\/v2\/media?parent=5783"}],"wp:term":[{"taxonomy":"product_brand","embeddable":true,"href":"https:\/\/thrillsyndicate.com\/de\/wp-json\/wp\/v2\/product_brand?post=5783"},{"taxonomy":"product_cat","embeddable":true,"href":"https:\/\/thrillsyndicate.com\/de\/wp-json\/wp\/v2\/product_cat?post=5783"},{"taxonomy":"product_tag","embeddable":true,"href":"https:\/\/thrillsyndicate.com\/de\/wp-json\/wp\/v2\/product_tag?post=5783"}],"curies":[{"name":"wp","href":"https:\/\/api.w.org\/{rel}","templated":true}]}}