{"id":5788,"date":"2022-03-04T15:03:31","date_gmt":"2022-03-04T14:03:31","guid":{"rendered":"https:\/\/thrillsyndicate.com\/shop\/edelrid-ultralight-junior-helm\/"},"modified":"2025-07-17T18:07:50","modified_gmt":"2025-07-17T16:07:50","slug":"edelrid-ultralight-junior-helm","status":"publish","type":"product","link":"https:\/\/thrillsyndicate.com\/de\/product\/edelrid-ultralight-junior-helm\/","title":{"rendered":"Edelrid Ultralight Junior Helm"},"content":{"rendered":"<p>Auch die Junior-Version des ULTRALIGHT wurde \u00fcberarbeitet. Es bietet den gleichen hervorragenden Schutz wie das ULTRALIGHT.<\/p>\n<p>In verschiedenen Farben erh\u00e4ltlich<\/p>\n<div id=\"prod-produktinfos\">\n<h2 class=\"prodheadline\">PRODUKTINFORMATION<\/h2>\n<ul>\n<li>\u00c4u\u00dferst robuste und schlagfeste Schale aus Polypropylen<\/li>\n<li>Einheitsgr\u00f6\u00dfe: passend f\u00fcr einen Kopfumfang von 48\u201358 cm<\/li>\n<li>M\u00f6glichkeit zur Befestigung einer Stirnlampe<\/li>\n<li>Voll einstellbarer, austauschbarer und waschbarer Kopf- und Kinnriemen f\u00fcr optimale Passform<\/li>\n<li>Diverse Bel\u00fcftungs\u00f6ffnungen f\u00fcr kontinuierlichen Luftaustausch<\/li>\n<li>Bequem gepolstertes Tragesystem mit antibakteriellem Gurtband<\/li>\n<\/ul>\n<\/div>\n<div id=\"prod-details\">\n<h2 class=\"prodheadline\">TECHNISCHE INFORMATION<\/h2>\n<ul>\n<li>UIAA: Ja<\/li>\n<li>Kopfgr\u00f6\u00dfe: 48 &#8211; 58<\/li>\n<li>Gewicht: <span id=\"varianten_gewicht\">430<\/span> gr<\/li>\n<\/ul>\n<h3 class=\"western\">\ud83d\udc49 Sie suchen einen bestimmten Edelrid-Artikel, der nicht im Shop gelistet ist? Wir vertreiben das komplette Portfolio f\u00fcr Abenteuer, Sport und Sicherheit. Bitte <strong><a href=\"https:\/\/thrillsyndicate.com\/de\/kontakt\/\">senden Sie<\/a><\/strong> uns eine E-Mail oder sehen Sie sich die vollst\u00e4ndige <strong><a href=\"https:\/\/thrillsyndicate.com\/edelrid-safety-price-list-2025\/\">Sicherheitspreisliste hier<\/a><\/strong>. \ud83d\udc48<\/h3>\n<\/div>\n","protected":false},"excerpt":{"rendered":"<p>Der meistverkaufte Edelrid Ultralight-Helm, auch in einer Kinderversion. Hin und wieder erreicht ein Produkt den Status eines &#8222;Klassikers&#8220;, und das gilt sicherlich f\u00fcr den Ultralight-Helm von Edelrid.<\/p>\n","protected":false},"featured_media":2691,"template":"","meta":{"_coblocks_attr":"","_coblocks_dimensions":"","_coblocks_responsive_height":"","_coblocks_accordion_ie_support":"","wds_primary_product_brand":0,"wds_primary_product_cat":0},"product_brand":[62],"product_cat":[61],"product_tag":[926,567,427,568],"class_list":{"0":"post-5788","1":"product","2":"type-product","3":"status-publish","4":"has-post-thumbnail","6":"product_brand-edelrid","7":"product_cat-ropes-course-helmets","8":"product_tag-hardshell-helme","9":"product_tag-helme","10":"product_tag-hochseilgarten","11":"product_tag-psa","13":"first","14":"instock","15":"taxable","16":"shipping-taxable","17":"purchasable","18":"product-type-variable","19":"has-default-attributes"},"_links":{"self":[{"href":"https:\/\/thrillsyndicate.com\/de\/wp-json\/wp\/v2\/product\/5788","targetHints":{"allow":["GET"]}}],"collection":[{"href":"https:\/\/thrillsyndicate.com\/de\/wp-json\/wp\/v2\/product"}],"about":[{"href":"https:\/\/thrillsyndicate.com\/de\/wp-json\/wp\/v2\/types\/product"}],"wp:featuredmedia":[{"embeddable":true,"href":"https:\/\/thrillsyndicate.com\/de\/wp-json\/wp\/v2\/media\/2691"}],"wp:attachment":[{"href":"https:\/\/thrillsyndicate.com\/de\/wp-json\/wp\/v2\/media?parent=5788"}],"wp:term":[{"taxonomy":"product_brand","embeddable":true,"href":"https:\/\/thrillsyndicate.com\/de\/wp-json\/wp\/v2\/product_brand?post=5788"},{"taxonomy":"product_cat","embeddable":true,"href":"https:\/\/thrillsyndicate.com\/de\/wp-json\/wp\/v2\/product_cat?post=5788"},{"taxonomy":"product_tag","embeddable":true,"href":"https:\/\/thrillsyndicate.com\/de\/wp-json\/wp\/v2\/product_tag?post=5788"}],"curies":[{"name":"wp","href":"https:\/\/api.w.org\/{rel}","templated":true}]}}