{"id":5791,"date":"2022-03-04T11:47:41","date_gmt":"2022-03-04T10:47:41","guid":{"rendered":"https:\/\/thrillsyndicate.com\/shop\/edelrid-radialis-pro-adjust\/"},"modified":"2025-07-17T18:08:39","modified_gmt":"2025-07-17T16:08:39","slug":"edelrid-radialis-pro-adjust-ganzkoerpergurt","status":"publish","type":"product","link":"https:\/\/thrillsyndicate.com\/de\/product\/edelrid-radialis-pro-adjust-ganzkoerpergurt\/","title":{"rendered":"Edelrid Radialis Pro Adjust"},"content":{"rendered":"<p>Edelrid Radialis Pro Adjust mit Easy Glider Schnallen! Innovatives Gurtzeug f\u00fcr Hochseilgarten und Abenteuerparks. Dank des benutzerfreundlichen, unkomplizierten Designs k\u00f6nnen die Besucher sie selbst an- und ablegen. <strong>Verkauft pro 5 St\u00fcck<\/strong>.<\/p>\n<figure id=\"attachment_948\" aria-describedby=\"caption-attachment-948\" style=\"width: 1900px\" class=\"wp-caption alignnone\"><img loading=\"lazy\" decoding=\"async\" class=\"size-full wp-image-948\" src=\"https:\/\/thrillsyndicate.com\/wp-content\/uploads\/2022\/03\/ED_Microsite_Radialis-Serie_Pro-Adjust_Bulletpoints_EN.jpg\" alt=\"Der Radialis Pro Adjust verf\u00fcgt \u00fcber einen gro\u00dfen Einstellbereich und wurde entwickelt, um ein einfaches An- und Ausziehen zu erleichtern und den Kundendurchsatz zu erh\u00f6hen.\" width=\"1900\" height=\"660\" srcset=\"https:\/\/thrillsyndicate.com\/wp-content\/uploads\/2022\/03\/ED_Microsite_Radialis-Serie_Pro-Adjust_Bulletpoints_EN.jpg 1900w, https:\/\/thrillsyndicate.com\/wp-content\/uploads\/2022\/03\/ED_Microsite_Radialis-Serie_Pro-Adjust_Bulletpoints_EN-458x159.jpg 458w, https:\/\/thrillsyndicate.com\/wp-content\/uploads\/2022\/03\/ED_Microsite_Radialis-Serie_Pro-Adjust_Bulletpoints_EN-300x104.jpg 300w, https:\/\/thrillsyndicate.com\/wp-content\/uploads\/2022\/03\/ED_Microsite_Radialis-Serie_Pro-Adjust_Bulletpoints_EN-1024x356.jpg 1024w, https:\/\/thrillsyndicate.com\/wp-content\/uploads\/2022\/03\/ED_Microsite_Radialis-Serie_Pro-Adjust_Bulletpoints_EN-768x267.jpg 768w, https:\/\/thrillsyndicate.com\/wp-content\/uploads\/2022\/03\/ED_Microsite_Radialis-Serie_Pro-Adjust_Bulletpoints_EN-1536x534.jpg 1536w, https:\/\/thrillsyndicate.com\/wp-content\/uploads\/2022\/03\/ED_Microsite_Radialis-Serie_Pro-Adjust_Bulletpoints_EN-100x35.jpg 100w\" sizes=\"auto, (max-width: 1900px) 100vw, 1900px\" \/><figcaption id=\"caption-attachment-948\" class=\"wp-caption-text\">Der Radialis Pro Adjust ist ein innovativer Ganzk\u00f6rpergurt f\u00fcr Hochseilg\u00e4rten und Kletterparks. Sein benutzerfreundliches, unkompliziertes Design bedeutet, dass die Teilnehmer es unabh\u00e4ngig von einem Instruktor\/F\u00fchrer an- und ausziehen k\u00f6nnen.<\/figcaption><\/figure>\n<p>&nbsp;<\/p>\n<h2 class=\"prodheadline\">PRODUKTINFORMATION<\/h2>\n<ul>\n<li>Das Gurtzeug l\u00e4sst sich dank f\u00fcnf Easy Glider-Schnallen einfach an- und ausziehen<\/li>\n<li>Verstellbare Beinschlaufen f\u00fcr optimale Passform und volle Flexibilit\u00e4t<\/li>\n<li>Verschiedene Farben zur einfachen Gr\u00f6\u00dfenidentifikation (Eisminze, Oase)<\/li>\n<li>Der Oberstoff ist wasserabweisend, schnell trocknend, leicht abwischbar und voll waschbar<\/li>\n<li>Bewegliche Taillenpolsterung f\u00fcr individuelle Passform und Positionierung.<\/li>\n<li>Planenpatch zum Beschriften zum Beschriften von Gurtzeugen und kleine Tasche am Gurtzeug zur Aufnahme des RFID-Chips<\/li>\n<li>Elastische Schlaufen halten die restlichen Riemen an Ort und Stelle<\/li>\n<li>Integrierter Klettverschluss am Brustband zur Befestigung eines Smart Belay Holsters<\/li>\n<li>Zentraler D-Ring zum Anbringen eines Lanyards<\/li>\n<li>Optimale, h\u00e4ngende Aufbewahrung durch eine spezielle Vorrichtung auf der R\u00fcckseite (Toggle)Verschiedene Farben zur einfachen Gr\u00f6\u00dfenidentifikation (Icemint, Oasis)<\/li>\n<\/ul>\n<h2 class=\"prodheadline\">TECHNISCHE INFORMATION<\/h2>\n<ul>\n<li>UIAA: Ja<\/li>\n<li>Herkunftsland: Vietnam<\/li>\n<li>Absturzsicherungs\u00f6se vorne: Ja<\/li>\n<li>Gewicht: <span id=\"varianten_gewicht\">870<\/span> gr<\/li>\n<\/ul>\n<h3 class=\"western\">\ud83d\udc49 Sie suchen einen bestimmten Edelrid-Artikel, der nicht im Shop gelistet ist? Wir vertreiben das komplette Portfolio f\u00fcr Abenteuer, Sport und Sicherheit. Bitte <strong><a href=\"https:\/\/thrillsyndicate.com\/de\/kontakt\/\">senden Sie<\/a><\/strong> uns eine E-Mail oder sehen Sie sich die vollst\u00e4ndige <strong><a href=\"https:\/\/thrillsyndicate.com\/edelrid-safety-price-list-2025\/\">Sicherheitspreisliste hier<\/a><\/strong>. \ud83d\udc48<\/h3>\n","protected":false},"excerpt":{"rendered":"<p>Der Radialis Pro Adjust Komplettgurt bietet maximale Flexibilit\u00e4t und Komfort f\u00fcr Hochseilgarten und Abenteuerparks. Mit den Easy Glider-Schnallen zum einfachen Verstellen und dem wasserabweisenden Au\u00dfenmaterial ist er die ideale Sicherheitsausr\u00fcstung f\u00fcr dich.<\/p>\n","protected":false},"featured_media":3417,"template":"","meta":{"_coblocks_attr":"","_coblocks_dimensions":"","_coblocks_responsive_height":"","_coblocks_accordion_ie_support":"","wds_primary_product_brand":0,"wds_primary_product_cat":0},"product_brand":[62],"product_cat":[60,803],"product_tag":[571,427,575],"class_list":{"0":"post-5791","1":"product","2":"type-product","3":"status-publish","4":"has-post-thumbnail","6":"product_brand-edelrid","7":"product_cat-ropes-course-harnesses","8":"product_cat-adventure-harnesses","9":"product_tag-gurte","10":"product_tag-hochseilgarten","11":"product_tag-komplettgurt","13":"first","14":"instock","15":"taxable","16":"shipping-taxable","17":"purchasable","18":"product-type-variable","19":"has-default-attributes"},"_links":{"self":[{"href":"https:\/\/thrillsyndicate.com\/de\/wp-json\/wp\/v2\/product\/5791","targetHints":{"allow":["GET"]}}],"collection":[{"href":"https:\/\/thrillsyndicate.com\/de\/wp-json\/wp\/v2\/product"}],"about":[{"href":"https:\/\/thrillsyndicate.com\/de\/wp-json\/wp\/v2\/types\/product"}],"wp:featuredmedia":[{"embeddable":true,"href":"https:\/\/thrillsyndicate.com\/de\/wp-json\/wp\/v2\/media\/3417"}],"wp:attachment":[{"href":"https:\/\/thrillsyndicate.com\/de\/wp-json\/wp\/v2\/media?parent=5791"}],"wp:term":[{"taxonomy":"product_brand","embeddable":true,"href":"https:\/\/thrillsyndicate.com\/de\/wp-json\/wp\/v2\/product_brand?post=5791"},{"taxonomy":"product_cat","embeddable":true,"href":"https:\/\/thrillsyndicate.com\/de\/wp-json\/wp\/v2\/product_cat?post=5791"},{"taxonomy":"product_tag","embeddable":true,"href":"https:\/\/thrillsyndicate.com\/de\/wp-json\/wp\/v2\/product_tag?post=5791"}],"curies":[{"name":"wp","href":"https:\/\/api.w.org\/{rel}","templated":true}]}}