{"id":5793,"date":"2022-02-26T13:26:01","date_gmt":"2022-02-26T12:26:01","guid":{"rendered":"https:\/\/thrillsyndicate.com\/shop\/saferoller-v3-trolley-psa\/"},"modified":"2025-06-01T20:19:44","modified_gmt":"2025-06-01T18:19:44","slug":"saferoller-v3-trolley","status":"publish","type":"product","link":"https:\/\/thrillsyndicate.com\/de\/product\/saferoller-v3-trolley\/","title":{"rendered":"Saferoller Trolley V3 (PSA)"},"content":{"rendered":"<p><strong>Neues Design. H\u00f6here Leistung. Attraktive Preise.<br \/>\n<\/strong><\/p>\n<p>Der neue, wirtschaftliche Saferoller Trolley ist vollgepackt mit innovativen Funktionen. Wir stellen das neue Dyneema\/Nylon-Mischband mit 360\u00b0-Schwenksystem vor. Durch einen h\u00f6heren Schwerpunkt wird das Gewicht direkt auf den Trolley \u00fcbertragen. Das neue Evakuierungssystem mit doppelter Schleuse ist narrensicher. Es erm\u00f6glicht ein sicheres und schnelles Entfernen von der Sicherheitsleitung im Falle einer Notfallevakuierung und eine schnelle Wiederverbindung. Der Anker der Verbindungsvorrichtung ist f\u00fcr erh\u00f6hte Festigkeit und Haltbarkeit hei\u00dfgeschmiedet. Individuelle Identifikationsnummern haben eine verbesserte Lesbarkeit. Und das Beste: Er ist 30 % kompakter.<\/p>\n<p>M\u00fcheloses, pr\u00e4zises Handling macht enge Kurven zum Kinderspiel. Sie sind von Ende zu Ende gesichert und es sind keine zus\u00e4tzlichen Verbindungsger\u00e4te erforderlich. Saferoller V3 ist ein wartungsarmes System. Verschlei\u00dfteile sind mit einem Verschlei\u00dfschutz ausgestattet und k\u00f6nnen vom Bediener ausgetauscht werden.<\/p>\n<ul>\n<li>Neuer Riemen aus Dyneema\/Nylon-Mischung mit 360\u00b0-Schwenksystem<\/li>\n<li>Kategorie \u201eE\u201c EN15567 und entspricht bereits der kommenden EN17109<\/li>\n<li>Der Anker der Verbindungsvorrichtung (EN17109) ist f\u00fcr erh\u00f6hte Festigkeit und Haltbarkeit hei\u00dfgeschmiedet<\/li>\n<li>30 % kompakter<\/li>\n<li>Revolution\u00e4res Evakuierungs-Sicherheitssystem mit 2 Schl\u00f6ssern<\/li>\n<li>Innovatives Verschlei\u00dfmesssystem<\/li>\n<li>Zertifizierter Saferoller\u00ae Trolley (PSA)<\/li>\n<li>Unvergleichliche \u201eZwillings\u201c-Kugellagers\u00e4tze pro Rolle<\/li>\n<li>Leise Rollen aus Teflon oder Edelstahl<\/li>\n<li>Robuste, langlebige Komponenten<\/li>\n<li>Verschlei\u00dfteile mit austauschbaren Ersatzteilen aus Edelstahl<\/li>\n<li>T\u00dcV S\u00fcd zertifiziert<\/li>\n<\/ul>\n<p><iframe loading=\"lazy\" title=\"Saferoller: Best rolling Continuous Belay\" width=\"980\" height=\"551\" src=\"https:\/\/www.youtube.com\/embed\/VyklTCEQj4o?feature=oembed\" frameborder=\"0\" allow=\"accelerometer; autoplay; clipboard-write; encrypted-media; gyroscope; picture-in-picture\" allowfullscreen><\/iframe><\/p>\n<h2>Spezifikationen<\/h2>\n<ul>\n<li>F\u00fcr Sicherheitsleine \u00d8 12 &#8211; 12,7MM (1\/2 Zoll)<\/li>\n<li>EN15567-1 Kategorie \u201eE\u201c &#8211; EN17109, EN 795 B, EN 12278, EN 15567 &amp; ACCT-Standards (USA)<\/li>\n<\/ul>\n<table>\n<tbody>\n<tr>\n<td> <img decoding=\"async\" src=\"https:\/\/d33kpccffoto0c.cloudfront.net\/images\/Kanopeo-continuous-belay-system-saferoller-teflon-wheel-en-7cc61f167d9cc76gd7b7d30e9ae217f3.jpg\" alt=\"Kanopeo continuous belay system saferoller teflon wheel en 7cc61f167d9cc76gd7b7d30e9ae217f3\"><\/td>\n<td> <img decoding=\"async\" src=\"https:\/\/d33kpccffoto0c.cloudfront.net\/images\/Kanopeo-continuous-belay-system-saferoller-steel-wheel-en-88b028de9b68715g3455071a6e88ca6b.jpg\" alt=\"Kanopeo continuous belay system saferoller steel wheel en 88b028de9b68715g3455071a6e88ca6b\"><\/td>\n<\/tr>\n<tr>\n<td><strong>SAFEROLLER Teflonrollen<\/strong><\/p>\n<p>Zur Verwendung mit Spielen und Seilrutschen bis zu 120 m. Diese ger\u00e4uscharmen, leichten Rollen werden mit unvergleichlichen ABEC-zertifizierten Doppelkugellagers\u00e4tzen in jeder Rolle hergestellt. Teflon reduziert den Verschlei\u00df des Drahtseils erheblich.<\/p>\n<ul>\n<li>Still<\/li>\n<li>Leicht<\/li>\n<li>Unvergleichliche \u201eZwillings\u201c-ABEC-zertifizierte abgedichtete Kugellagers\u00e4tze in jeder Rolle.<\/li>\n<li>Das ERSTE rollende Dauersicherungssystem der Welt<\/li>\n<li>Glattes Ende-zu-Ende-Rollen<\/li>\n<li>Verbesserte Haltbarkeit<\/li>\n<li>Beispiellose Leistung<\/li>\n<li>Robuste, langlebige Komponenten<\/li>\n<li>F\u00fcr Sicherheitsleine au\u00dferhalb der Reichweite<\/li>\n<li>Geringer Wartungsaufwand<\/li>\n<li>T\u00dcV S\u00fcd zertifiziert<\/li>\n<\/ul>\n<\/td>\n<td><strong>SAFEROLLER Edelstahlrollen<\/strong><\/p>\n<p>Zur Verwendung mit Spielen und Seilrutschen beliebiger L\u00e4nge. Diese langlebigen, leichten Rollen werden mit unvergleichlichen ABEC-zertifizierten abgedichteten Kugellagers\u00e4tzen in jeder Rolle hergestellt. Entwickelt f\u00fcr Hochgeschwindigkeitsrollen mit bis zu 125 km\/h!<\/p>\n<ul>\n<li>Unvergleichliche \u201eZwillings\u201c-ABEC-zertifizierte abgedichtete Kugellagers\u00e4tze in jeder Rolle.<\/li>\n<li>Das ERSTE rollende Dauersicherungssystem der Welt<\/li>\n<li>Glattes Ende-zu-Ende-Rollen<\/li>\n<li>Verbesserte Haltbarkeit<\/li>\n<li>Beispiellose Leistung<\/li>\n<li>Robuste, langlebige Komponenten<\/li>\n<li>F\u00fcr Sicherheitsleine au\u00dferhalb der Reichweite<\/li>\n<li>Geringer Wartungsaufwand<\/li>\n<li>T\u00dcV S\u00fcd zertifiziert<\/li>\n<\/ul>\n<p>&nbsp;<\/td>\n<\/tr>\n<\/tbody>\n<\/table>\n<p>&nbsp;<\/p>\n","protected":false},"excerpt":{"rendered":"<p>Das Saferoller V3 Seilrolle &#8211; Continuous Belay System bietet innovative Funktionen f\u00fcr Abenteuerparks. Mit seinem Gurt aus einer Dyneema\/Nylon-Mischung, dem 360\u00b0-Drehsystem und dem wartungsarmen Design bietet er ein un\u00fcbertroffenes, sicheres Erlebnis.<\/p>\n","protected":false},"featured_media":3057,"template":"","meta":{"_coblocks_attr":"","_coblocks_dimensions":"","_coblocks_responsive_height":"","_coblocks_accordion_ie_support":"","wds_primary_product_brand":0,"wds_primary_product_cat":0},"product_brand":[668],"product_cat":[651,545],"product_tag":[427,532,425],"class_list":{"0":"post-5793","1":"product","2":"type-product","3":"status-publish","4":"has-post-thumbnail","6":"product_brand-saferoller-de","7":"product_cat-seilgarten-sicherungssysteme","8":"product_cat-saferoller-kontinuierliches-sicherungssystem","9":"product_tag-hochseilgarten","10":"product_tag-kontinuierliche-sicherung","11":"product_tag-sicherungssysteme","13":"first","14":"instock","15":"taxable","16":"shipping-taxable","17":"purchasable","18":"product-type-variable"},"_links":{"self":[{"href":"https:\/\/thrillsyndicate.com\/de\/wp-json\/wp\/v2\/product\/5793","targetHints":{"allow":["GET"]}}],"collection":[{"href":"https:\/\/thrillsyndicate.com\/de\/wp-json\/wp\/v2\/product"}],"about":[{"href":"https:\/\/thrillsyndicate.com\/de\/wp-json\/wp\/v2\/types\/product"}],"wp:featuredmedia":[{"embeddable":true,"href":"https:\/\/thrillsyndicate.com\/de\/wp-json\/wp\/v2\/media\/3057"}],"wp:attachment":[{"href":"https:\/\/thrillsyndicate.com\/de\/wp-json\/wp\/v2\/media?parent=5793"}],"wp:term":[{"taxonomy":"product_brand","embeddable":true,"href":"https:\/\/thrillsyndicate.com\/de\/wp-json\/wp\/v2\/product_brand?post=5793"},{"taxonomy":"product_cat","embeddable":true,"href":"https:\/\/thrillsyndicate.com\/de\/wp-json\/wp\/v2\/product_cat?post=5793"},{"taxonomy":"product_tag","embeddable":true,"href":"https:\/\/thrillsyndicate.com\/de\/wp-json\/wp\/v2\/product_tag?post=5793"}],"curies":[{"name":"wp","href":"https:\/\/api.w.org\/{rel}","templated":true}]}}