{"id":5794,"date":"2022-03-01T12:48:24","date_gmt":"2022-03-01T11:48:24","guid":{"rendered":"https:\/\/thrillsyndicate.com\/shop\/saferoller-switch-verzweigung-kurven-ueberholen\/"},"modified":"2025-06-01T16:45:22","modified_gmt":"2025-06-01T14:45:22","slug":"sichererollenschalter-gabelung","status":"publish","type":"product","link":"https:\/\/thrillsyndicate.com\/de\/product\/sichererollenschalter-gabelung\/","title":{"rendered":"Saferoller Switch Bifurcation | Abbiegen &amp; \u00dcberholen"},"content":{"rendered":"<p>Die Saferoller Bifurkation: Die Gabelung ist ein gro\u00dfartiges Zubeh\u00f6r, das den Wechsel zwischen den Strecken, das \u00dcberholen, das Aussteigen (Notausstieg) und die Schaffung einer Art &#8222;Seilrollen-Station&#8220; (im Falle eines &#8222;geschlossenen Kreislaufs&#8220; &#8211; einer Station, die sogar f\u00fcr die Nacht geschlossen werden kann) erm\u00f6glicht &#8211; einfach zu bedienen, kein Mechanismus, kein Verschlei\u00df. Wartungsfrei! Die Saferoller-Verzweigung erm\u00f6glicht das Wechseln zwischen verschiedenen Kursen, das \u00dcberholen und das Verlassen des Kurses. Es l\u00e4sst sich leicht passieren und es ist kein zus\u00e4tzlicher Mechanismus erforderlich. Die Verzweigung ist f\u00fcr Links- und Rechtskurven verf\u00fcgbar.  <\/p>\n<ul>\n<li>Null Wartung<\/li>\n<li>Langlebig: Teile k\u00f6nnen nicht abgenutzt werden<\/li>\n<li>Geeignet f\u00fcr Kinder ab 8 Jahren<\/li>\n<li><strong>NICHT<\/strong> kompatibel mit Speedrunner Kanhook (PPE)<\/li>\n<\/ul>\n<p>  F\u00fcr Sicherheitsleine \u00d8 12MM Arbeitslast vor dem Abrutschen: 15 kN<\/p>\n","protected":false},"excerpt":{"rendered":"<p>Die Saferoller Switch Verzweigung erm\u00f6glicht den Wechsel zwischen verschiedenen Kursen, das \u00dcberholen und das Verlassen des Kurses. Es l\u00e4sst sich leicht passieren und es ist kein zus\u00e4tzlicher Mechanismus erforderlich. Bifurkation ist f\u00fcr Links- und Rechtskurven verf\u00fcgbar.<\/p>\n","protected":false},"featured_media":3018,"template":"","meta":{"_coblocks_attr":"","_coblocks_dimensions":"","_coblocks_responsive_height":"","_coblocks_accordion_ie_support":"","wds_primary_product_brand":0,"wds_primary_product_cat":0},"product_brand":[90],"product_cat":[49],"product_tag":[532,425],"class_list":{"0":"post-5794","1":"product","2":"type-product","3":"status-publish","4":"has-post-thumbnail","6":"product_brand-saferoller-continuous-belay","7":"product_cat-saferoller-continuous-belay-system","8":"product_tag-kontinuierliche-sicherung","9":"product_tag-sicherungssysteme","11":"first","12":"instock","13":"taxable","14":"shipping-taxable","15":"purchasable","16":"product-type-variable"},"_links":{"self":[{"href":"https:\/\/thrillsyndicate.com\/de\/wp-json\/wp\/v2\/product\/5794","targetHints":{"allow":["GET"]}}],"collection":[{"href":"https:\/\/thrillsyndicate.com\/de\/wp-json\/wp\/v2\/product"}],"about":[{"href":"https:\/\/thrillsyndicate.com\/de\/wp-json\/wp\/v2\/types\/product"}],"wp:featuredmedia":[{"embeddable":true,"href":"https:\/\/thrillsyndicate.com\/de\/wp-json\/wp\/v2\/media\/3018"}],"wp:attachment":[{"href":"https:\/\/thrillsyndicate.com\/de\/wp-json\/wp\/v2\/media?parent=5794"}],"wp:term":[{"taxonomy":"product_brand","embeddable":true,"href":"https:\/\/thrillsyndicate.com\/de\/wp-json\/wp\/v2\/product_brand?post=5794"},{"taxonomy":"product_cat","embeddable":true,"href":"https:\/\/thrillsyndicate.com\/de\/wp-json\/wp\/v2\/product_cat?post=5794"},{"taxonomy":"product_tag","embeddable":true,"href":"https:\/\/thrillsyndicate.com\/de\/wp-json\/wp\/v2\/product_tag?post=5794"}],"curies":[{"name":"wp","href":"https:\/\/api.w.org\/{rel}","templated":true}]}}