{"id":5812,"date":"2022-03-01T12:56:04","date_gmt":"2022-03-01T11:56:04","guid":{"rendered":"https:\/\/thrillsyndicate.com\/shop\/saferoller-lange-zipline-klemme\/"},"modified":"2025-10-03T13:20:08","modified_gmt":"2025-10-03T11:20:08","slug":"saferoller-long-zipline-klemme","status":"publish","type":"product","link":"https:\/\/thrillsyndicate.com\/de\/product\/saferoller-long-zipline-klemme\/","title":{"rendered":"Saferoller Lange Seilbahnklemme"},"content":{"rendered":"<p>Die Long Zip Clamp kann \u00fcberall installiert werden. Selbstpositionierung und keine Vormontage, kein Crimpen und keine Spezialwerkzeuge erforderlich. Erm\u00f6glicht die Befestigung an allen Strukturen und ist ideal f\u00fcr lange Seilrutschen jeder L\u00e4nge. Es kann auch \u00fcber Kopfh\u00f6he installiert werden.<\/p>\n<ul>\n<li>Die lange Zip-Halterung h\u00e4lt die Position der Sicherheitsleine in der Luft<\/li>\n<li>Kann problemlos mit der Saferoller Seilrolle (PPE) verwendet werden<\/li>\n<li>Erm\u00f6glicht schnellere L\u00e4ufe und schnelle End-to-End-Rollen<\/li>\n<li>Erm\u00f6glicht das einfache Rollen der Saferoller Seilrolle (PPE) und verk\u00fcrzt die Wartezeiten und erh\u00f6ht den Durchsatz<\/li>\n<li>Einfache Installation: Einfach das Sicherheitsdrahtseil einlegen und die 6 Spanner festziehen<\/li>\n<\/ul>\n<h2>Spezifikationen<\/h2>\n<ul>\n<li>F\u00fcr Sicherheitsleine \u00d8 12 &#8211; 12,7MM (1\/2 Zoll)<\/li>\n<li>Arbeitslast vor Schlupf: 40 kN<\/li>\n<li>Normen EN 795 C, EN 15567 &amp; ACCT (USA)<\/li>\n<li>Inklusive Klemmschutz aus Gummi<\/li>\n<\/ul>\n","protected":false},"excerpt":{"rendered":"<p>Die Saferoller Long Zip Clamp kann \u00fcberall angebracht werden. Erm\u00f6glicht die Befestigung an allen Strukturen und ist ideal f\u00fcr lange Seilrutschen jeder L\u00e4nge. Es kann auch \u00fcber Kopfh\u00f6he installiert werden.<\/p>\n","protected":false},"featured_media":3009,"template":"","meta":{"_coblocks_attr":"","_coblocks_dimensions":"","_coblocks_responsive_height":"","_coblocks_accordion_ie_support":"","wds_primary_product_brand":0,"wds_primary_product_cat":0},"product_brand":[90],"product_cat":[49],"product_tag":[55,54,178,36,8],"class_list":{"0":"post-5812","1":"product","2":"type-product","3":"status-publish","4":"has-post-thumbnail","6":"product_brand-saferoller-continuous-belay","7":"product_cat-saferoller-continuous-belay-system","8":"product_tag-ropes-course","9":"product_tag-continuous-belay","10":"product_tag-lifeline-mounting","11":"product_tag-zipline","12":"product_tag-belay-systems","14":"first","15":"instock","16":"taxable","17":"shipping-taxable","18":"purchasable","19":"product-type-simple"},"_links":{"self":[{"href":"https:\/\/thrillsyndicate.com\/de\/wp-json\/wp\/v2\/product\/5812","targetHints":{"allow":["GET"]}}],"collection":[{"href":"https:\/\/thrillsyndicate.com\/de\/wp-json\/wp\/v2\/product"}],"about":[{"href":"https:\/\/thrillsyndicate.com\/de\/wp-json\/wp\/v2\/types\/product"}],"wp:featuredmedia":[{"embeddable":true,"href":"https:\/\/thrillsyndicate.com\/de\/wp-json\/wp\/v2\/media\/3009"}],"wp:attachment":[{"href":"https:\/\/thrillsyndicate.com\/de\/wp-json\/wp\/v2\/media?parent=5812"}],"wp:term":[{"taxonomy":"product_brand","embeddable":true,"href":"https:\/\/thrillsyndicate.com\/de\/wp-json\/wp\/v2\/product_brand?post=5812"},{"taxonomy":"product_cat","embeddable":true,"href":"https:\/\/thrillsyndicate.com\/de\/wp-json\/wp\/v2\/product_cat?post=5812"},{"taxonomy":"product_tag","embeddable":true,"href":"https:\/\/thrillsyndicate.com\/de\/wp-json\/wp\/v2\/product_tag?post=5812"}],"curies":[{"name":"wp","href":"https:\/\/api.w.org\/{rel}","templated":true}]}}