{"id":5816,"date":"2022-02-26T13:36:52","date_gmt":"2022-02-26T12:36:52","guid":{"rendered":"https:\/\/thrillsyndicate.com\/shop\/saferoller-safestop-zipstop-integration\/"},"modified":"2025-06-01T20:19:28","modified_gmt":"2025-06-01T18:19:28","slug":"saferoller-safestop","status":"publish","type":"product","link":"https:\/\/thrillsyndicate.com\/de\/product\/saferoller-safestop\/","title":{"rendered":"Saferoller SafeStop | zipSTOP Integration"},"content":{"rendered":"<p>SafeStop ist ein durchgehender Greifer f\u00fcr die Bremse der Seilrutsche. Diese Innovation erm\u00f6glicht die Verwendung eines <a href=\"https:\/\/thrillsyndicate.com\/product-category\/zipline-safety-solutions\/zipwire-braking-systems\/\">automatischen Zipline-Bremssystems<\/a> zusammen mit einer durchgehenden Sicherheitsleine ohne Demontage des Trolleys (Selbsthemmung) vom Seil. Die Seilrutsche kann in den Hochseilgarten integriert werden.  <\/p>\n<h2>Zu den Hauptvorteilen von SafeStop geh\u00f6ren:<\/h2>\n<ul>\n<li><strong>Dauerhafte Sicherheit auf der Seilrutsche<\/strong> : Der durchgehende Griff erm\u00f6glicht ein automatisches Bremsen.<\/li>\n<li><strong>Kompatibel<\/strong> : Safe Stop kann mit allen anderen Dauersicherungssystemen verwendet werden<\/li>\n<li><strong>Eine Demontage entf\u00e4llt am Ende der Zipline<\/strong> : Der Parkbesucher kann die Zipline verlassen ohne den Trolley auszuh\u00e4ngen und ist durchgehend gesch\u00fctzt.<\/li>\n<\/ul>\n<p>  SafeStop ist eine Seilrolle, die fest mit dem unteren Ende der Seilrutsche verbunden ist und mit einem Bremssystem verwendet wird. Das D\u00e4mpfungspolster sch\u00fctzt die Saferoller Seilrolle (PPE) beim Aufprall und der Bremsmechanismus (nicht im Lieferumfang enthalten) bringt den Kunden allm\u00e4hlich zum Stehen.<br \/>\nDer Saferoller Seilrolle (PPE) ist so konzipiert, dass er leicht zum n\u00e4chsten Element \u00fcbergehen kann, wenn der Kunde einen vollst\u00e4ndigen Stopp erreicht hat.<br \/>\nDie Saferoller Seilrolle (PPE) muss nicht von der Sicherheitslinie entfernt werden, um eine kontinuierliche Verbindung und erh\u00f6hte Sicherheit zu gew\u00e4hrleisten.   Die Seilrutsche kann nun in einen durchgehenden Hochseilgarten integriert werden, was mehr Flexibilit\u00e4t bei der Gestaltung und dem Betrieb des Parks bietet. https:\/\/www.youtube.com\/watch?v=SI92pkKX9_E<\/p>\n<h2>Vorteile von SafeStop:<\/h2>\n<ul>\n<li>Kein Ausklinken der Saferoller Seilrolle (PSA) am Ende der Seilbahn<\/li>\n<li>(Allm\u00e4hliches Bremsen)<\/li>\n<li>Entwickelt f\u00fcr eine Vielzahl von Gewichten und Geschwindigkeiten<\/li>\n<li>Dauerhafte Sicherheit auf der Seilrutsche<\/li>\n<li>(Wird nach jeder Fahrt automatisch zur\u00fcckgesetzt)<\/li>\n<li>Der Kurs kann schneller abgeschlossen werden<\/li>\n<li>Erh\u00f6hter Durchsatz<\/li>\n<li>Reduzieren Sie Wartezeiten und erh\u00f6hen Sie die Benutzerzufriedenheit<\/li>\n<li>Reduzierter Verschlei\u00df am Sicherheitsdrahtseil<\/li>\n<li>Reduzieren Sie Personal- und Betriebskosten<\/li>\n<\/ul>\n<p><strong>F\u00fcr Sicherheitsleine \u00d8 12 &#8211; 12,7MM (1\/2 Zoll)<\/strong><\/p>\n","protected":false},"excerpt":{"rendered":"<p>Der Saferoller SafeStop ist ein Seilbahn-Bremsblock f\u00fcr durchgehende Rettungsleinen-Systeme: Erm\u00f6glicht die Verwendung eines Bremssystems zusammen mit einem durchgehenden System, ohne dass es demontiert werden muss.<\/p>\n","protected":false},"featured_media":3036,"template":"","meta":{"_coblocks_attr":"","_coblocks_dimensions":"","_coblocks_responsive_height":"","_coblocks_accordion_ie_support":"","wds_primary_product_brand":0,"wds_primary_product_cat":0},"product_brand":[90],"product_cat":[49],"product_tag":[55,54,8],"class_list":{"0":"post-5816","1":"product","2":"type-product","3":"status-publish","4":"has-post-thumbnail","6":"product_brand-saferoller-continuous-belay","7":"product_cat-saferoller-continuous-belay-system","8":"product_tag-ropes-course","9":"product_tag-continuous-belay","10":"product_tag-belay-systems","12":"first","13":"instock","14":"taxable","15":"shipping-taxable","16":"purchasable","17":"product-type-simple"},"_links":{"self":[{"href":"https:\/\/thrillsyndicate.com\/de\/wp-json\/wp\/v2\/product\/5816","targetHints":{"allow":["GET"]}}],"collection":[{"href":"https:\/\/thrillsyndicate.com\/de\/wp-json\/wp\/v2\/product"}],"about":[{"href":"https:\/\/thrillsyndicate.com\/de\/wp-json\/wp\/v2\/types\/product"}],"wp:featuredmedia":[{"embeddable":true,"href":"https:\/\/thrillsyndicate.com\/de\/wp-json\/wp\/v2\/media\/3036"}],"wp:attachment":[{"href":"https:\/\/thrillsyndicate.com\/de\/wp-json\/wp\/v2\/media?parent=5816"}],"wp:term":[{"taxonomy":"product_brand","embeddable":true,"href":"https:\/\/thrillsyndicate.com\/de\/wp-json\/wp\/v2\/product_brand?post=5816"},{"taxonomy":"product_cat","embeddable":true,"href":"https:\/\/thrillsyndicate.com\/de\/wp-json\/wp\/v2\/product_cat?post=5816"},{"taxonomy":"product_tag","embeddable":true,"href":"https:\/\/thrillsyndicate.com\/de\/wp-json\/wp\/v2\/product_tag?post=5816"}],"curies":[{"name":"wp","href":"https:\/\/api.w.org\/{rel}","templated":true}]}}