{"id":5817,"date":"2022-03-04T13:38:44","date_gmt":"2022-03-04T12:38:44","guid":{"rendered":"https:\/\/thrillsyndicate.com\/shop\/edelrid-radialis-comp-ii-ganzkoerpergurt\/"},"modified":"2025-07-17T18:07:46","modified_gmt":"2025-07-17T16:07:46","slug":"edelrid-radialis-comp-ganzkoerpergeschirr","status":"publish","type":"product","link":"https:\/\/thrillsyndicate.com\/de\/product\/edelrid-radialis-comp-ganzkoerpergeschirr\/","title":{"rendered":"Edelrid Radialis Comp III | Komplettgurt"},"content":{"rendered":"<p>Der Radialis Comp III ist ein klassischer Stil, der Gurt l\u00e4sst sich dank sechs Easy Glider-Schnallen leicht an- und ablegen. Der Radialis Comp III ist ein klassischer Ganzk\u00f6rpergurt mit einfachem Anlegen, indem Sie wie in eine Hose von oben hineinsteigen.  Die zwei unterschiedlichen Gurtbandfarben trennen den Taillen- und Brustbereich, was die Einweisung in die Verwendung des Gurtzeugs erleichtert. Der radialis ist auch in Kindergr\u00f6\u00dfen erh\u00e4ltlich. Der klassische Hochseilgurt. Voll verstellbares Gurtband, das dank seiner sechs Easy-Glider-Schnallen alle Gr\u00f6\u00dfen abdeckt.<\/p>\n<p>Erh\u00e4ltlich in den Gr\u00f6\u00dfen Junior Einheitsgr\u00f6\u00dfe und Erwachsene Einheitsgr\u00f6\u00dfe, <strong>verkauft pro 5 St\u00fcck<\/strong><\/p>\n<figure id=\"attachment_947\" aria-describedby=\"caption-attachment-947\" style=\"width: 980px\" class=\"wp-caption alignnone\"><img loading=\"lazy\" decoding=\"async\" class=\"size-large wp-image-947\" src=\"https:\/\/thrillsyndicate.com\/wp-content\/uploads\/2022\/03\/ED_Microsite_Radialis-Serie_Comp_Bulletpoints_EN-1024x356.jpg\" alt=\"Our classic webbing harness with a new design. With innovative Triple Lock buckle connection between sit harness and chest harness for quick and easy on and off.\" width=\"980\" height=\"341\" srcset=\"https:\/\/thrillsyndicate.com\/wp-content\/uploads\/2022\/03\/ED_Microsite_Radialis-Serie_Comp_Bulletpoints_EN-1024x356.jpg 1024w, https:\/\/thrillsyndicate.com\/wp-content\/uploads\/2022\/03\/ED_Microsite_Radialis-Serie_Comp_Bulletpoints_EN-458x159.jpg 458w, https:\/\/thrillsyndicate.com\/wp-content\/uploads\/2022\/03\/ED_Microsite_Radialis-Serie_Comp_Bulletpoints_EN-300x104.jpg 300w, https:\/\/thrillsyndicate.com\/wp-content\/uploads\/2022\/03\/ED_Microsite_Radialis-Serie_Comp_Bulletpoints_EN-768x267.jpg 768w, https:\/\/thrillsyndicate.com\/wp-content\/uploads\/2022\/03\/ED_Microsite_Radialis-Serie_Comp_Bulletpoints_EN-1536x534.jpg 1536w, https:\/\/thrillsyndicate.com\/wp-content\/uploads\/2022\/03\/ED_Microsite_Radialis-Serie_Comp_Bulletpoints_EN-100x35.jpg 100w, https:\/\/thrillsyndicate.com\/wp-content\/uploads\/2022\/03\/ED_Microsite_Radialis-Serie_Comp_Bulletpoints_EN.jpg 1900w\" sizes=\"auto, (max-width: 980px) 100vw, 980px\" \/><figcaption id=\"caption-attachment-947\" class=\"wp-caption-text\">Der Radialis Comp ist ein extrem robuster Gurt, der f\u00fcr die besonderen Anforderungen in Hochseilgarten und Abenteuerparks entwickelt wurde. Mit 6 Easy Glider-Schnallen macht das Step-in-Design des Radialis Comp das Ein- und Aussteigen sowie die Einstellung einfach. Zwei unterschiedliche Farben werden angeboten, um die Gr\u00f6\u00dfe zu unterscheiden.<\/figcaption><\/figure>\n<p>&nbsp;<\/p>\n<h2 class=\"prodheadline\">PRODUKTINFORMATION<\/h2>\n<ul>\n<li>Gen\u00e4hte Gurtenden, die so gestaltet sind, dass die Gurte nicht vollst\u00e4ndig ausgef\u00e4delt werden k\u00f6nnen<\/li>\n<li>Verschiedene Farben zur einfachen Gr\u00f6\u00dfenidentifikation (Eisminze, Oase)<\/li>\n<li>Planenpatch zum Beschriften zum Beschriften von Gurtzeugen<\/li>\n<li>Verstellbare Beinschlaufen f\u00fcr optimale Passform und volle Flexibilit\u00e4t<\/li>\n<li>Kleine Tasche am Geschirr zur Aufnahme eines RFID-Tags<\/li>\n<li>Elastische Schlaufen halten die restlichen Riemen an Ort und Stelle<\/li>\n<li>Zentraler D-Ring zum Anbringen eines Lanyards<\/li>\n<li>Materialschlaufe zum Verstauen zus\u00e4tzlicher Ausr\u00fcstung<\/li>\n<li>Das unterschiedliche Gurtbanddesign vereinfacht die Unterscheidung von Brustgurt, Sitzgurt und Beinschlaufen<\/li>\n<\/ul>\n<p><strong>Ganzk\u00f6rpergurt f\u00fcr Kinder (Einheitsgr\u00f6\u00dfe)<\/strong>. Vorderer Sicherungspunkt aus Stahl. Voll einstellbar mit selbstverriegelnden Easy Glider-Schnallen.<\/p>\n<ul>\n<li>Taille: min. 40 cm \/ max. 100cm<\/li>\n<li>Beinschlaufen: min. 25 cm \/ max. 53cm<\/li>\n<\/ul>\n<p><strong>Regular (Einheitsgr\u00f6\u00dfe) Komplettgurt<\/strong>. Vorderer Sicherungspunkt aus Stahl. Voll einstellbar mit Easy Glider selbstverriegelnden Schnallen.<\/p>\n<ul>\n<li>Taille: min. 45 cm \/ max. 140cm<\/li>\n<li>Beinschlaufen: min. 25 cm \/ max. 85cm<\/li>\n<\/ul>\n<h2 class=\"prodheadline\">TECHNISCHE INFORMATION<\/h2>\n<ul>\n<li>UIAA: Ja<\/li>\n<li>Absturzsicherungs\u00f6se vorne: Ja<\/li>\n<li>Gewicht: <span id=\"varianten_gewicht\">900<\/span> gr<\/li>\n<\/ul>\n<h3 class=\"western\">\ud83d\udc49 Sie suchen einen bestimmten Edelrid-Artikel, der nicht im Shop gelistet ist? Wir vertreiben das komplette Portfolio f\u00fcr Abenteuer, Sport und Sicherheit. Bitte <strong><a href=\"https:\/\/thrillsyndicate.com\/de\/kontakt\/\">senden Sie<\/a><\/strong> uns eine E-Mail oder sehen Sie sich die vollst\u00e4ndige <strong><a href=\"https:\/\/thrillsyndicate.com\/edelrid-safety-price-list-2025\/\">Sicherheitspreisliste hier<\/a><\/strong>. \ud83d\udc48<\/h3>\n","protected":false},"excerpt":{"rendered":"<p>Der Edelrid Radialis Comp Komplettgurt ist dein idealer Begleiter f\u00fcr Hochseilabenteuer. Er ist vollst\u00e4ndig verstellbar und passt allen Gr\u00f6\u00dfen, sodass du ihn sicher und bequem tragen kannst.<\/p>\n","protected":false},"featured_media":9830,"template":"","meta":{"_coblocks_attr":"","_coblocks_dimensions":"","_coblocks_responsive_height":"","_coblocks_accordion_ie_support":"","wds_primary_product_brand":0,"wds_primary_product_cat":0},"product_brand":[62],"product_cat":[60,803],"product_tag":[63,64,67],"class_list":{"0":"post-5817","1":"product","2":"type-product","3":"status-publish","4":"has-post-thumbnail","6":"product_brand-edelrid","7":"product_cat-ropes-course-harnesses","8":"product_cat-adventure-harnesses","9":"product_tag-harnesses","10":"product_tag-full-body-harness","11":"product_tag-ppe","13":"first","14":"instock","15":"taxable","16":"shipping-taxable","17":"purchasable","18":"product-type-variable","19":"has-default-attributes"},"_links":{"self":[{"href":"https:\/\/thrillsyndicate.com\/de\/wp-json\/wp\/v2\/product\/5817","targetHints":{"allow":["GET"]}}],"collection":[{"href":"https:\/\/thrillsyndicate.com\/de\/wp-json\/wp\/v2\/product"}],"about":[{"href":"https:\/\/thrillsyndicate.com\/de\/wp-json\/wp\/v2\/types\/product"}],"wp:featuredmedia":[{"embeddable":true,"href":"https:\/\/thrillsyndicate.com\/de\/wp-json\/wp\/v2\/media\/9830"}],"wp:attachment":[{"href":"https:\/\/thrillsyndicate.com\/de\/wp-json\/wp\/v2\/media?parent=5817"}],"wp:term":[{"taxonomy":"product_brand","embeddable":true,"href":"https:\/\/thrillsyndicate.com\/de\/wp-json\/wp\/v2\/product_brand?post=5817"},{"taxonomy":"product_cat","embeddable":true,"href":"https:\/\/thrillsyndicate.com\/de\/wp-json\/wp\/v2\/product_cat?post=5817"},{"taxonomy":"product_tag","embeddable":true,"href":"https:\/\/thrillsyndicate.com\/de\/wp-json\/wp\/v2\/product_tag?post=5817"}],"curies":[{"name":"wp","href":"https:\/\/api.w.org\/{rel}","templated":true}]}}