{"id":5823,"date":"2022-03-01T12:45:02","date_gmt":"2022-03-01T11:45:02","guid":{"rendered":"https:\/\/thrillsyndicate.com\/shop\/saferoller-monoclamp-rettungsleinenhalterung\/"},"modified":"2025-06-01T16:45:30","modified_gmt":"2025-06-01T14:45:30","slug":"saferoller-mono-clamp","status":"publish","type":"product","link":"https:\/\/thrillsyndicate.com\/de\/product\/saferoller-mono-clamp\/","title":{"rendered":"Saferoller Monoclamp | Halterung f\u00fcr die Rettungsleine"},"content":{"rendered":"<p>Die Saferoller Monoclamp kann \u00fcberall installiert werden. Erm\u00f6glicht die Befestigung an allen Strukturen. Ideal f\u00fcr Seilrutschen bis zu 120 m und kann auch \u00fcber Kopfh\u00f6he installiert werden.  <\/p>\n<ul>\n<li>Die Monoclamp-Halterung h\u00e4lt die Position der Sicherheitsleine in der Luft<\/li>\n<li>Die Monoclamp kann problemlos mit der Saferoller Seilrolle (PPE) verwendet werden.<\/li>\n<li>Erm\u00f6glicht schnellere L\u00e4ufe und schnelle End-to-End-Rollen<\/li>\n<li>Erm\u00f6glicht das einfache Rollen der Saferoller Seilrolle (PPE) und verk\u00fcrzt die Wartezeiten und erh\u00f6ht den Durchsatz<\/li>\n<li>Einfache Installation: Einfach das Drahtseil einlegen und die 3 Spanner festziehen<\/li>\n<li>Die Saferoller Monoclamp ist auch in <a href=\"https:\/\/thrillsyndicate.com\/de\/product\/saferoller-long-zipline-klemme\/\">doppelter L\u00e4nge f\u00fcr Rei\u00dfleinen jeder L\u00e4nge<\/a> erh\u00e4ltlich <a href=\"https:\/\/thrillsyndicate.com\/de\/product\/saferoller-long-zipline-klemme\/\">.<\/a><\/li>\n<\/ul>\n<h2>Spezifikationen<\/h2>\n<ul>\n<li>F\u00fcr Sicherheitsleine \u00d8 12 &#8211; 12,7MM (1\/2 Zoll)<\/li>\n<li>Arbeitslast vor Schlupf: 20 kN<\/li>\n<li>Normen EN 795 C, EN 15567 &amp; ACCT (USA)<\/li>\n<li>Inklusive Klemmschutz aus Gummi<\/li>\n<\/ul>\n","protected":false},"excerpt":{"rendered":"<p>Saferoller Mono-Klemme f\u00fcr Elemente \/ Seilbahnen bis zu 100 Meter. Selbstpositionierung und keine Vormontage, kein Crimpen und keine Spezialwerkzeuge erforderlich.<\/p>\n","protected":false},"featured_media":3024,"template":"","meta":{"_coblocks_attr":"","_coblocks_dimensions":"","_coblocks_responsive_height":"","_coblocks_accordion_ie_support":"","wds_primary_product_brand":0,"wds_primary_product_cat":0},"product_brand":[90],"product_cat":[49],"product_tag":[427,532,534,425],"class_list":{"0":"post-5823","1":"product","2":"type-product","3":"status-publish","4":"has-post-thumbnail","6":"product_brand-saferoller-continuous-belay","7":"product_cat-saferoller-continuous-belay-system","8":"product_tag-hochseilgarten","9":"product_tag-kontinuierliche-sicherung","10":"product_tag-lifeline-montage","11":"product_tag-sicherungssysteme","13":"first","14":"instock","15":"taxable","16":"shipping-taxable","17":"purchasable","18":"product-type-simple"},"_links":{"self":[{"href":"https:\/\/thrillsyndicate.com\/de\/wp-json\/wp\/v2\/product\/5823","targetHints":{"allow":["GET"]}}],"collection":[{"href":"https:\/\/thrillsyndicate.com\/de\/wp-json\/wp\/v2\/product"}],"about":[{"href":"https:\/\/thrillsyndicate.com\/de\/wp-json\/wp\/v2\/types\/product"}],"wp:featuredmedia":[{"embeddable":true,"href":"https:\/\/thrillsyndicate.com\/de\/wp-json\/wp\/v2\/media\/3024"}],"wp:attachment":[{"href":"https:\/\/thrillsyndicate.com\/de\/wp-json\/wp\/v2\/media?parent=5823"}],"wp:term":[{"taxonomy":"product_brand","embeddable":true,"href":"https:\/\/thrillsyndicate.com\/de\/wp-json\/wp\/v2\/product_brand?post=5823"},{"taxonomy":"product_cat","embeddable":true,"href":"https:\/\/thrillsyndicate.com\/de\/wp-json\/wp\/v2\/product_cat?post=5823"},{"taxonomy":"product_tag","embeddable":true,"href":"https:\/\/thrillsyndicate.com\/de\/wp-json\/wp\/v2\/product_tag?post=5823"}],"curies":[{"name":"wp","href":"https:\/\/api.w.org\/{rel}","templated":true}]}}