{"id":5824,"date":"2022-03-01T13:00:29","date_gmt":"2022-03-01T12:00:29","guid":{"rendered":"https:\/\/thrillsyndicate.com\/shop\/saferoller-lifeline-halterung-mastmontage\/"},"modified":"2025-06-01T15:23:22","modified_gmt":"2025-06-01T13:23:22","slug":"saferoller-pole-clamp","status":"publish","type":"product","link":"https:\/\/thrillsyndicate.com\/de\/product\/saferoller-pole-clamp\/","title":{"rendered":"Saferoller Lifeline Halterung | Mastbefestigung"},"content":{"rendered":"<p>Die neu gestaltete Kabelhalterung (Mastenmontage) verankert das Rettungsseil an W\u00e4nden\/Masten und erm\u00f6glicht es dem Trolley, immer perfekt zu rollen, auch in noch sch\u00e4rferen Kurven. Hervorzuheben sind die speziellen Federn, die das Kabel im straffen Zustand vor Besch\u00e4digungen bewahren. Das Sicherungsseil kann jederzeit auf seiner gesamten L\u00e4nge kontrolliert sowie bei Wartungsarbeiten leicht verschoben werden, was eine verl\u00e4ngerte Lebensdauer erm\u00f6glicht. Diese Sicherheitsvorrichtung ist jetzt noch einfacher an B\u00e4umen oder Pfosten zu befestigen (\u00fcber ein Nylonband, eine Stahl- oder Gewindestange), da die Verankerungselemente besser zug\u00e4nglich sind.  <\/p>\n<ul>\n<li>Die Mastklemme kann problemlos mit der Saferoller Seilrolle (PPE) verwendet werden.<\/li>\n<li>Erm\u00f6glicht schnellere L\u00e4ufe und schnelle End-to-End-Rollen<\/li>\n<li>Die Stangenklemme h\u00e4lt die Sicherheitsleine in der Luft<\/li>\n<li>Einfache Installation: Einfach das Sicherheitsdrahtseil einlegen und die 3 Spanner festziehen<\/li>\n<\/ul>\n<p>  Das im Lieferumfang enthaltene Handbuch enth\u00e4lt alle notwendigen Informationen f\u00fcr die Installation und Anwendung der Saferoller Pfahlklemme. F\u00fcr Sicherheitsleine \u00d8 12 &#8211; 12,7MM (1\/2 Zoll)<\/p>\n","protected":false},"excerpt":{"rendered":"<p>Die Saferoller Pfahlklemme ist f\u00fcr die Montage an Pf\u00e4hlen, Felsen oder Mauern vorgesehen. Wird haupts\u00e4chlich f\u00fcr geradlinige Pfostenspuren, Redundanzen oder am Anfang und Ende einer Spur auf Bodenh\u00f6he verwendet.<\/p>\n","protected":false},"featured_media":2991,"template":"","meta":{"_coblocks_attr":"","_coblocks_dimensions":"","_coblocks_responsive_height":"","_coblocks_accordion_ie_support":"","wds_primary_product_brand":0,"wds_primary_product_cat":0},"product_brand":[90],"product_cat":[49],"product_tag":[55,54,178,8],"class_list":{"0":"post-5824","1":"product","2":"type-product","3":"status-publish","4":"has-post-thumbnail","6":"product_brand-saferoller-continuous-belay","7":"product_cat-saferoller-continuous-belay-system","8":"product_tag-ropes-course","9":"product_tag-continuous-belay","10":"product_tag-lifeline-mounting","11":"product_tag-belay-systems","13":"first","14":"instock","15":"taxable","16":"shipping-taxable","17":"purchasable","18":"product-type-simple"},"_links":{"self":[{"href":"https:\/\/thrillsyndicate.com\/de\/wp-json\/wp\/v2\/product\/5824","targetHints":{"allow":["GET"]}}],"collection":[{"href":"https:\/\/thrillsyndicate.com\/de\/wp-json\/wp\/v2\/product"}],"about":[{"href":"https:\/\/thrillsyndicate.com\/de\/wp-json\/wp\/v2\/types\/product"}],"wp:featuredmedia":[{"embeddable":true,"href":"https:\/\/thrillsyndicate.com\/de\/wp-json\/wp\/v2\/media\/2991"}],"wp:attachment":[{"href":"https:\/\/thrillsyndicate.com\/de\/wp-json\/wp\/v2\/media?parent=5824"}],"wp:term":[{"taxonomy":"product_brand","embeddable":true,"href":"https:\/\/thrillsyndicate.com\/de\/wp-json\/wp\/v2\/product_brand?post=5824"},{"taxonomy":"product_cat","embeddable":true,"href":"https:\/\/thrillsyndicate.com\/de\/wp-json\/wp\/v2\/product_cat?post=5824"},{"taxonomy":"product_tag","embeddable":true,"href":"https:\/\/thrillsyndicate.com\/de\/wp-json\/wp\/v2\/product_tag?post=5824"}],"curies":[{"name":"wp","href":"https:\/\/api.w.org\/{rel}","templated":true}]}}