{"id":5848,"date":"2022-03-04T14:52:18","date_gmt":"2022-03-04T13:52:18","guid":{"rendered":"https:\/\/thrillsyndicate.com\/shop\/edelrid-ultraleichter-helm\/"},"modified":"2025-07-17T18:07:21","modified_gmt":"2025-07-17T16:07:21","slug":"edelrid-ultralight-helm","status":"publish","type":"product","link":"https:\/\/thrillsyndicate.com\/de\/product\/edelrid-ultralight-helm\/","title":{"rendered":"Edelrid Ultralight Helm"},"content":{"rendered":"<p>Unser beliebter Klassiker wurde jetzt aktualisiert. Der neue ULTRALIGHT hat ein modernes Design, verbesserte Bel\u00fcftung und einen neuen austauschbaren und waschbaren Kopf- und Kinnriemen. Die \u00e4u\u00dferst robuste Bauweise wurde beibehalten. Der ultimative Helm f\u00fcr kommerzielle Einrichtungen wie Kletterschulen und Abenteuerparks.<\/p>\n<p>Erh\u00e4ltlich in verschiedenen Farben, <strong>verkauft pro 5 St\u00fcck<\/strong><\/p>\n<div id=\"prod-produktinfos\">\n<h2 class=\"prodheadline\">PRODUKTINFORMATION<\/h2>\n<ul>\n<li>\u00c4u\u00dferst robuste und schlagfeste Schale aus Polypropylen<\/li>\n<li>Voll einstellbarer, austauschbarer und waschbarer Kopf- und Kinnriemen f\u00fcr optimale Passform<\/li>\n<li>Diverse Bel\u00fcftungs\u00f6ffnungen f\u00fcr kontinuierlichen Luftaustausch<\/li>\n<li>M\u00f6glichkeit zur Befestigung einer Stirnlampe<\/li>\n<li>Einheitsgr\u00f6\u00dfe: passend f\u00fcr einen Kopfumfang von 54\u201360 cm<\/li>\n<li>Bequem gepolstertes Tragesystem mit antibakteriellem Gurtband<\/li>\n<\/ul>\n<\/div>\n<div id=\"prod-details\">\n<h2 class=\"prodheadline\">TECHNISCHE INFORMATION<\/h2>\n<ul>\n<li>UIAA: Ja<\/li>\n<li>Gewicht: <span id=\"varianten_gewicht\">410<\/span> gr<\/li>\n<\/ul>\n<h3 class=\"western\">\ud83d\udc49 Sie suchen einen bestimmten Edelrid-Artikel, der nicht im Shop gelistet ist? Wir vertreiben das komplette Portfolio f\u00fcr Abenteuer, Sport und Sicherheit. Bitte <strong><a href=\"https:\/\/thrillsyndicate.com\/de\/kontakt\/\">senden Sie<\/a><\/strong> uns eine E-Mail oder sehen Sie sich die vollst\u00e4ndige <strong><a href=\"https:\/\/thrillsyndicate.com\/edelrid-safety-price-list-2025\/\">Sicherheitspreisliste hier<\/a><\/strong>. \ud83d\udc48<\/h3>\n<\/div>\n","protected":false},"excerpt":{"rendered":"<p>Edelrid Ultralight III Kletterhelm. \u00c4u\u00dferst robuste und schlagfeste Schale aus Polypropylen \u00b7 Voll einstellbarer, austauschbarer und waschbarer Kopf- und Kinnriemen f\u00fcr optimalen Sitz.<\/p>\n","protected":false},"featured_media":2688,"template":"","meta":{"_coblocks_attr":"","_coblocks_dimensions":"","_coblocks_responsive_height":"","_coblocks_accordion_ie_support":"","wds_primary_product_brand":0,"wds_primary_product_cat":0},"product_brand":[62],"product_cat":[61,841],"product_tag":[926,567,427,568],"class_list":{"0":"post-5848","1":"product","2":"type-product","3":"status-publish","4":"has-post-thumbnail","6":"product_brand-edelrid","7":"product_cat-ropes-course-helmets","8":"product_cat-helmets","9":"product_tag-hardshell-helme","10":"product_tag-helme","11":"product_tag-hochseilgarten","12":"product_tag-psa","14":"first","15":"instock","16":"taxable","17":"shipping-taxable","18":"purchasable","19":"product-type-variable","20":"has-default-attributes"},"_links":{"self":[{"href":"https:\/\/thrillsyndicate.com\/de\/wp-json\/wp\/v2\/product\/5848","targetHints":{"allow":["GET"]}}],"collection":[{"href":"https:\/\/thrillsyndicate.com\/de\/wp-json\/wp\/v2\/product"}],"about":[{"href":"https:\/\/thrillsyndicate.com\/de\/wp-json\/wp\/v2\/types\/product"}],"wp:featuredmedia":[{"embeddable":true,"href":"https:\/\/thrillsyndicate.com\/de\/wp-json\/wp\/v2\/media\/2688"}],"wp:attachment":[{"href":"https:\/\/thrillsyndicate.com\/de\/wp-json\/wp\/v2\/media?parent=5848"}],"wp:term":[{"taxonomy":"product_brand","embeddable":true,"href":"https:\/\/thrillsyndicate.com\/de\/wp-json\/wp\/v2\/product_brand?post=5848"},{"taxonomy":"product_cat","embeddable":true,"href":"https:\/\/thrillsyndicate.com\/de\/wp-json\/wp\/v2\/product_cat?post=5848"},{"taxonomy":"product_tag","embeddable":true,"href":"https:\/\/thrillsyndicate.com\/de\/wp-json\/wp\/v2\/product_tag?post=5848"}],"curies":[{"name":"wp","href":"https:\/\/api.w.org\/{rel}","templated":true}]}}